{"id":36517,"date":"2024-02-19T02:06:41","date_gmt":"2024-02-19T00:06:41","guid":{"rendered":"https:\/\/projekat-mix-trade.dugl.ba\/?page_id=36517"},"modified":"2024-02-19T02:19:33","modified_gmt":"2024-02-19T00:19:33","slug":"rollo-und-sektionaltore","status":"publish","type":"page","link":"https:\/\/mixtrade.ba\/de\/rollo-und-sektionaltore\/","title":{"rendered":"Rollo und Sektionaltore"},"content":{"rendered":"<p>[et_pb_section fb_built=&#8220;1&#8243; admin_label=&#8220;Feature&#8220; _builder_version=&#8220;4.24.0&#8243; background_enable_image=&#8220;off&#8220; global_colors_info=&#8220;{}&#8220;][et_pb_row _builder_version=&#8220;4.24.0&#8243; background_color=&#8220;#FFFFFF&#8220; background_size=&#8220;initial&#8220; background_position=&#8220;bottom_right&#8220; max_width=&#8220;1440px&#8220; custom_padding=&#8220;0px|0px|0|0px|false|false&#8220; border_radii=&#8220;on|7px|7px|7px|7px&#8220; locked=&#8220;off&#8220; global_colors_info=&#8220;{}&#8220;][et_pb_column type=&#8220;4_4&#8243; _builder_version=&#8220;4.24.0&#8243; background_enable_image=&#8220;off&#8220; global_colors_info=&#8220;{}&#8220; custom_padding__hover=&#8220;|||&#8220;][et_pb_text _builder_version=&#8220;4.24.0&#8243; text_font=&#8220;||||||||&#8220; text_text_color=&#8220;#000000&#8243; text_line_height=&#8220;2em&#8220; header_text_align=&#8220;center&#8220; header_text_color=&#8220;#000000&#8243; header_2_font=&#8220;|700|||||||&#8220; header_2_text_align=&#8220;center&#8220; header_2_text_color=&#8220;#000000&#8243; header_2_line_height=&#8220;1.2em&#8220; background_layout=&#8220;dark&#8220; max_width=&#8220;100%&#8220; custom_margin=&#8220;|||&#8220; custom_padding=&#8220;15px||||false|&#8220; hover_enabled=&#8220;0&#8243; header_2_font_size_tablet=&#8220;42px&#8220; header_2_font_size_phone=&#8220;32px&#8220; header_2_font_size_last_edited=&#8220;on|desktop&#8220; locked=&#8220;off&#8220; global_colors_info=&#8220;{}&#8220; sticky_enabled=&#8220;0&#8243;]<\/p>\n<h1>Rollo und Sektionaltore<\/h1>\n<p><span>Die H\u00f6he und Breite der \u00d6ffnung, die mit dem Garagentor verschlossen werden soll, werden beeinflussen, welche T\u00fcr die vorteilhaftere Wahl f\u00fcr Ihre Garage ist. Sektionaltore haben eine gr\u00f6\u00dfere maximale Breite als Rolltore. Rollo-Tore funktionieren nach dem Prinzip von Rolll\u00e4den und werden je nach Installation vor oder innerhalb der Garage in eine Box aufgerollt. F\u00fcr Rolltore ist eine gr\u00f6\u00dfere H\u00f6he erforderlich, um Platz f\u00fcr die Box zu schaffen, in die der Rollladen gewickelt wird, w\u00e4hrend bei Sektionaltoren diese H\u00f6he auch geringer sein kann. Bei Sektionaltoren ist die Decke besetzt, daher sollten Fenster geplant werden, um ge\u00f6ffnet zu werden, oder Deckenbeleuchtung entsprechend ber\u00fccksichtigt werden. Die anderen Unterschiede, dh Vor- und Nachteile der jeweiligen T\u00fcren, sind im Vergleich zur anderen T\u00fcrart oft nicht so ausgepr\u00e4gt, daher h\u00e4ngt die Wahlm\u00f6glichkeit oft davon ab, wie hoch sie ist und ob die T\u00fcren beim \u00d6ffnen zu viel Platz einnehmen. Die Preise f\u00fcr beide Arten von T\u00fcren sind nuanciert, dh die Unterschiede sind nicht sehr offensichtlich, aber der Preis h\u00e4ngt haupts\u00e4chlich vom Motor ab. Ebenfalls wird der Preis durch die Art der Paneele beeinflusst, dh ob die T\u00fcrpaneele w\u00e4rmeisoliert sind oder nicht. Dennoch k\u00f6nnen Garagentore als langfristige Investition betrachtet werden, die sich im Laufe der Zeit auszahlt, daher sollte beim Auswahlprozess weder am Motor noch an anderen Komponenten gespart werden, die Ihr Fahrzeug sch\u00fctzen werden.<\/span><\/p>\n<p>[\/et_pb_text][\/et_pb_column][\/et_pb_row][\/et_pb_section][et_pb_section fb_built=&#8220;1&#8243; admin_label=&#8220;Feature&#8220; _builder_version=&#8220;4.24.0&#8243; background_enable_image=&#8220;off&#8220; custom_padding=&#8220;11px|||||&#8220; global_colors_info=&#8220;{}&#8220;][et_pb_row _builder_version=&#8220;4.24.0&#8243; _module_preset=&#8220;default&#8220; max_width=&#8220;1440px&#8220; global_colors_info=&#8220;{}&#8220;][et_pb_column type=&#8220;4_4&#8243; _builder_version=&#8220;4.24.0&#8243; _module_preset=&#8220;default&#8220; global_colors_info=&#8220;{}&#8220;][et_pb_text _builder_version=&#8220;4.24.0&#8243; text_font=&#8220;||||||||&#8220; text_line_height=&#8220;2em&#8220; header_text_align=&#8220;center&#8220; header_text_color=&#8220;#000000&#8243; header_2_text_color=&#8220;#000000&#8243; header_2_font_size=&#8220;25px&#8220; header_2_line_height=&#8220;1.2em&#8220; background_layout=&#8220;dark&#8220; max_width=&#8220;100%&#8220; custom_margin=&#8220;|||&#8220; custom_padding=&#8220;15px||||false|&#8220; header_2_font_size_tablet=&#8220;25px&#8220; header_2_font_size_phone=&#8220;25px&#8220; header_2_font_size_last_edited=&#8220;on|phone&#8220; locked=&#8220;off&#8220; global_colors_info=&#8220;{}&#8220;]<\/p>\n<h2 style=\"text-align: center;\">Fotografien von Rolltoren, Sektionaltoren und Garagentoren<\/h2>\n<p>[\/et_pb_text][et_pb_gallery gallery_ids=&#8220;36428,36430,36432,36434,36436,36438,36440,36442&#8243; posts_number=&#8220;24&#8243; show_title_and_caption=&#8220;off&#8220; show_pagination=&#8220;off&#8220; _builder_version=&#8220;4.24.0&#8243; _module_preset=&#8220;default&#8220; global_colors_info=&#8220;{}&#8220;][\/et_pb_gallery][\/et_pb_column][\/et_pb_row][\/et_pb_section]<\/p>\n","protected":false},"excerpt":{"rendered":"<p>Rollo und Sektionaltore Die H\u00f6he und Breite der \u00d6ffnung, die mit dem Garagentor verschlossen werden soll, werden beeinflussen, welche T\u00fcr die vorteilhaftere Wahl f\u00fcr Ihre Garage ist. Sektionaltore haben eine gr\u00f6\u00dfere maximale Breite als Rolltore. Rollo-Tore funktionieren nach dem Prinzip von Rolll\u00e4den und werden je nach Installation vor oder innerhalb der Garage in eine Box [&hellip;]<\/p>\n","protected":false},"author":6,"featured_media":0,"parent":0,"menu_order":0,"comment_status":"closed","ping_status":"closed","template":"","meta":{"_et_pb_use_builder":"on","_et_pb_old_content":"","_et_gb_content_width":"","footnotes":""},"class_list":["post-36517","page","type-page","status-publish","hentry"],"_links":{"self":[{"href":"https:\/\/mixtrade.ba\/de\/wp-json\/wp\/v2\/pages\/36517","targetHints":{"allow":["GET"]}}],"collection":[{"href":"https:\/\/mixtrade.ba\/de\/wp-json\/wp\/v2\/pages"}],"about":[{"href":"https:\/\/mixtrade.ba\/de\/wp-json\/wp\/v2\/types\/page"}],"author":[{"embeddable":true,"href":"https:\/\/mixtrade.ba\/de\/wp-json\/wp\/v2\/users\/6"}],"replies":[{"embeddable":true,"href":"https:\/\/mixtrade.ba\/de\/wp-json\/wp\/v2\/comments?post=36517"}],"version-history":[{"count":5,"href":"https:\/\/mixtrade.ba\/de\/wp-json\/wp\/v2\/pages\/36517\/revisions"}],"predecessor-version":[{"id":36527,"href":"https:\/\/mixtrade.ba\/de\/wp-json\/wp\/v2\/pages\/36517\/revisions\/36527"}],"wp:attachment":[{"href":"https:\/\/mixtrade.ba\/de\/wp-json\/wp\/v2\/media?parent=36517"}],"curies":[{"name":"wp","href":"https:\/\/api.w.org\/{rel}","templated":true}]}}