{"id":36145,"date":"2024-02-12T10:17:55","date_gmt":"2024-02-12T08:17:55","guid":{"rendered":"https:\/\/projekat-mix-trade.dugl.ba\/koemmerling-premislide-76\/"},"modified":"2024-02-14T00:21:18","modified_gmt":"2024-02-13T22:21:18","slug":"koemmerling-premislide-76","status":"publish","type":"page","link":"https:\/\/mixtrade.ba\/de\/koemmerling-premislide-76\/","title":{"rendered":"K\u00f6mmerling PremiSlide 76"},"content":{"rendered":"<p>[et_pb_section fb_built=&#8220;1&#8243; admin_label=&#8220;Feature&#8220; _builder_version=&#8220;4.24.0&#8243; background_enable_image=&#8220;off&#8220; global_colors_info=&#8220;{}&#8220;][et_pb_row _builder_version=&#8220;4.24.0&#8243; background_color=&#8220;#FFFFFF&#8220; background_size=&#8220;initial&#8220; background_position=&#8220;bottom_right&#8220; max_width=&#8220;1440px&#8220; custom_padding=&#8220;0px|0px|0|0px|false|false&#8220; border_radii=&#8220;on|7px|7px|7px|7px&#8220; locked=&#8220;off&#8220; global_colors_info=&#8220;{}&#8220;][et_pb_column type=&#8220;4_4&#8243; _builder_version=&#8220;4.24.0&#8243; background_enable_image=&#8220;off&#8220; global_colors_info=&#8220;{}&#8220; custom_padding__hover=&#8220;|||&#8220;][et_pb_text _builder_version=&#8220;4.24.0&#8243; text_font=&#8220;||||||||&#8220; text_line_height=&#8220;2em&#8220; header_text_align=&#8220;center&#8220; header_text_color=&#8220;#000000&#8243; header_2_font=&#8220;Cormorant Garamond|700|||||||&#8220; header_2_font_size=&#8220;52px&#8220; header_2_line_height=&#8220;1.2em&#8220; background_layout=&#8220;dark&#8220; max_width=&#8220;100%&#8220; custom_margin=&#8220;|||&#8220; custom_padding=&#8220;15px||||false|&#8220; hover_enabled=&#8220;0&#8243; header_2_font_size_tablet=&#8220;42px&#8220; header_2_font_size_phone=&#8220;32px&#8220; header_2_font_size_last_edited=&#8220;on|desktop&#8220; locked=&#8220;off&#8220; global_colors_info=&#8220;{}&#8220; sticky_enabled=&#8220;0&#8243;]<\/p>\n<h1>K\u00f6mmerling PremiSlide 76 &#8211; Mehr Designvielfalt f\u00fcr Ihr Zuhause<\/h1>\n<p>[\/et_pb_text][\/et_pb_column][\/et_pb_row][et_pb_row column_structure=&#8220;2_5,3_5&#8243; _builder_version=&#8220;4.24.0&#8243; _module_preset=&#8220;default&#8220; max_width=&#8220;1440px&#8220; border_radii=&#8220;on|6px|6px|6px|6px&#8220; global_colors_info=&#8220;{}&#8220;][et_pb_column type=&#8220;2_5&#8243; _builder_version=&#8220;4.24.0&#8243; _module_preset=&#8220;default&#8220; border_radii=&#8220;on|7px|7px|7px|7px&#8220; global_colors_info=&#8220;{}&#8220;][ba_image_carousel slide_count=&#8220;1&#8243; css_transition=&#8220;ease-in&#8220; _builder_version=&#8220;4.24.0&#8243; _module_preset=&#8220;default&#8220; hover_enabled=&#8220;0&#8243; global_colors_info=&#8220;{}&#8220; sticky_enabled=&#8220;0&#8243;][ba_image_carousel_child photo=&#8220;https:\/\/mixtrade.ba\/wp-content\/uploads\/2024\/02\/Kommerling-PremiSlide-76-Zlatni-hrast.jpg&#8220; _builder_version=&#8220;4.24.0&#8243; _module_preset=&#8220;default&#8220; title_text=&#8220;K\u00f6mmerling PremiSlide 76 Zlatni hrast&#8220; title=&#8220;K\u00f6mmerling PremiSlide 76 Goldene Eiche&#8220; hover_enabled=&#8220;0&#8243; sticky_enabled=&#8220;0&#8243;][\/ba_image_carousel_child][ba_image_carousel_child photo=&#8220;https:\/\/mixtrade.ba\/wp-content\/uploads\/2024\/02\/Kommerling-PremiSlide-76-Standard-Mittelpartie-Zlatni-hrast.jpg&#8220; _builder_version=&#8220;4.24.0&#8243; _module_preset=&#8220;default&#8220; title_text=&#8220;K\u00f6mmerling PremiSlide 76 Standard Mittelpartie Zlatni hrast&#8220; title=&#8220;K\u00f6mmerling PremiSlide 76 Standard-Mittelpartie Goldene Eiche&#8220; hover_enabled=&#8220;0&#8243; sticky_enabled=&#8220;0&#8243;][\/ba_image_carousel_child][ba_image_carousel_child photo=&#8220;https:\/\/mixtrade.ba\/wp-content\/uploads\/2024\/02\/Kommerling-PremiSlide-76-Standard-Mittelpartie-bijelo.jpg&#8220; _builder_version=&#8220;4.24.0&#8243; _module_preset=&#8220;default&#8220; title_text=&#8220;K\u00f6mmerling PremiSlide 76 Standard Mittelpartie bijelo&#8220; title=&#8220;K\u00f6mmerling PremiSlide 76 Standard-Mittelpartie Wei\u00df&#8220; hover_enabled=&#8220;0&#8243; sticky_enabled=&#8220;0&#8243;][\/ba_image_carousel_child][ba_image_carousel_child photo=&#8220;https:\/\/mixtrade.ba\/wp-content\/uploads\/2024\/02\/Kommerling-PremiSlide-76-Standard-Mittelpartie-antracit-siva.jpg&#8220; _builder_version=&#8220;4.24.0&#8243; _module_preset=&#8220;default&#8220; title_text=&#8220;K\u00f6mmerling PremiSlide 76 Standard Mittelpartie antracit siva&#8220; title=&#8220;K\u00f6mmerling PremiSlide 76 Standard-Mittelpartie Anthrazitgrau&#8220; hover_enabled=&#8220;0&#8243; sticky_enabled=&#8220;0&#8243;][\/ba_image_carousel_child][ba_image_carousel_child photo=&#8220;https:\/\/mixtrade.ba\/wp-content\/uploads\/2024\/02\/Kommerling-PremiSlide-76-Standard-bijelo.jpg&#8220; _builder_version=&#8220;4.24.0&#8243; _module_preset=&#8220;default&#8220; title_text=&#8220;K\u00f6mmerling PremiSlide 76 Standard bijelo&#8220; title=&#8220;K\u00f6mmerling PremiSlide 76 Standard Wei\u00df&#8220; hover_enabled=&#8220;0&#8243; sticky_enabled=&#8220;0&#8243;][\/ba_image_carousel_child][ba_image_carousel_child photo=&#8220;https:\/\/mixtrade.ba\/wp-content\/uploads\/2024\/02\/Kommerling-PremiSlide-76-antracit.jpg&#8220; _builder_version=&#8220;4.24.0&#8243; _module_preset=&#8220;default&#8220; title_text=&#8220;K\u00f6mmerling PremiSlide 76 antracit&#8220; title=&#8220;K\u00f6mmerling PremiSlide 76 Anthrazit&#8220; hover_enabled=&#8220;0&#8243; sticky_enabled=&#8220;0&#8243;][\/ba_image_carousel_child][\/ba_image_carousel][\/et_pb_column][et_pb_column type=&#8220;3_5&#8243; _builder_version=&#8220;4.24.0&#8243; _module_preset=&#8220;default&#8220; global_colors_info=&#8220;{}&#8220;][et_pb_text _builder_version=&#8220;4.24.0&#8243; _module_preset=&#8220;default&#8220; hover_enabled=&#8220;0&#8243; global_colors_info=&#8220;{}&#8220; sticky_enabled=&#8220;0&#8243;]<\/p>\n<p>K\u00f6mmerling PremiSlide 76 bietet mehr Gestaltungsfreiheit &#8211; insbesondere bei der Verwendung als Fenstersystem, wo die Schiebefunktion eine interessante Alternative zum Dreh-Kipp-System darstellt. Denn wenn das Fl\u00fcgelprofil in seiner Position verbleibt, anstatt sich nach innen zu \u00f6ffnen, und dennoch undurchl\u00e4ssig und sicher ist, bleiben viele M\u00f6glichkeiten f\u00fcr moderne Gestaltungskonzepte und individuellen Komfort im Raum erhalten. Der Schiebesystem bietet auch v\u00f6llig neue M\u00f6glichkeiten in Bezug auf die Herstellung von Schiebefenstern und -t\u00fcren sowie Nebeneingangst\u00fcren.<\/p>\n<p>PremiSlide 76 bietet technisch herausragende Eigenschaften wie zum Beispiel: die Tiefe von 76 mm, die f\u00fcnfkammerige Konstruktion der PVC-Profile, das gesamte Dichtungssystem und die M\u00f6glichkeit zur Verwendung von Dreifachverglasung oder modernsten Spezialgl\u00e4sern mit einer Dicke von bis zu 50 mm. Wenn es um die W\u00e4rmed\u00e4mmung geht, beeindruckt der PremiSlide 76 zus\u00e4tzlich. Mit einem Standard-U<sub>f-<\/sub>Wert von bis zu 1,4 W\/(m\u00b2K) und einem Uw-Wert von bis zu 0,70 W\/(m\u00b2K) erreicht das Schiebesystem den besten Energieeffizienzwert in seiner Produktklasse. Schmale Profile schaffen Raum f\u00fcr eine maximale Lichtdurchl\u00e4ssigkeit und tragen so zur Gewinnung von Sonnenenergie bei. Auf diese Weise werden die Heizkosten weiter reduziert.<\/p>\n<p>Beim Bedienen der Schiebefl\u00fcgel nehmen die Rollwagen durch seitliche Bewegungen eine flache Position ein und sorgen f\u00fcr eine optimale Gleitbewegung. Au\u00dferdem erm\u00f6glicht K\u00f6mmerling PremiSlide 76 eine effiziente Bel\u00fcftung, wobei die Schiebefl\u00fcgel dennoch gesichert sind. Neben der klassischen wei\u00dfen Farbe wird das System in Dekorfolien angeboten &#8211; von Holzdekoren \u00fcber Uni-Farben bis hin zu Metallic-Farben &#8211; au\u00dfen foliert und innen wei\u00df oder beidseitig foliert.<\/p>\n<p>Unser Grundsatz der Nachhaltigkeit: Energieeffiziente Fenstersysteme, bleifreie Stabilisatoren im Grundmaterial und intelligente Recyclingkonzepte gew\u00e4hrleisten Nachhaltigkeit.<\/p>\n<p>[\/et_pb_text][\/et_pb_column][\/et_pb_row][\/et_pb_section]<\/p>\n","protected":false},"excerpt":{"rendered":"<p>K\u00f6mmerling PremiSlide 76 &#8211; Mehr Designvielfalt f\u00fcr Ihr Zuhause<div class=\"et_pb_module ba_image_carousel ba_image_carousel_0\">\n\t\t\t\t\n\t\t\t\t\n\t\t\t\t\n\t\t\t\t\n\t\t\t\t\n\t\t\t\t\n\t\t\t\t<div class=\"et_pb_module_inner\">\n\t\t\t\t\t<div class=\"dtq-carousel dtq-image-carousel dtq-carousel-frontend dtq-lightbox-off\" data-settings=\"{&quot;responsive&quot;:[{&quot;breakpoint&quot;:980},{&quot;breakpoint&quot;:767}],&quot;cssEase&quot;:&quot;ease-in&quot;,&quot;swipe&quot;:true,&quot;variableWidth&quot;:false,&quot;dots&quot;:false,&quot;arrows&quot;:true,&quot;infinite&quot;:true,&quot;autoplay&quot;:true,&quot;autoplaySpeed&quot;:2000,&quot;speed&quot;:700,&quot;slidesToShow&quot;:1,&quot;slidesToScroll&quot;:1,&quot;centerPadding&quot;:&quot;70px&quot;,&quot;centerMode&quot;:false,&quot;vertical&quot;:false,&quot;prevArrow&quot;:&quot;&lt;button type=\\&quot;button\\&quot; data-icon=\\&quot;&amp;#x34;\\&quot; class=\\&quot;slick-arrow slick-prev\\&quot;&gt;Prev&lt;\\\/button&gt;&quot;,&quot;nextArrow&quot;:&quot;&lt;button type=\\&quot;button\\&quot; data-icon=\\&quot;&amp;#x35;\\&quot; class=\\&quot;slick-arrow slick-next\\&quot;&gt;Prev&lt;\\\/button&gt;&quot;}\" >\n                    \n                <\/div>\n\t\t\t\t<\/div>\n\t\t\t<\/div><div class=\"ba_image_carousel_child ba_image_carousel_child_0 ba_et_pb_module\">\n\t\t\t\t\n\t\t\t\t\n\t\t\t\t\n\t\t\t\t\n\t\t\t\t\n\t\t\t\t\n\t\t\t\t<div class=\"et_pb_module_inner\">\n\t\t\t\t\t<div class=\"dtq-carousel-item dtq-image-carousel-item dtq-swapped-img-selector dtq-hover--none\">\n                 <figure class=\"dtq-figure\">\n                    \n                    <img decoding=\"async\" class=\"dtq-swapped-img \" data-mfp-src=\"https:\/\/mixtrade.ba\/wp-content\/uploads\/2024\/02\/Kommerling-PremiSlide-76-Zlatni-hrast.jpg\" src=\"https:\/\/mixtrade.ba\/wp-content\/uploads\/2024\/02\/Kommerling-PremiSlide-76-Zlatni-hrast.jpg\"  alt=\"\"\/>\n                <\/figure> <div class=\"content content--left content--normal\"><div class=\"content-inner\"> <h3 class=\"dtq-image-title\">K\u00f6mmerling PremiSlide 76 Goldene Eiche<\/h3>  <\/div><\/div>\n\t\t\t<\/div>\n\t\t\t\t<\/div>\n\t\t\t<\/div><div class=\"ba_image_carousel_child ba_image_carousel_child_1 ba_et_pb_module\">\n\t\t\t\t\n\t\t\t\t\n\t\t\t\t\n\t\t\t\t\n\t\t\t\t\n\t\t\t\t\n\t\t\t\t<div class=\"et_pb_module_inner\">\n\t\t\t\t\t<div class=\"dtq-carousel-item dtq-image-carousel-item dtq-swapped-img-selector dtq-hover--none\">\n                 <figure class=\"dtq-figure\">\n                    \n                    <img decoding=\"async\" class=\"dtq-swapped-img \" data-mfp-src=\"https:\/\/mixtrade.ba\/wp-content\/uploads\/2024\/02\/Kommerling-PremiSlide-76-Standard-Mittelpartie-Zlatni-hrast.jpg\" src=\"https:\/\/mixtrade.ba\/wp-content\/uploads\/2024\/02\/Kommerling-PremiSlide-76-Standard-Mittelpartie-Zlatni-hrast.jpg\"  alt=\"\"\/>\n                <\/figure> <div class=\"content content--left content--normal\"><div class=\"content-inner\"> <h3 class=\"dtq-image-title\">K\u00f6mmerling PremiSlide 76 Standard-Mittelpartie Goldene Eiche<\/h3>  <\/div><\/div>\n\t\t\t<\/div>\n\t\t\t\t<\/div>\n\t\t\t<\/div><div class=\"ba_image_carousel_child ba_image_carousel_child_2 ba_et_pb_module\">\n\t\t\t\t\n\t\t\t\t\n\t\t\t\t\n\t\t\t\t\n\t\t\t\t\n\t\t\t\t\n\t\t\t\t<div class=\"et_pb_module_inner\">\n\t\t\t\t\t<div class=\"dtq-carousel-item dtq-image-carousel-item dtq-swapped-img-selector dtq-hover--none\">\n                 <figure class=\"dtq-figure\">\n                    \n                    <img decoding=\"async\" class=\"dtq-swapped-img \" data-mfp-src=\"\" src=\"\"  alt=\"\"\/>\n                <\/figure> \n\t\t\t<\/div>\n\t\t\t\t<\/div>\n\t\t\t<\/div><\/p>\n","protected":false},"author":6,"featured_media":0,"parent":0,"menu_order":0,"comment_status":"closed","ping_status":"closed","template":"","meta":{"_et_pb_use_builder":"on","_et_pb_old_content":"","_et_gb_content_width":"","footnotes":""},"class_list":["post-36145","page","type-page","status-publish","hentry"],"_links":{"self":[{"href":"https:\/\/mixtrade.ba\/de\/wp-json\/wp\/v2\/pages\/36145","targetHints":{"allow":["GET"]}}],"collection":[{"href":"https:\/\/mixtrade.ba\/de\/wp-json\/wp\/v2\/pages"}],"about":[{"href":"https:\/\/mixtrade.ba\/de\/wp-json\/wp\/v2\/types\/page"}],"author":[{"embeddable":true,"href":"https:\/\/mixtrade.ba\/de\/wp-json\/wp\/v2\/users\/6"}],"replies":[{"embeddable":true,"href":"https:\/\/mixtrade.ba\/de\/wp-json\/wp\/v2\/comments?post=36145"}],"version-history":[{"count":5,"href":"https:\/\/mixtrade.ba\/de\/wp-json\/wp\/v2\/pages\/36145\/revisions"}],"predecessor-version":[{"id":36150,"href":"https:\/\/mixtrade.ba\/de\/wp-json\/wp\/v2\/pages\/36145\/revisions\/36150"}],"wp:attachment":[{"href":"https:\/\/mixtrade.ba\/de\/wp-json\/wp\/v2\/media?parent=36145"}],"curies":[{"name":"wp","href":"https:\/\/api.w.org\/{rel}","templated":true}]}}