{"id":36130,"date":"2024-02-11T12:37:52","date_gmt":"2024-02-11T10:37:52","guid":{"rendered":"https:\/\/projekat-mix-trade.dugl.ba\/koemmerling-k-vision\/"},"modified":"2024-02-14T00:07:18","modified_gmt":"2024-02-13T22:07:18","slug":"koemmerling-k-vision","status":"publish","type":"page","link":"https:\/\/mixtrade.ba\/de\/koemmerling-k-vision\/","title":{"rendered":"K\u00f6mmerling K-VISION"},"content":{"rendered":"<p>[et_pb_section fb_built=&#8220;1&#8243; admin_label=&#8220;Feature&#8220; _builder_version=&#8220;4.24.0&#8243; background_enable_image=&#8220;off&#8220; global_colors_info=&#8220;{}&#8220;][et_pb_row _builder_version=&#8220;4.24.0&#8243; background_color=&#8220;#FFFFFF&#8220; background_size=&#8220;initial&#8220; background_position=&#8220;bottom_right&#8220; max_width=&#8220;1440px&#8220; custom_padding=&#8220;0px|0px|0|0px|false|false&#8220; border_radii=&#8220;on|7px|7px|7px|7px&#8220; locked=&#8220;off&#8220; global_colors_info=&#8220;{}&#8220;][et_pb_column type=&#8220;4_4&#8243; _builder_version=&#8220;4.24.0&#8243; background_enable_image=&#8220;off&#8220; global_colors_info=&#8220;{}&#8220; custom_padding__hover=&#8220;|||&#8220;][et_pb_text _builder_version=&#8220;4.24.0&#8243; text_font=&#8220;||||||||&#8220; text_line_height=&#8220;2em&#8220; header_text_align=&#8220;center&#8220; header_text_color=&#8220;#000000&#8243; header_2_font=&#8220;Cormorant Garamond|700|||||||&#8220; header_2_font_size=&#8220;52px&#8220; header_2_line_height=&#8220;1.2em&#8220; background_layout=&#8220;dark&#8220; max_width=&#8220;100%&#8220; custom_margin=&#8220;|||&#8220; custom_padding=&#8220;15px||||false|&#8220; hover_enabled=&#8220;0&#8243; header_2_font_size_tablet=&#8220;42px&#8220; header_2_font_size_phone=&#8220;32px&#8220; header_2_font_size_last_edited=&#8220;on|desktop&#8220; locked=&#8220;off&#8220; global_colors_info=&#8220;{}&#8220; sticky_enabled=&#8220;0&#8243;]<\/p>\n<h1>K\u00f6mmerling K-VISION<\/h1>\n<h2><\/h2>\n<p>[\/et_pb_text][\/et_pb_column][\/et_pb_row][et_pb_row _builder_version=&#8220;4.24.0&#8243; _module_preset=&#8220;default&#8220; max_width=&#8220;1440px&#8220; hover_enabled=&#8220;0&#8243; border_radii=&#8220;on|6px|6px|6px|6px&#8220; global_colors_info=&#8220;{}&#8220; sticky_enabled=&#8220;0&#8243;][et_pb_column type=&#8220;4_4&#8243; _builder_version=&#8220;4.24.0&#8243; _module_preset=&#8220;default&#8220; global_colors_info=&#8220;{}&#8220;][et_pb_text _builder_version=&#8220;4.24.0&#8243; _module_preset=&#8220;default&#8220; hover_enabled=&#8220;0&#8243; global_colors_info=&#8220;{}&#8220; sticky_enabled=&#8220;0&#8243;]<\/p>\n<p>Das K\u00f6mmerling K-VISION System, das speziell f\u00fcr den niederl\u00e4ndischen Markt entwickelt wurde, basiert auf dem sehr erfolgreichen K\u00f6mmerling 76 AD und dem K-Vision System. Wie im bisherigen K-Vision-System bekannt und auch im Inland beliebt, wurde der Rahmen mit einer Neigung von 15\u00b0 f\u00fcr die Drehkipp-Funktion \u00fcbernommen, ebenso wie zuverl\u00e4ssige Fenstertypen. Mit dem K-VISION-System k\u00f6nnen Sie ein typisches Stadtfenster erhalten, das sich an historische Schiebefl\u00fcgel anlehnt, sowie ein Fenster im sogenannten Holzdekor-Look. Ein konstruktives Highlight des neuen Systems ist das bisher erfolglos kopierte w\u00fcrfelf\u00f6rmige Cube-Design, das sich bereits auf dem Markt bew\u00e4hrt hat.<\/p>\n<p>Im Gegensatz zum speziellen Design wurden die technischen Eigenschaften im neuen System wesentlich ver\u00e4ndert. Aufgrund der gr\u00f6\u00dferen Profiltiefe von 76 mm kann das Fl\u00fcgelprofil mit bis zu 48 mm Dicke verglast werden, was zu signifikanten und positiven Auswirkungen f\u00fchrt, wie zum Beispiel&#8230; Verbesserung der Schall- oder W\u00e4rmeisolierung. Die W\u00e4rmed\u00e4mmwerte betragen U<sub>f<\/sub> \u2013 1,4 W\/(m\u00b2K) Das ist im Standardfall bis zu 1,0 W\/(m\u00b2K) und mit Hilfe einer thermischen Verst\u00e4rkung vielversprechend hinsichtlich heutiger und zuk\u00fcnftiger Anforderungen.<\/p>\n<p>Die Niederl\u00e4nder sind seit Jahren Pioniere in Bezug auf Farben und Formen. Das Land mit dem derzeit h\u00f6chsten Anteil an farbigen PVC-Fenstern, die Fenster in Standardfarben wie Wei\u00df und Cremewei\u00df anbieten, ist nach wie vor im neuen K\u00f6mmerling K-VISION System Standard. Eine Vielzahl von Folien in Holzdekoren, Standardfarben und Metallic-Designfolien erg\u00e4nzen das Produktangebot. Ein H\u00f6hepunkt des Systems ist zweifellos die Sicherheit von proCoverTec. Diese einzigartige und innovative Oberfl\u00e4chentechnologie verleiht den Profilen ein besonders sch\u00f6nes Aussehen und sch\u00fctzt die Fensterprofile zus\u00e4tzlich vor \u00e4u\u00dferen Einfl\u00fcssen basierend auf der Farbe.<\/p>\n<p>Das K\u00f6mmerling K-VISION System vereint Design und Optik ideal mit technischen Werten und erf\u00fcllt dabei hervorragend die Anforderungen des niederl\u00e4ndischen Marktes.<\/p>\n<div class=\"tabs ui-tabs ui-widget ui-widget-content ui-corner-all\">\n<ul class=\"ui-tabs-nav ui-helper-reset ui-helper-clearfix ui-widget-header ui-corner-all\" role=\"tablist\">\n<li class=\"ui-tabs-active ui-state-default ui-corner-top ui-state-active\" role=\"tab\" aria-controls=\"highlights\" aria-labelledby=\"ui-id-1\" aria-selected=\"true\" aria-expanded=\"true\" tabindex=\"0\"><a data-url=\"\/ba\/bs\/proizvodi\/sistemi-prozora-i-vrata\/76-mm-sistemi\/koemmerling-76-ad\/koemmerling-k-vision\/?tab=highlights\" href=\"https:\/\/www.koemmerling.com\/ba\/bs\/proizvodi\/sistemi-prozora-i-vrata\/76-mm-sistemi\/koemmerling-76-ad\/koemmerling-k-vision\/#highlights\" class=\"ui-tabs-anchor\" role=\"presentation\" id=\"ui-id-1\" tabindex=\"-1\" target=\"_blank\" rel=\"noopener\">Highlights<\/a><\/li>\n<li class=\"ui-state-default ui-corner-top\" role=\"tab\" aria-controls=\"ui-id-3\" aria-labelledby=\"ui-id-2\" aria-selected=\"false\" aria-expanded=\"false\" tabindex=\"-1\"><a data-url=\"\/ba\/bs\/proizvodi\/sistemi-prozora-i-vrata\/76-mm-sistemi\/koemmerling-76-ad\/koemmerling-k-vision\/?tab=brochuredownloads\" href=\"https:\/\/www.koemmerling.com\/ba\/bs\/proizvodi\/sistemi-prozora-i-vrata\/76-mm-sistemi\/koemmerling-76-ad\/koemmerling-k-vision\/?tab=brochuredownloads\" data-cfr=\"119\" class=\"ui-tabs-anchor\" role=\"presentation\" id=\"ui-id-2\" tabindex=\"-1\" target=\"_blank\" rel=\"noopener\">Brosch\u00fcren<\/a><\/li>\n<\/ul>\n<\/div>\n<p>[\/et_pb_text][\/et_pb_column][\/et_pb_row][\/et_pb_section]<\/p>\n","protected":false},"excerpt":{"rendered":"<p>K\u00f6mmerling K-VISION Das K\u00f6mmerling K-VISION System, das speziell f\u00fcr den niederl\u00e4ndischen Markt entwickelt wurde, basiert auf dem sehr erfolgreichen K\u00f6mmerling 76 AD und dem K-Vision System. Wie im bisherigen K-Vision-System bekannt und auch im Inland beliebt, wurde der Rahmen mit einer Neigung von 15\u00b0 f\u00fcr die Drehkipp-Funktion \u00fcbernommen, ebenso wie zuverl\u00e4ssige Fenstertypen. Mit dem K-VISION-System [&hellip;]<\/p>\n","protected":false},"author":6,"featured_media":0,"parent":0,"menu_order":0,"comment_status":"closed","ping_status":"closed","template":"","meta":{"_et_pb_use_builder":"on","_et_pb_old_content":"","_et_gb_content_width":"","footnotes":""},"class_list":["post-36130","page","type-page","status-publish","hentry"],"_links":{"self":[{"href":"https:\/\/mixtrade.ba\/de\/wp-json\/wp\/v2\/pages\/36130","targetHints":{"allow":["GET"]}}],"collection":[{"href":"https:\/\/mixtrade.ba\/de\/wp-json\/wp\/v2\/pages"}],"about":[{"href":"https:\/\/mixtrade.ba\/de\/wp-json\/wp\/v2\/types\/page"}],"author":[{"embeddable":true,"href":"https:\/\/mixtrade.ba\/de\/wp-json\/wp\/v2\/users\/6"}],"replies":[{"embeddable":true,"href":"https:\/\/mixtrade.ba\/de\/wp-json\/wp\/v2\/comments?post=36130"}],"version-history":[{"count":5,"href":"https:\/\/mixtrade.ba\/de\/wp-json\/wp\/v2\/pages\/36130\/revisions"}],"predecessor-version":[{"id":36135,"href":"https:\/\/mixtrade.ba\/de\/wp-json\/wp\/v2\/pages\/36130\/revisions\/36135"}],"wp:attachment":[{"href":"https:\/\/mixtrade.ba\/de\/wp-json\/wp\/v2\/media?parent=36130"}],"curies":[{"name":"wp","href":"https:\/\/api.w.org\/{rel}","templated":true}]}}