{"id":36121,"date":"2024-02-11T19:14:56","date_gmt":"2024-02-11T17:14:56","guid":{"rendered":"https:\/\/projekat-mix-trade.dugl.ba\/koemmerling-88-md-passivhaus-gemaess-wa15-2\/"},"modified":"2024-02-14T00:04:16","modified_gmt":"2024-02-13T22:04:16","slug":"koemmerling-88-md-passivhaus-gemaess-wa15-2","status":"publish","type":"page","link":"https:\/\/mixtrade.ba\/de\/koemmerling-88-md-passivhaus-gemaess-wa15-2\/","title":{"rendered":"K\u00f6mmerling 88 MD Passivhaus gem\u00e4\u00df WA15\/2."},"content":{"rendered":"<p>[et_pb_section fb_built=&#8220;1&#8243; admin_label=&#8220;Feature&#8220; _builder_version=&#8220;4.24.0&#8243; background_enable_image=&#8220;off&#8220; global_colors_info=&#8220;{}&#8220;][et_pb_row _builder_version=&#8220;4.24.0&#8243; background_color=&#8220;#FFFFFF&#8220; background_size=&#8220;initial&#8220; background_position=&#8220;bottom_right&#8220; max_width=&#8220;1440px&#8220; custom_padding=&#8220;0px|0px|0|0px|false|false&#8220; border_radii=&#8220;on|7px|7px|7px|7px&#8220; locked=&#8220;off&#8220; global_colors_info=&#8220;{}&#8220;][et_pb_column type=&#8220;4_4&#8243; _builder_version=&#8220;4.24.0&#8243; background_enable_image=&#8220;off&#8220; global_colors_info=&#8220;{}&#8220; custom_padding__hover=&#8220;|||&#8220;][et_pb_text _builder_version=&#8220;4.24.0&#8243; text_font=&#8220;||||||||&#8220; text_line_height=&#8220;2em&#8220; header_text_align=&#8220;center&#8220; header_text_color=&#8220;#000000&#8243; header_2_font=&#8220;Cormorant Garamond|700|||||||&#8220; header_2_font_size=&#8220;52px&#8220; header_2_line_height=&#8220;1.2em&#8220; background_layout=&#8220;dark&#8220; max_width=&#8220;100%&#8220; custom_margin=&#8220;|||&#8220; custom_padding=&#8220;15px||||false|&#8220; hover_enabled=&#8220;0&#8243; header_2_font_size_tablet=&#8220;42px&#8220; header_2_font_size_phone=&#8220;32px&#8220; header_2_font_size_last_edited=&#8220;on|desktop&#8220; locked=&#8220;off&#8220; global_colors_info=&#8220;{}&#8220; sticky_enabled=&#8220;0&#8243;]<\/p>\n<h1>K\u00f6mmerling 88 MD Passivhaus gem\u00e4\u00df WA15\/2.<\/h1>\n<h2><\/h2>\n<p>[\/et_pb_text][\/et_pb_column][\/et_pb_row][et_pb_row column_structure=&#8220;2_5,3_5&#8243; _builder_version=&#8220;4.24.0&#8243; _module_preset=&#8220;default&#8220; max_width=&#8220;1440px&#8220; border_radii=&#8220;on|6px|6px|6px|6px&#8220; global_colors_info=&#8220;{}&#8220;][et_pb_column type=&#8220;2_5&#8243; _builder_version=&#8220;4.24.0&#8243; _module_preset=&#8220;default&#8220; border_radii=&#8220;on|7px|7px|7px|7px&#8220; global_colors_info=&#8220;{}&#8220;][ba_image_carousel slide_count=&#8220;1&#8243; css_transition=&#8220;ease-in&#8220; _builder_version=&#8220;4.24.0&#8243; _module_preset=&#8220;default&#8220; hover_enabled=&#8220;0&#8243; global_colors_info=&#8220;{}&#8220; sticky_enabled=&#8220;0&#8243;][ba_image_carousel_child photo=&#8220;https:\/\/mixtrade.ba\/wp-content\/uploads\/2024\/02\/Kommerling-88-MD-Standard-bijeloj-boji-Pasivna-kuca-prema-WA152.jpg&#8220; title=&#8220;K\u00f6mmerling 88 MD Standard in wei\u00dfer Farbe f\u00fcr Passivhaus gem\u00e4\u00df WA152.&#8220; _builder_version=&#8220;4.24.0&#8243; _module_preset=&#8220;default&#8220; hover_enabled=&#8220;0&#8243; global_colors_info=&#8220;{}&#8220; alt=&#8220;K\u00f6mmerling 88 MD Standard bijeloj boji Pasivna ku\u0107a prema WA152&#8243; title_text=&#8220;K\u00f6mmerling 88 MD Standard bijeloj boji Pasivna ku\u0107a prema WA152&#8243; sticky_enabled=&#8220;0&#8243;][\/ba_image_carousel_child][\/ba_image_carousel][\/et_pb_column][et_pb_column type=&#8220;3_5&#8243; _builder_version=&#8220;4.24.0&#8243; _module_preset=&#8220;default&#8220; global_colors_info=&#8220;{}&#8220;][et_pb_text _builder_version=&#8220;4.24.0&#8243; _module_preset=&#8220;default&#8220; hover_enabled=&#8220;0&#8243; global_colors_info=&#8220;{}&#8220; sticky_enabled=&#8220;0&#8243;]<\/p>\n<p>Selbst in der Standardausf\u00fchrung erreicht das K\u00f6mmerling 88 System mit entsprechendem Funktionsglas anspruchsvolle Ziele f\u00fcr die W\u00e4rmed\u00e4mmung von Passivh\u00e4usern &#8211; Uf = 0,95 W\/(m2K). Fensterverglasung mit 48 mm W\u00e4rmed\u00e4mmschutz und Chromatech Ultra F Abstandshalter, U<sub>Wert<\/sub>= 0,6 W\/(m2K) &#8211; resultiert in einem U-Wert von 0,79 W\/(m<sup>2<\/sup>K) \u2013 <sub>w<\/sub>-resultiert in einem U-Wert von 0,79 W\/(m<sup>2<\/sup>K) \u2013 U<sub>w<\/sub>, &#8211; U-Wert bei der Installation = = 0,82 W\/(m<sup>2<\/sup>K).<\/p>\n<p>Gestalten Sie Form und Farbe individuell nach Ihren W\u00fcnschen. F\u00fcr die Standardversion stehen eine Vielzahl von Profilen sowie verschiedene Oberfl\u00e4chenvarianten zur Verf\u00fcgung. Das System kann in Wei\u00df, foliert in Holzdekoren, Standardfarben und Metallicfarben geliefert werden \u2013 wahlweise au\u00dfen foliert und innen wei\u00df oder beidseitig foliert.<\/p>\n<p>Auch in \u00f6kologischer Hinsicht gilt das System als Vorbild: Weltweit ist die Marke Kommerling der erste bedeutende Profilhersteller, der neben Recyclingmaterial ausschlie\u00dflich bleifreies PVC mit \u201egr\u00fcnen\u201c Stabilisatoren auf Kalzium- und Zinkbasis f\u00fcr Fenster verwendet Plastik. Beim Schaumstoffen werden ausschlie\u00dflich umweltfreundliche Treibmittel verwendet, und beim Recycling des Schaums kann er problemlos von PVC gereinigt werden. Dies bietet dem Benutzer von Kommerling-Produkten die Sicherheit, dass sie umweltfreundlich handeln. Beim Sch\u00e4umen werden ausschlie\u00dflich umweltfreundliche Treibmittel verwendet, und beim Recycling des Schaums kann dieser problemlos von PVC gereinigt werden.<\/p>\n<p>[\/et_pb_text][\/et_pb_column][\/et_pb_row][\/et_pb_section]<\/p>\n","protected":false},"excerpt":{"rendered":"<p>K\u00f6mmerling 88 MD Passivhaus gem\u00e4\u00df WA15\/2. <div class=\"et_pb_module ba_image_carousel ba_image_carousel_0\">\n\t\t\t\t\n\t\t\t\t\n\t\t\t\t\n\t\t\t\t\n\t\t\t\t\n\t\t\t\t\n\t\t\t\t<div class=\"et_pb_module_inner\">\n\t\t\t\t\t<div class=\"dtq-carousel dtq-image-carousel dtq-carousel-frontend dtq-lightbox-off\" data-settings=\"{&quot;responsive&quot;:[{&quot;breakpoint&quot;:980},{&quot;breakpoint&quot;:767}],&quot;cssEase&quot;:&quot;ease-in&quot;,&quot;swipe&quot;:true,&quot;variableWidth&quot;:false,&quot;dots&quot;:false,&quot;arrows&quot;:true,&quot;infinite&quot;:true,&quot;autoplay&quot;:true,&quot;autoplaySpeed&quot;:2000,&quot;speed&quot;:700,&quot;slidesToShow&quot;:1,&quot;slidesToScroll&quot;:1,&quot;centerPadding&quot;:&quot;70px&quot;,&quot;centerMode&quot;:false,&quot;vertical&quot;:false,&quot;prevArrow&quot;:&quot;&lt;button type=\\&quot;button\\&quot; data-icon=\\&quot;&amp;#x34;\\&quot; class=\\&quot;slick-arrow slick-prev\\&quot;&gt;Prev&lt;\\\/button&gt;&quot;,&quot;nextArrow&quot;:&quot;&lt;button type=\\&quot;button\\&quot; data-icon=\\&quot;&amp;#x35;\\&quot; class=\\&quot;slick-arrow slick-next\\&quot;&gt;Prev&lt;\\\/button&gt;&quot;}\" >\n                    <div class=\"ba_image_carousel_child ba_image_carousel_child_0 ba_et_pb_module\">\n\t\t\t\t\n\t\t\t\t\n\t\t\t\t\n\t\t\t\t\n\t\t\t\t\n\t\t\t\t\n\t\t\t\t<div class=\"et_pb_module_inner\">\n\t\t\t\t\t<div class=\"dtq-carousel-item dtq-image-carousel-item dtq-swapped-img-selector dtq-hover--none\">\n                 <figure class=\"dtq-figure\">\n                    \n                    <img decoding=\"async\" class=\"dtq-swapped-img \" data-mfp-src=\"https:\/\/mixtrade.ba\/wp-content\/uploads\/2024\/02\/Kommerling-88-MD-Standard-bijeloj-boji-Pasivna-kuca-prema-WA152.jpg\" src=\"https:\/\/mixtrade.ba\/wp-content\/uploads\/2024\/02\/Kommerling-88-MD-Standard-bijeloj-boji-Pasivna-kuca-prema-WA152.jpg\"  alt=\"\"\/>\n                <\/figure> <div class=\"content content--left content--normal\"><div class=\"content-inner\"> <h3 class=\"dtq-image-title\">K\u00f6mmerling 88 MD Standard in wei\u00dfer Farbe f\u00fcr Passivhaus gem\u00e4\u00df WA152.<\/h3>  <\/div><\/div>\n\t\t\t<\/div>\n\t\t\t\t<\/div>\n\t\t\t<\/div>\n                <\/div>\n\t\t\t\t<\/div>\n\t\t\t<\/div>Selbst in der Standardausf\u00fchrung erreicht [&hellip;]<\/p>\n","protected":false},"author":6,"featured_media":0,"parent":0,"menu_order":0,"comment_status":"closed","ping_status":"closed","template":"","meta":{"_et_pb_use_builder":"on","_et_pb_old_content":"","_et_gb_content_width":"","footnotes":""},"class_list":["post-36121","page","type-page","status-publish","hentry"],"_links":{"self":[{"href":"https:\/\/mixtrade.ba\/de\/wp-json\/wp\/v2\/pages\/36121","targetHints":{"allow":["GET"]}}],"collection":[{"href":"https:\/\/mixtrade.ba\/de\/wp-json\/wp\/v2\/pages"}],"about":[{"href":"https:\/\/mixtrade.ba\/de\/wp-json\/wp\/v2\/types\/page"}],"author":[{"embeddable":true,"href":"https:\/\/mixtrade.ba\/de\/wp-json\/wp\/v2\/users\/6"}],"replies":[{"embeddable":true,"href":"https:\/\/mixtrade.ba\/de\/wp-json\/wp\/v2\/comments?post=36121"}],"version-history":[{"count":4,"href":"https:\/\/mixtrade.ba\/de\/wp-json\/wp\/v2\/pages\/36121\/revisions"}],"predecessor-version":[{"id":36126,"href":"https:\/\/mixtrade.ba\/de\/wp-json\/wp\/v2\/pages\/36121\/revisions\/36126"}],"wp:attachment":[{"href":"https:\/\/mixtrade.ba\/de\/wp-json\/wp\/v2\/media?parent=36121"}],"curies":[{"name":"wp","href":"https:\/\/api.w.org\/{rel}","templated":true}]}}