{"id":36112,"date":"2022-08-28T22:46:40","date_gmt":"2022-08-28T20:46:40","guid":{"rendered":"https:\/\/projekat-mix-trade.dugl.ba\/allgemeine-geschaeftsbedingungen-agb\/"},"modified":"2024-02-13T23:52:36","modified_gmt":"2024-02-13T21:52:36","slug":"allgemeine-geschaeftsbedingungen-agb","status":"publish","type":"page","link":"https:\/\/mixtrade.ba\/de\/allgemeine-geschaeftsbedingungen-agb\/","title":{"rendered":"Allgemeine Gesch\u00e4ftsbedingungen (AGB)"},"content":{"rendered":"<p>[et_pb_section fb_built=&#8220;1&#8243; _builder_version=&#8220;4.19.1&#8243; background_color=&#8220;#ededed&#8220; global_colors_info=&#8220;{}&#8220;][et_pb_row _builder_version=&#8220;4.21.0&#8243; background_size=&#8220;initial&#8220; background_position=&#8220;top_left&#8220; background_repeat=&#8220;repeat&#8220; max_width=&#8220;1440px&#8220; global_colors_info=&#8220;{}&#8220;][et_pb_column type=&#8220;4_4&#8243; _builder_version=&#8220;4.16&#8243; custom_padding=&#8220;|||&#8220; global_colors_info=&#8220;{}&#8220; custom_padding__hover=&#8220;|||&#8220;][et_pb_text _builder_version=&#8220;4.24.0&#8243; header_text_align=&#8220;center&#8220; background_size=&#8220;initial&#8220; background_position=&#8220;top_left&#8220; background_repeat=&#8220;repeat&#8220; hover_enabled=&#8220;0&#8243; global_colors_info=&#8220;{}&#8220; sticky_enabled=&#8220;0&#8243;]<\/p>\n<h1 style=\"margin-left: 0cm;\"><span style=\"color: #2b2d2f;\">Allgemeine Gesch\u00e4ftsbedingungen (AGB)<\/span><\/h1>\n<p><span lang=\"DE\" style=\"color: #2b2d2f;\"><\/span><\/p>\n<p>Datum Inkrafttreten: 16.02.2024<\/p>\n<div class=\"group w-full text-gray-800 dark:text-gray-100 border-b border-black\/10 dark:border-gray-900\/50 bg-gray-50 dark:bg-[#444654]\">\n<div class=\"flex p-4 gap-4 text-base md:gap-6 md:max-w-2xl lg:max-w-xl xl:max-w-3xl md:py-6 lg:px-0 m-auto\">\n<div class=\"relative flex w-[calc(100%-50px)] flex-col gap-1 md:gap-3 lg:w-[calc(100%-115px)]\">\n<div class=\"flex flex-grow flex-col gap-3\">\n<div class=\"min-h-[20px] flex flex-col items-start gap-4 whitespace-pre-wrap break-words\">\n<div class=\"markdown prose w-full break-words dark:prose-invert light\">\n<p>Bitte lesen Sie sorgf\u00e4ltig die folgenden Allgemeine Gesch\u00e4ftsbedingungen (AGB) f\u00fcr die Webseite <span>\u201cMIX TRADE\u201d Dario Pratlja\u010di\u0107 s.p. Prnjavor<\/span> (im Folgenden als &#8222;Webseite&#8220; bezeichnet). Durch die Nutzung dieser Webseite akzeptieren Sie, dass Sie diese Bedingungen vollst\u00e4ndig gelesen, verstanden und akzeptiert haben. Wenn Sie mit den Nutzungsbedingungen nicht einverstanden sind, bitten wir Sie, die Nutzung der Webseite einzustellen.<\/p>\n<ol>\n<li>Intellectual Property: Der Inhalt der Webseite <span>\u201cMIX TRADE\u201d Dario Pratlja\u010di\u0107 s.p. Prnjavor<\/span>, einschlie\u00dflich Texte, Grafiken, Logos, Bilder, Audio- und Videomaterialien, ist durch Urheberrechte und andere Gesetze zum geistigen Eigentum gesch\u00fctzt. Die unbefugte Nutzung, Vervielf\u00e4ltigung, Verbreitung oder Modifikation des Inhalts der Webseite <span>\u201cMIX TRADE\u201d Dario Pratlja\u010di\u0107 s.p. Prnjavor<\/span> ohne vorherige schriftliche Genehmigung von &#8222;MIX TRADE&#8220; Dario Pratlja\u010di\u0107 s.p. Prnjavor ist strengstens untersagt.<\/li>\n<li>Informationen und Verantwortung: Die Informationen auf der Website<span>\u201cMIX TRADE\u201d Dario Pratlja\u010di\u0107 s.p. Prnjavor <\/span>werden in gutem Glauben und zu Informationszwecken zur Verf\u00fcgung gestellt. <span>\u201cMIX TRADE\u201d Dario Pratlja\u010di\u0107 s.p. Prnjavor<\/span> \u00fcbernimmt keine Verantwortung f\u00fcr die Richtigkeit, Vollst\u00e4ndigkeit oder Aktualit\u00e4t dieser Informationen. Die Nutzung der Informationen auf der Website erfolgt auf eigene Verantwortung des Benutzers. <span>\u201cMIX TRADE\u201d Dario Pratlja\u010di\u0107 s.p. Prnjavor<\/span>\u00fcbernimmt keine Verantwortung f\u00fcr Sch\u00e4den oder Verluste, die sich aus der Nutzung oder Unm\u00f6glichkeit der Nutzung der Website ergeben.<\/li>\n<li>Verkn\u00fcpfte Websites: Die Webseite <span>\u201cMIX TRADE\u201d Dario Pratlja\u010di\u0107 s.p. Prnjavor <\/span>kann Links oder Verweise auf andere Webseiten enthalten, die au\u00dferhalb unserer Kontrolle liegen. <span>\u201cMIX TRADE\u201d Dario Pratlja\u010di\u0107 s.p. Prnjavor<\/span> \u00fcbernimmt keine Verantwortung f\u00fcr den Inhalt, die Sicherheit oder die Privatsph\u00e4re dieser Webseiten. Die Nutzung verkn\u00fcpfter Websites erfolgt auf eigenes Risiko des Nutzers.<\/li>\n<li>Haftungsausschluss: Alle Informationen auf der Website <span>\u201cMIX TRADE\u201d Dario Pratlja\u010di\u0107 s.p. Prnjavor<\/span> werden &#8222;wie sie sind&#8220; ohne jegliche Garantien, ausdr\u00fccklich oder implizit, zur Verf\u00fcgung gestellt. <span>\u201cMIX TRADE\u201d Dario Pratlja\u010di\u0107 s.p. Prnjavor<\/span> gibt keine Erkl\u00e4rungen oder Garantien in Bezug auf die Website ab, einschlie\u00dflich, aber nicht beschr\u00e4nkt auf, Garantien f\u00fcr Richtigkeit, Zuverl\u00e4ssigkeit oder Eignung f\u00fcr einen bestimmten Zweck.<\/li>\n<li>\u00c4nderungen und Einstellung der Dienstleistungen: <span>\u201cMIX TRADE\u201d Dario Pratlja\u010di\u0107 s.p. Prnjavor <\/span>beh\u00e4lt sich das Recht vor, die Dienstleistungen auf der Website jederzeit und ohne vorherige Ank\u00fcndigung zu \u00e4ndern, zu aktualisieren oder einzustellen. <span>\u201cMIX TRADE\u201d Dario Pratlja\u010di\u0107 s.p. Prnjavor<\/span> wird Ihnen oder einer Drittpartei gegen\u00fcber nicht f\u00fcr etwaige Sch\u00e4den oder Verluste haftbar gemacht, die aus solchen \u00c4nderungen oder Unterbrechungen resultieren.<\/li>\n<li>Datenschutz: Sammlung, Nutzung und Schutz Ihrer pers\u00f6nlichen Daten auf der Website <span>\u201cMIX TRADE\u201d Dario Pratlja\u010di\u0107 s.p. Prnjavor<\/span> werden durch unsere Datenschutzrichtlinie geregelt. M\u00f6chten Sie bitte unsere Datenschutzrichtlinie lesen und verstehen, um sich \u00fcber unseren Umgang mit Ihren Daten im Klaren zu sein.<\/li>\n<li>\u00c4nderungen der Nutzungsbedingungen: <span>\u201cMIX TRADE\u201d Dario Pratlja\u010di\u0107 s.p. Prnjavor<\/span> beh\u00e4lt sich das Recht vor, diese Nutzungsbedingungen jederzeit und ohne vorherige Ank\u00fcndigung zu \u00e4ndern. &#8222;Die aktualisierten Nutzungsbedingungen werden auf der Website ver\u00f6ffentlicht und treten ab dem Zeitpunkt der Ver\u00f6ffentlichung in Kraft.&#8220; Wir empfehlen Ihnen, diese Seite regelm\u00e4\u00dfig auf Updates zu \u00fcberpr\u00fcfen.<\/li>\n<li><span>Das anwendbare Recht und die Zust\u00e4ndigkeit: Diese Nutzungsbedingungen unterliegen und werden gem\u00e4\u00df den Gesetzen von Bosnien und Herzegowina ausgelegt. Alle Streitigkeiten, die sich aus der Nutzung der Website ergeben, unterliegen ausschlie\u00dflich der ausschlie\u00dflichen Zust\u00e4ndigkeit der Gerichte von Bosnien und Herzegowina.<\/span><span><\/span><\/li>\n<\/ol>\n<p>Bei Fragen oder Unklarheiten bez\u00fcglich der Nutzungsbedingungen k\u00f6nnen Sie uns telefonisch unter <span>+387(0)66399503<\/span>oder per E-Mail unter <span>info@mixtrade.ba <\/span> kontaktieren.<\/p>\n<p>Vielen Dank, dass Sie die Website nutzen <span>\u201cMIX TRADE\u201d Dario Pratlja\u010di\u0107 s.p. Prnjavor<\/span><\/p>\n<\/div>\n<\/div>\n<\/div>\n<\/div>\n<\/div>\n<\/div>\n<p>[\/et_pb_text][\/et_pb_column][\/et_pb_row][\/et_pb_section]<\/p>\n","protected":false},"excerpt":{"rendered":"<p>Allgemeine Gesch\u00e4ftsbedingungen (AGB) Datum Inkrafttreten: 16.02.2024 Bitte lesen Sie sorgf\u00e4ltig die folgenden Allgemeine Gesch\u00e4ftsbedingungen (AGB) f\u00fcr die Webseite \u201cMIX TRADE\u201d Dario Pratlja\u010di\u0107 s.p. Prnjavor (im Folgenden als &#8222;Webseite&#8220; bezeichnet). Durch die Nutzung dieser Webseite akzeptieren Sie, dass Sie diese Bedingungen vollst\u00e4ndig gelesen, verstanden und akzeptiert haben. Wenn Sie mit den Nutzungsbedingungen nicht einverstanden sind, bitten [&hellip;]<\/p>\n","protected":false},"author":6,"featured_media":0,"parent":0,"menu_order":0,"comment_status":"closed","ping_status":"closed","template":"","meta":{"_et_pb_use_builder":"on","_et_pb_old_content":"","_et_gb_content_width":"","footnotes":""},"class_list":["post-36112","page","type-page","status-publish","hentry"],"_links":{"self":[{"href":"https:\/\/mixtrade.ba\/de\/wp-json\/wp\/v2\/pages\/36112","targetHints":{"allow":["GET"]}}],"collection":[{"href":"https:\/\/mixtrade.ba\/de\/wp-json\/wp\/v2\/pages"}],"about":[{"href":"https:\/\/mixtrade.ba\/de\/wp-json\/wp\/v2\/types\/page"}],"author":[{"embeddable":true,"href":"https:\/\/mixtrade.ba\/de\/wp-json\/wp\/v2\/users\/6"}],"replies":[{"embeddable":true,"href":"https:\/\/mixtrade.ba\/de\/wp-json\/wp\/v2\/comments?post=36112"}],"version-history":[{"count":2,"href":"https:\/\/mixtrade.ba\/de\/wp-json\/wp\/v2\/pages\/36112\/revisions"}],"predecessor-version":[{"id":36117,"href":"https:\/\/mixtrade.ba\/de\/wp-json\/wp\/v2\/pages\/36112\/revisions\/36117"}],"wp:attachment":[{"href":"https:\/\/mixtrade.ba\/de\/wp-json\/wp\/v2\/media?parent=36112"}],"curies":[{"name":"wp","href":"https:\/\/api.w.org\/{rel}","templated":true}]}}