{"id":36079,"date":"2023-05-14T21:59:18","date_gmt":"2023-05-14T19:59:18","guid":{"rendered":"https:\/\/projekat-mix-trade.dugl.ba\/fenster-und-tuersysteme\/"},"modified":"2024-02-13T14:55:30","modified_gmt":"2024-02-13T12:55:30","slug":"fenster-und-tuersysteme","status":"publish","type":"page","link":"https:\/\/mixtrade.ba\/de\/fenster-und-tuersysteme\/","title":{"rendered":"Fenster- und T\u00fcrsysteme"},"content":{"rendered":"<p>[et_pb_section fb_built=&#8220;1&#8243; admin_label=&#8220;Feature&#8220; _builder_version=&#8220;4.24.0&#8243; background_enable_image=&#8220;off&#8220; global_colors_info=&#8220;{}&#8220;][et_pb_row _builder_version=&#8220;4.24.0&#8243; background_color=&#8220;#FFFFFF&#8220; background_size=&#8220;initial&#8220; background_position=&#8220;bottom_right&#8220; max_width=&#8220;1440px&#8220; custom_padding=&#8220;0px|0px|0|0px|false|false&#8220; border_radii=&#8220;on|7px|7px|7px|7px&#8220; locked=&#8220;off&#8220; global_colors_info=&#8220;{}&#8220;][et_pb_column type=&#8220;4_4&#8243; _builder_version=&#8220;4.24.0&#8243; background_enable_image=&#8220;off&#8220; global_colors_info=&#8220;{}&#8220; custom_padding__hover=&#8220;|||&#8220;][et_pb_text _builder_version=&#8220;4.24.0&#8243; text_font=&#8220;||||||||&#8220; text_line_height=&#8220;2em&#8220; header_text_align=&#8220;center&#8220; header_text_color=&#8220;#000000&#8243; header_2_font=&#8220;Cormorant Garamond|700|||||||&#8220; header_2_font_size=&#8220;52px&#8220; header_2_line_height=&#8220;1.2em&#8220; background_layout=&#8220;dark&#8220; max_width=&#8220;100%&#8220; custom_margin=&#8220;|||&#8220; custom_padding=&#8220;15px||||false|&#8220; header_2_font_size_tablet=&#8220;42px&#8220; header_2_font_size_phone=&#8220;32px&#8220; header_2_font_size_last_edited=&#8220;on|desktop&#8220; locked=&#8220;off&#8220; global_colors_info=&#8220;{}&#8220;]<\/p>\n<h1 style=\"text-align: center;\">Fenster- und T\u00fcrsysteme<\/h1>\n<h2><\/h2>\n<p>[\/et_pb_text][\/et_pb_column][\/et_pb_row][et_pb_row column_structure=&#8220;1_2,1_2&#8243; _builder_version=&#8220;4.24.0&#8243; _module_preset=&#8220;default&#8220; max_width=&#8220;1440px&#8220; border_radii=&#8220;on|6px|6px|6px|6px&#8220; global_colors_info=&#8220;{}&#8220;][et_pb_column type=&#8220;1_2&#8243; _builder_version=&#8220;4.24.0&#8243; _module_preset=&#8220;default&#8220; border_radii=&#8220;on|7px|7px|7px|7px&#8220; global_colors_info=&#8220;{}&#8220;][et_pb_blurb title=&#8220;K\u00f6mmerling 76 AD&#8220; image=&#8220;https:\/\/mixtrade.ba\/wp-content\/uploads\/2024\/02\/Kommerling-76-AD.jpg&#8220; _builder_version=&#8220;4.24.0&#8243; _module_preset=&#8220;default&#8220; hover_enabled=&#8220;0&#8243; global_colors_info=&#8220;{}&#8220; sticky_enabled=&#8220;0&#8243;]<\/p>\n<p><span>Das System mit seitlichen Dichtungen ist mit zwei Dichtungsebenen ausgestattet. Die \u00e4u\u00dfere Dichtung, die den atmosph\u00e4rischen Bedingungen zugewandt ist, befindet sich innerhalb der Falz des Rahmens, w\u00e4hrend die innere Dichtung sich innerhalb des Falzes des Fl\u00fcgels befindet.<\/span><\/p>\n<p><span> <a href=\"https:\/\/mixtrade.ba\/de\/kommerling-76-ad-standard\/\">\u27a1 Standard<\/a><\/span><\/p>\n<p><a href=\"https:\/\/mixtrade.ba\/de\/koemmerling-76-doppeldichtung-aluclip\/\"><span> \u27a1 AluClip<\/span><\/a><\/p>\n<p><a href=\"https:\/\/mixtrade.ba\/de\/koemmerling-76-doppeldichtung-aluclip-pro\/\"><span> \u27a1 AluClip Pro<\/span><\/a><span><\/span><\/p>\n<p><a href=\"https:\/\/mixtrade.ba\/de\/koemmerling-76-doppeldichtung-addon\/\"><span> \u27a1 AddOn<\/span><\/a><\/p>\n<p><a href=\"https:\/\/mixtrade.ba\/de\/koemmerling-76-doppeldichtung-regel-air-76\/\"><span> \u27a1 REGEL-air 76<\/span><\/a><\/p>\n<p><a href=\"https:\/\/mixtrade.ba\/de\/koemmerling-k-vision\/\"><span> \u27a1 K-VISION<\/span><\/a><\/p>\n<p>[\/et_pb_blurb][\/et_pb_column][et_pb_column type=&#8220;1_2&#8243; _builder_version=&#8220;4.24.0&#8243; _module_preset=&#8220;default&#8220; global_colors_info=&#8220;{}&#8220;][et_pb_blurb title=&#8220;K\u00f6mmerling 88 MD&#8220; image=&#8220;https:\/\/mixtrade.ba\/wp-content\/uploads\/2024\/02\/Kommerling-88-MD.jpg&#8220; _builder_version=&#8220;4.24.0&#8243; _module_preset=&#8220;default&#8220; locked=&#8220;off&#8220; global_colors_info=&#8220;{}&#8220;]<\/p>\n<p><span>Das ist das hochmoderne Fenster f\u00fcr eine neue \u00c4ra: K\u00f6mmerling 88. Trendsetter in der W\u00e4rmed\u00e4mmung. Weitsichtiges Design. Pionier in Qualit\u00e4t und Sicherheit. Und au\u00dfergew\u00f6hnlicher Individualit\u00e4t dank Modularit\u00e4t und innovativen Upgradetechnologien.<\/span><\/p>\n<p><span> <a href=\"https:\/\/mixtrade.ba\/de\/koemmerling-88-md-standard-2\/\">\u27a1 Standard<\/a><\/span><\/p>\n<p><span> <a href=\"https:\/\/mixtrade.ba\/de\/koemmerling-88-md-aluclip\/\">\u27a1 AluClip<\/a><\/span><\/p>\n<p><span> <a href=\"https:\/\/mixtrade.ba\/de\/koemmerling-88-md-aluclip-pro\/\">\u27a1 AluClip Pro<\/a><\/span><span><\/span><\/p>\n<p><a href=\"https:\/\/mixtrade.ba\/de\/koemmerling-88-md-addon\/\"><span> \u27a1 AddOn<\/span><\/a><\/p>\n<p><a href=\"https:\/\/mixtrade.ba\/de\/koemmerling-88-md-passivhaus-gemaess-wa15-2\/\"> <span> \u27a1 <\/span>&#8222;Passivhaus&#8220; nach WA15\/2<\/a><\/p>\n<p><a href=\"https:\/\/mixtrade.ba\/de\/koemmerling-88-md-climatec-88\/\"> <span> \u27a1 <\/span>ClimaTec 88<\/a><\/p>\n<p><a href=\"https:\/\/mixtrade.ba\/de\/koemmerling-88-md-regel-luft\/\"> <span> \u27a1 <\/span>REGEL-air<\/a><\/p>\n<p>[\/et_pb_blurb][\/et_pb_column][\/et_pb_row][\/et_pb_section]<\/p>\n","protected":false},"excerpt":{"rendered":"<p>Fenster- und T\u00fcrsysteme Das System mit seitlichen Dichtungen ist mit zwei Dichtungsebenen ausgestattet. Die \u00e4u\u00dfere Dichtung, die den atmosph\u00e4rischen Bedingungen zugewandt ist, befindet sich innerhalb der Falz des Rahmens, w\u00e4hrend die innere Dichtung sich innerhalb des Falzes des Fl\u00fcgels befindet. \u27a1 Standard \u27a1 AluClip \u27a1 AluClip Pro \u27a1 AddOn \u27a1 REGEL-air 76 \u27a1 K-VISIONDas ist [&hellip;]<\/p>\n","protected":false},"author":6,"featured_media":0,"parent":0,"menu_order":0,"comment_status":"closed","ping_status":"closed","template":"","meta":{"_et_pb_use_builder":"on","_et_pb_old_content":"","_et_gb_content_width":"","footnotes":""},"class_list":["post-36079","page","type-page","status-publish","hentry"],"_links":{"self":[{"href":"https:\/\/mixtrade.ba\/de\/wp-json\/wp\/v2\/pages\/36079","targetHints":{"allow":["GET"]}}],"collection":[{"href":"https:\/\/mixtrade.ba\/de\/wp-json\/wp\/v2\/pages"}],"about":[{"href":"https:\/\/mixtrade.ba\/de\/wp-json\/wp\/v2\/types\/page"}],"author":[{"embeddable":true,"href":"https:\/\/mixtrade.ba\/de\/wp-json\/wp\/v2\/users\/6"}],"replies":[{"embeddable":true,"href":"https:\/\/mixtrade.ba\/de\/wp-json\/wp\/v2\/comments?post=36079"}],"version-history":[{"count":5,"href":"https:\/\/mixtrade.ba\/de\/wp-json\/wp\/v2\/pages\/36079\/revisions"}],"predecessor-version":[{"id":36084,"href":"https:\/\/mixtrade.ba\/de\/wp-json\/wp\/v2\/pages\/36079\/revisions\/36084"}],"wp:attachment":[{"href":"https:\/\/mixtrade.ba\/de\/wp-json\/wp\/v2\/media?parent=36079"}],"curies":[{"name":"wp","href":"https:\/\/api.w.org\/{rel}","templated":true}]}}