{"id":36073,"date":"2024-02-08T11:27:22","date_gmt":"2024-02-08T09:27:22","guid":{"rendered":"https:\/\/projekat-mix-trade.dugl.ba\/rolaplus-rollladen-systeme\/"},"modified":"2024-02-13T14:49:45","modified_gmt":"2024-02-13T12:49:45","slug":"rolaplus-rollladen-systeme","status":"publish","type":"page","link":"https:\/\/mixtrade.ba\/de\/rolaplus-rollladen-systeme\/","title":{"rendered":"RolaPlus Rollladen-Systeme"},"content":{"rendered":"<p>[et_pb_section fb_built=&#8220;1&#8243; admin_label=&#8220;Feature&#8220; _builder_version=&#8220;4.24.0&#8243; background_enable_image=&#8220;off&#8220; global_colors_info=&#8220;{}&#8220;][et_pb_row _builder_version=&#8220;4.24.0&#8243; background_color=&#8220;#FFFFFF&#8220; background_size=&#8220;initial&#8220; background_position=&#8220;bottom_right&#8220; max_width=&#8220;1440px&#8220; custom_padding=&#8220;0px|0px|0|0px|false|false&#8220; border_radii=&#8220;on|7px|7px|7px|7px&#8220; locked=&#8220;off&#8220; global_colors_info=&#8220;{}&#8220;][et_pb_column type=&#8220;4_4&#8243; _builder_version=&#8220;4.24.0&#8243; background_enable_image=&#8220;off&#8220; global_colors_info=&#8220;{}&#8220; custom_padding__hover=&#8220;|||&#8220;][et_pb_text _builder_version=&#8220;4.24.0&#8243; text_font=&#8220;||||||||&#8220; text_text_color=&#8220;#000000&#8243; text_line_height=&#8220;2em&#8220; header_text_align=&#8220;center&#8220; header_text_color=&#8220;#000000&#8243; header_2_font=&#8220;Cormorant Garamond|700|||||||&#8220; header_2_font_size=&#8220;52px&#8220; header_2_line_height=&#8220;1.2em&#8220; background_layout=&#8220;dark&#8220; max_width=&#8220;100%&#8220; custom_margin=&#8220;|||&#8220; custom_padding=&#8220;15px||||false|&#8220; header_2_font_size_tablet=&#8220;42px&#8220; header_2_font_size_phone=&#8220;32px&#8220; header_2_font_size_last_edited=&#8220;on|desktop&#8220; locked=&#8220;off&#8220; global_colors_info=&#8220;{}&#8220;]<\/p>\n<h1>RolaPlus Rollladen-Systeme<\/h1>\n<p>Die RolaPlus PVC-Boxen f\u00fcr Rolll\u00e4den werden sowohl in Neubauten als auch in \u00e4lteren Geb\u00e4uden in Kombination mit PVC-, Aluminium- und Holzau\u00dfenrahmen verwendet. An die Einbauumgebung angepasst, k\u00f6nnen Rolll\u00e4den seitlich in den Innenraum des Raumes ge\u00f6ffnet werden oder \u00fcber eine Abdeckung am unteren Ende nach unten.<\/p>\n<h2><\/h2>\n<p>[\/et_pb_text][\/et_pb_column][\/et_pb_row][et_pb_row column_structure=&#8220;1_2,1_2&#8243; _builder_version=&#8220;4.24.0&#8243; _module_preset=&#8220;default&#8220; max_width=&#8220;1440px&#8220; border_radii=&#8220;on|6px|6px|6px|6px&#8220; global_colors_info=&#8220;{}&#8220;][et_pb_column type=&#8220;1_2&#8243; _builder_version=&#8220;4.24.0&#8243; _module_preset=&#8220;default&#8220; border_radii=&#8220;on|7px|7px|7px|7px&#8220; global_colors_info=&#8220;{}&#8220;][et_pb_blurb title=&#8220;VariNova Aufsatzkasten&#8220; image=&#8220;https:\/\/mixtrade.ba\/wp-content\/uploads\/2024\/02\/VariNova-nadgradna-kutija.jpg&#8220; _builder_version=&#8220;4.24.0&#8243; _module_preset=&#8220;default&#8220; global_colors_info=&#8220;{}&#8220;]<\/p>\n<p><a href=\"https:\/\/mixtrade.ba\/de\/varinova-aufsatzkasten\/\"><span>\u27a1 <\/span><span>Weiter<\/span><\/a><\/p>\n<p>[\/et_pb_blurb][\/et_pb_column][et_pb_column type=&#8220;1_2&#8243; _builder_version=&#8220;4.24.0&#8243; _module_preset=&#8220;default&#8220; global_colors_info=&#8220;{}&#8220;][et_pb_blurb title=&#8220;VariNova Jalousienkasten&#8220; image=&#8220;https:\/\/mixtrade.ba\/wp-content\/uploads\/2024\/02\/VariNova-kutija-za-zaluzinu.jpg&#8220; _builder_version=&#8220;4.24.0&#8243; _module_preset=&#8220;default&#8220; hover_enabled=&#8220;0&#8243; locked=&#8220;off&#8220; global_colors_info=&#8220;{}&#8220; sticky_enabled=&#8220;0&#8243;]<\/p>\n<p><a href=\"https:\/\/mixtrade.ba\/de\/varinova-jalousienkasten\/\"><span>\u27a1 <\/span><span>Weiter<\/span><\/a><\/p>\n<p>[\/et_pb_blurb][\/et_pb_column][\/et_pb_row][\/et_pb_section]<\/p>\n","protected":false},"excerpt":{"rendered":"<p>RolaPlus Rollladen-Systeme Die RolaPlus PVC-Boxen f\u00fcr Rolll\u00e4den werden sowohl in Neubauten als auch in \u00e4lteren Geb\u00e4uden in Kombination mit PVC-, Aluminium- und Holzau\u00dfenrahmen verwendet. An die Einbauumgebung angepasst, k\u00f6nnen Rolll\u00e4den seitlich in den Innenraum des Raumes ge\u00f6ffnet werden oder \u00fcber eine Abdeckung am unteren Ende nach unten. \u27a1 Weiter\u27a1 Weiter<\/p>\n","protected":false},"author":6,"featured_media":0,"parent":0,"menu_order":0,"comment_status":"closed","ping_status":"closed","template":"","meta":{"_et_pb_use_builder":"on","_et_pb_old_content":"","_et_gb_content_width":"","footnotes":""},"class_list":["post-36073","page","type-page","status-publish","hentry"],"_links":{"self":[{"href":"https:\/\/mixtrade.ba\/de\/wp-json\/wp\/v2\/pages\/36073","targetHints":{"allow":["GET"]}}],"collection":[{"href":"https:\/\/mixtrade.ba\/de\/wp-json\/wp\/v2\/pages"}],"about":[{"href":"https:\/\/mixtrade.ba\/de\/wp-json\/wp\/v2\/types\/page"}],"author":[{"embeddable":true,"href":"https:\/\/mixtrade.ba\/de\/wp-json\/wp\/v2\/users\/6"}],"replies":[{"embeddable":true,"href":"https:\/\/mixtrade.ba\/de\/wp-json\/wp\/v2\/comments?post=36073"}],"version-history":[{"count":5,"href":"https:\/\/mixtrade.ba\/de\/wp-json\/wp\/v2\/pages\/36073\/revisions"}],"predecessor-version":[{"id":36078,"href":"https:\/\/mixtrade.ba\/de\/wp-json\/wp\/v2\/pages\/36073\/revisions\/36078"}],"wp:attachment":[{"href":"https:\/\/mixtrade.ba\/de\/wp-json\/wp\/v2\/media?parent=36073"}],"curies":[{"name":"wp","href":"https:\/\/api.w.org\/{rel}","templated":true}]}}