{"id":36067,"date":"2020-10-18T19:31:18","date_gmt":"2020-10-18T17:31:18","guid":{"rendered":"https:\/\/projekat-mix-trade.dugl.ba\/produkte\/"},"modified":"2024-02-19T02:43:27","modified_gmt":"2024-02-19T00:43:27","slug":"produkte","status":"publish","type":"page","link":"https:\/\/mixtrade.ba\/de\/produkte\/","title":{"rendered":"Produkte"},"content":{"rendered":"<p>[et_pb_section fb_built=&#8220;1&#8243; _builder_version=&#8220;4.24.0&#8243; background_image=&#8220;https:\/\/mixtrade.ba\/wp-content\/uploads\/2023\/02\/Masinska-obrada-metala-pozadina-SKS-TEHNIK.jpg&#8220; background_enable_image=&#8220;off&#8220; custom_padding=&#8220;14px||12px|||&#8220; saved_tabs=&#8220;all&#8220; global_colors_info=&#8220;{}&#8220;][et_pb_row _builder_version=&#8220;4.21.0&#8243; max_width=&#8220;1274px&#8220; global_colors_info=&#8220;{}&#8220;][et_pb_column type=&#8220;4_4&#8243; _builder_version=&#8220;4.21.0&#8243; global_colors_info=&#8220;{}&#8220;][et_pb_text _builder_version=&#8220;4.24.0&#8243; text_text_color=&#8220;#000000&#8243; header_text_color=&#8220;#000000&#8243; header_2_text_color=&#8220;#000000&#8243; header_2_font_size=&#8220;28px&#8220; header_3_font=&#8220;Montserrat||||||||&#8220; header_3_text_color=&#8220;#FFFFFF&#8220; header_3_font_size=&#8220;34px&#8220; header_4_text_color=&#8220;#FFFFFF&#8220; link_option_url=&#8220;https:\/\/mixtrade.ba\/proizvodnja-usluge-masinska-obrada-metala\/&#8220; header_font_size_tablet=&#8220;26px&#8220; header_font_size_phone=&#8220;26px&#8220; header_font_size_last_edited=&#8220;on|phone&#8220; header_3_font_size_tablet=&#8220;28px&#8220; header_3_font_size_phone=&#8220;22px&#8220; header_3_font_size_last_edited=&#8220;on|phone&#8220; global_colors_info=&#8220;{}&#8220;]<\/p>\n<h1 style=\"text-align: center;\">Die Produkte von &#8222;MIX TRADE&#8220;<\/h1>\n<p>[\/et_pb_text][\/et_pb_column][\/et_pb_row][\/et_pb_section][et_pb_section fb_built=&#8220;1&#8243; fullwidth=&#8220;on&#8220; _builder_version=&#8220;4.16&#8243; _module_preset=&#8220;default&#8220; global_colors_info=&#8220;{}&#8220;][et_pb_fullwidth_image title_text=&#8220;Prnjavor Wasserversorgung&#8220; _builder_version=&#8220;4.16&#8243; _module_preset=&#8220;default&#8220; global_colors_info=&#8220;{}&#8220;][\/et_pb_fullwidth_image][\/et_pb_section][et_pb_section fb_built=&#8220;1&#8243; _builder_version=&#8220;4.24.0&#8243; _module_preset=&#8220;default&#8220; custom_margin=&#8220;||||false|false&#8220; custom_margin_tablet=&#8220;-30px||||false|false&#8220; custom_margin_phone=&#8220;-30px||||false|false&#8220; custom_margin_last_edited=&#8220;on|phone&#8220; custom_padding=&#8220;9px||5px|||&#8220; saved_tabs=&#8220;all&#8220; global_colors_info=&#8220;{}&#8220;][et_pb_row column_structure=&#8220;1_3,1_3,1_3&#8243; use_custom_gutter=&#8220;on&#8220; gutter_width=&#8220;2&#8243; _builder_version=&#8220;4.24.0&#8243; _module_preset=&#8220;default&#8220; max_width=&#8220;1440px&#8220; global_colors_info=&#8220;{}&#8220;][et_pb_column type=&#8220;1_3&#8243; _builder_version=&#8220;4.21.0&#8243; _module_preset=&#8220;default&#8220; global_colors_info=&#8220;{}&#8220;][et_pb_blurb title=&#8220;Fenster- und T\u00fcrsysteme&#8220; image=&#8220;https:\/\/mixtrade.ba\/wp-content\/uploads\/2024\/02\/Kommerling-76-AD.jpg&#8220; alt=&#8220;K\u00f6mmerling 76 AD&#8220; _builder_version=&#8220;4.24.0&#8243; _dynamic_attributes=&#8220;link_option_url&#8220; _module_preset=&#8220;default&#8220; header_text_align=&#8220;center&#8220; header_font_size=&#8220;20px&#8220; link_option_url=&#8220;@ET-DC@eyJkeW5hbWljIjp0cnVlLCJjb250ZW50IjoicG9zdF9saW5rX3VybF9wYWdlIiwic2V0dGluZ3MiOnsicG9zdF9pZCI6IjM0MjA2In19@&#8220; hover_enabled=&#8220;0&#8243; global_colors_info=&#8220;{}&#8220; sticky_enabled=&#8220;0&#8243;]<\/p>\n<p><span>Die PVC-Systeme von K\u00f6mmerling f\u00fcr Fenster und T\u00fcren sind in einer breiten Palette von Systemvarianten mit verschiedenen Konstruktionsbreiten erh\u00e4ltlich.<\/span><\/p>\n<p>[\/et_pb_blurb][\/et_pb_column][et_pb_column type=&#8220;1_3&#8243; _builder_version=&#8220;4.24.0&#8243; _module_preset=&#8220;default&#8220; global_colors_info=&#8220;{}&#8220;][et_pb_blurb title=&#8220;Hebeschiebet\u00fcren-Systeme&#8220; image=&#8220;https:\/\/mixtrade.ba\/wp-content\/uploads\/2024\/02\/PremiDoor-88.jpg&#8220; alt=&#8220;PremiDoor 88&#8243; _builder_version=&#8220;4.24.0&#8243; _dynamic_attributes=&#8220;link_option_url&#8220; _module_preset=&#8220;default&#8220; header_text_align=&#8220;center&#8220; header_font_size=&#8220;20px&#8220; background_color=&#8220;rgba(232,232,232,0.21)&#8220; link_option_url=&#8220;@ET-DC@eyJkeW5hbWljIjp0cnVlLCJjb250ZW50IjoicG9zdF9saW5rX3VybF9wYWdlIiwic2V0dGluZ3MiOnsicG9zdF9pZCI6IjM0MjE2In19@&#8220; hover_enabled=&#8220;0&#8243; global_colors_info=&#8220;{}&#8220; sticky_enabled=&#8220;0&#8243;]<\/p>\n<p><span>Die Hebeschiebet\u00fcren erm\u00f6glichen sehr gro\u00dfe und flexible \u00d6ffnungen mit maximaler Lichtdurchl\u00e4ssigkeit. Wohnzimmer \u00f6ffnen sich zum Garten, Terrassen werden zu Wohnzimmern.<\/span><\/p>\n<p>[\/et_pb_blurb][\/et_pb_column][et_pb_column type=&#8220;1_3&#8243; _builder_version=&#8220;4.24.0&#8243; _module_preset=&#8220;default&#8220; global_colors_info=&#8220;{}&#8220;][et_pb_blurb title=&#8220;Schiebesysteme&#8220; image=&#8220;https:\/\/mixtrade.ba\/wp-content\/uploads\/2024\/02\/PremiLine.jpg&#8220; alt=&#8220;PremiLine&#8220; _builder_version=&#8220;4.24.0&#8243; _dynamic_attributes=&#8220;link_option_url&#8220; _module_preset=&#8220;default&#8220; header_text_align=&#8220;center&#8220; header_font_size=&#8220;20px&#8220; background_color=&#8220;rgba(232,232,232,0.21)&#8220; link_option_url=&#8220;@ET-DC@eyJkeW5hbWljIjp0cnVlLCJjb250ZW50IjoicG9zdF9saW5rX3VybF9wYWdlIiwic2V0dGluZ3MiOnsicG9zdF9pZCI6IjM1MzA1In19@&#8220; hover_enabled=&#8220;0&#8243; global_colors_info=&#8220;{}&#8220; sticky_enabled=&#8220;0&#8243;]<\/p>\n<p><span>Schiebefenster und Schiebet\u00fcren k\u00f6nnen im Zwei-, Drei- oder Vierkomponenten-Design hergestellt werden. Die Schiebelemente arbeiten sanft, leise und sind langlebig.<\/span><\/p>\n<p>[\/et_pb_blurb][\/et_pb_column][\/et_pb_row][et_pb_row column_structure=&#8220;1_3,1_3,1_3&#8243; use_custom_gutter=&#8220;on&#8220; gutter_width=&#8220;2&#8243; _builder_version=&#8220;4.24.0&#8243; _module_preset=&#8220;default&#8220; max_width=&#8220;1440px&#8220; global_colors_info=&#8220;{}&#8220;][et_pb_column type=&#8220;1_3&#8243; _builder_version=&#8220;4.24.0&#8243; _module_preset=&#8220;default&#8220; global_colors_info=&#8220;{}&#8220;][et_pb_blurb title=&#8220;RolaPlus Rollladen-Systeme&#8220; image=&#8220;https:\/\/mixtrade.ba\/wp-content\/uploads\/2024\/02\/VariNova-nadgradna-kutija.jpg&#8220; alt=&#8220;VariNova Aufsatzkasten&#8220; _builder_version=&#8220;4.24.0&#8243; _dynamic_attributes=&#8220;link_option_url&#8220; _module_preset=&#8220;default&#8220; header_text_align=&#8220;center&#8220; header_font_size=&#8220;20px&#8220; background_color=&#8220;rgba(232,232,232,0.21)&#8220; link_option_url=&#8220;@ET-DC@eyJkeW5hbWljIjp0cnVlLCJjb250ZW50IjoicG9zdF9saW5rX3VybF9wYWdlIiwic2V0dGluZ3MiOnsicG9zdF9pZCI6IjM1MjYxIn19@&#8220; hover_enabled=&#8220;0&#8243; global_colors_info=&#8220;{}&#8220; sticky_enabled=&#8220;0&#8243;]<\/p>\n<p><span>Die RolaPlus PVC-Boxen f\u00fcr Rolll\u00e4den werden sowohl in Neubauten als auch in \u00e4lteren Geb\u00e4uden in Kombination mit PVC-, Aluminium- und Holzau\u00dfenrahmen verwendet. An die Einbauumgebung angepasst, k\u00f6nnen Rolll\u00e4den seitlich in den Innenraum des Raumes ge\u00f6ffnet werden oder \u00fcber eine Abdeckung am unteren Ende nach unten.<\/span><\/p>\n<p>[\/et_pb_blurb][\/et_pb_column][et_pb_column type=&#8220;1_3&#8243; _builder_version=&#8220;4.24.0&#8243; _module_preset=&#8220;default&#8220; global_colors_info=&#8220;{}&#8220;][et_pb_blurb title=&#8220;Rollo und Sektionaltore&#8220; image=&#8220;https:\/\/mixtrade.ba\/wp-content\/uploads\/2024\/02\/Rolo-i-sekciona-garazna-vrata-1.jpg&#8220; alt=&#8220;Rollo und Sektionaltore (1)&#8220; _builder_version=&#8220;4.24.0&#8243; _dynamic_attributes=&#8220;link_option_url&#8220; _module_preset=&#8220;default&#8220; header_text_align=&#8220;center&#8220; header_font_size=&#8220;20px&#8220; background_color=&#8220;rgba(232,232,232,0.21)&#8220; link_option_url=&#8220;@ET-DC@eyJkeW5hbWljIjp0cnVlLCJjb250ZW50IjoicG9zdF9saW5rX3VybF9wYWdlIiwic2V0dGluZ3MiOnsicG9zdF9pZCI6IjM2NTE2In19@&#8220; hover_enabled=&#8220;0&#8243; global_colors_info=&#8220;{}&#8220; sticky_enabled=&#8220;0&#8243;]<\/p>\n<p><span>Die H\u00f6he und Breite der \u00d6ffnung, die mit dem Garagentor verschlossen werden soll, werden beeinflussen, welche T\u00fcr die vorteilhaftere Wahl f\u00fcr Ihre Garage ist. Sektionaltore haben eine gr\u00f6\u00dfere maximale Breite als Rolltore. <\/span><\/p>\n<p>[\/et_pb_blurb][\/et_pb_column][et_pb_column type=&#8220;1_3&#8243; _builder_version=&#8220;4.24.0&#8243; _module_preset=&#8220;default&#8220; global_colors_info=&#8220;{}&#8220;][et_pb_blurb title=&#8220;Aluminiumz\u00e4une&#8220; image=&#8220;https:\/\/mixtrade.ba\/wp-content\/uploads\/2024\/02\/Aluminijska-ograda-8.jpg&#8220; alt=&#8220;Aluminiumz\u00e4une (8)&#8220; _builder_version=&#8220;4.24.0&#8243; _dynamic_attributes=&#8220;link_option_url&#8220; _module_preset=&#8220;default&#8220; header_text_align=&#8220;center&#8220; header_font_size=&#8220;20px&#8220; background_color=&#8220;rgba(232,232,232,0.21)&#8220; link_option_url=&#8220;@ET-DC@eyJkeW5hbWljIjp0cnVlLCJjb250ZW50IjoicG9zdF9saW5rX3VybF9wYWdlIiwic2V0dGluZ3MiOnsicG9zdF9pZCI6IjM2NTI5In19@&#8220; hover_enabled=&#8220;0&#8243; global_colors_info=&#8220;{}&#8220; sticky_enabled=&#8220;0&#8243;]<\/p>\n<p><span>Wir besch\u00e4ftigen uns mit der Herstellung von Aluminiumz\u00e4unen in verschiedenen Modellen!<\/span><\/p>\n<p>[\/et_pb_blurb][\/et_pb_column][\/et_pb_row][\/et_pb_section][et_pb_section fb_built=&#8220;1&#8243; fullwidth=&#8220;on&#8220; _builder_version=&#8220;4.18.0&#8243; _module_preset=&#8220;default&#8220; background_color=&#8220;#d6957c&#8220; global_colors_info=&#8220;{}&#8220;][et_pb_fullwidth_image title_text=&#8220;Prnjavor Wasserversorgung&#8220; _builder_version=&#8220;4.16&#8243; _module_preset=&#8220;default&#8220; global_colors_info=&#8220;{}&#8220;][\/et_pb_fullwidth_image][\/et_pb_section]<\/p>\n","protected":false},"excerpt":{"rendered":"<p>Die Produkte von &#8222;MIX TRADE&#8220;Die PVC-Systeme von K\u00f6mmerling f\u00fcr Fenster und T\u00fcren sind in einer breiten Palette von Systemvarianten mit verschiedenen Konstruktionsbreiten erh\u00e4ltlich.Die Hebeschiebet\u00fcren erm\u00f6glichen sehr gro\u00dfe und flexible \u00d6ffnungen mit maximaler Lichtdurchl\u00e4ssigkeit. Wohnzimmer \u00f6ffnen sich zum Garten, Terrassen werden zu Wohnzimmern.Schiebefenster und Schiebet\u00fcren k\u00f6nnen im Zwei-, Drei- oder Vierkomponenten-Design hergestellt werden. Die Schiebelemente arbeiten [&hellip;]<\/p>\n","protected":false},"author":6,"featured_media":0,"parent":0,"menu_order":0,"comment_status":"closed","ping_status":"closed","template":"","meta":{"_et_pb_use_builder":"on","_et_pb_old_content":"","_et_gb_content_width":"","footnotes":""},"class_list":["post-36067","page","type-page","status-publish","hentry"],"_links":{"self":[{"href":"https:\/\/mixtrade.ba\/de\/wp-json\/wp\/v2\/pages\/36067","targetHints":{"allow":["GET"]}}],"collection":[{"href":"https:\/\/mixtrade.ba\/de\/wp-json\/wp\/v2\/pages"}],"about":[{"href":"https:\/\/mixtrade.ba\/de\/wp-json\/wp\/v2\/types\/page"}],"author":[{"embeddable":true,"href":"https:\/\/mixtrade.ba\/de\/wp-json\/wp\/v2\/users\/6"}],"replies":[{"embeddable":true,"href":"https:\/\/mixtrade.ba\/de\/wp-json\/wp\/v2\/comments?post=36067"}],"version-history":[{"count":13,"href":"https:\/\/mixtrade.ba\/de\/wp-json\/wp\/v2\/pages\/36067\/revisions"}],"predecessor-version":[{"id":36563,"href":"https:\/\/mixtrade.ba\/de\/wp-json\/wp\/v2\/pages\/36067\/revisions\/36563"}],"wp:attachment":[{"href":"https:\/\/mixtrade.ba\/de\/wp-json\/wp\/v2\/media?parent=36067"}],"curies":[{"name":"wp","href":"https:\/\/api.w.org\/{rel}","templated":true}]}}