{"id":36049,"date":"2024-02-11T21:47:41","date_gmt":"2024-02-11T19:47:41","guid":{"rendered":"https:\/\/projekat-mix-trade.dugl.ba\/koemmerling-premidoor-88-schiebe-hebesysteme\/"},"modified":"2024-02-13T10:58:35","modified_gmt":"2024-02-13T08:58:35","slug":"koemmerling-premidoor-88-schiebe-hebesysteme","status":"publish","type":"page","link":"https:\/\/mixtrade.ba\/de\/koemmerling-premidoor-88-schiebe-hebesysteme\/","title":{"rendered":"K\u00f6mmerling PremiDoor 88 Schiebe-Hebesysteme"},"content":{"rendered":"<p>[et_pb_section fb_built=&#8220;1&#8243; admin_label=&#8220;Feature&#8220; _builder_version=&#8220;4.24.0&#8243; background_enable_image=&#8220;off&#8220; global_colors_info=&#8220;{}&#8220;][et_pb_row _builder_version=&#8220;4.24.0&#8243; background_color=&#8220;#FFFFFF&#8220; background_size=&#8220;initial&#8220; background_position=&#8220;bottom_right&#8220; max_width=&#8220;1440px&#8220; custom_padding=&#8220;0px|0px|0|0px|false|false&#8220; border_radii=&#8220;on|7px|7px|7px|7px&#8220; locked=&#8220;off&#8220; global_colors_info=&#8220;{}&#8220;][et_pb_column type=&#8220;4_4&#8243; _builder_version=&#8220;4.24.0&#8243; background_enable_image=&#8220;off&#8220; global_colors_info=&#8220;{}&#8220; custom_padding__hover=&#8220;|||&#8220;][et_pb_text _builder_version=&#8220;4.24.0&#8243; text_font=&#8220;||||||||&#8220; text_line_height=&#8220;2em&#8220; header_text_align=&#8220;center&#8220; header_text_color=&#8220;#000000&#8243; header_2_font=&#8220;Cormorant Garamond|700|||||||&#8220; header_2_font_size=&#8220;52px&#8220; header_2_line_height=&#8220;1.2em&#8220; background_layout=&#8220;dark&#8220; max_width=&#8220;100%&#8220; custom_margin=&#8220;|||&#8220; custom_padding=&#8220;15px||||false|&#8220; hover_enabled=&#8220;0&#8243; header_2_font_size_tablet=&#8220;42px&#8220; header_2_font_size_phone=&#8220;32px&#8220; header_2_font_size_last_edited=&#8220;on|desktop&#8220; locked=&#8220;off&#8220; global_colors_info=&#8220;{}&#8220; sticky_enabled=&#8220;0&#8243;]<\/p>\n<h1>K\u00f6mmerling PremiDoor 88 Schiebe-Hebesysteme<\/h1>\n<h2><\/h2>\n<p>[\/et_pb_text][\/et_pb_column][\/et_pb_row][et_pb_row column_structure=&#8220;2_5,3_5&#8243; _builder_version=&#8220;4.24.0&#8243; _module_preset=&#8220;default&#8220; max_width=&#8220;1440px&#8220; border_radii=&#8220;on|6px|6px|6px|6px&#8220; global_colors_info=&#8220;{}&#8220;][et_pb_column type=&#8220;2_5&#8243; _builder_version=&#8220;4.24.0&#8243; _module_preset=&#8220;default&#8220; border_radii=&#8220;on|7px|7px|7px|7px&#8220; global_colors_info=&#8220;{}&#8220;][ba_image_carousel slide_count=&#8220;1&#8243; css_transition=&#8220;ease-in&#8220; _builder_version=&#8220;4.24.0&#8243; _module_preset=&#8220;default&#8220; hover_enabled=&#8220;0&#8243; global_colors_info=&#8220;{}&#8220; sticky_enabled=&#8220;0&#8243;][ba_image_carousel_child photo=&#8220;https:\/\/mixtrade.ba\/wp-content\/uploads\/2024\/02\/Kommerling-PremiDoor-88-Standard-Vanjsko-ostakljenje-Bijelo.jpg&#8220; _builder_version=&#8220;4.24.0&#8243; _module_preset=&#8220;default&#8220; title=&#8220;K\u00f6mmerling PremiDoor 88 Standard Au\u00dfenverglasung &#8211; Wei\u00df&#8220; title_text=&#8220;K\u00f6mmerling PremiDoor 88 Standard Vanjsko ostakljenje &#8211; Bijelo&#8220; hover_enabled=&#8220;0&#8243; sticky_enabled=&#8220;0&#8243;][\/ba_image_carousel_child][ba_image_carousel_child photo=&#8220;https:\/\/mixtrade.ba\/wp-content\/uploads\/2024\/02\/Kommerling-PremiDoor-88-Standard-Mittelpartie-bijelo.jpg&#8220; _builder_version=&#8220;4.24.0&#8243; _module_preset=&#8220;default&#8220; title_text=&#8220;K\u00f6mmerling PremiDoor 88 Standard Mittelpartie bijelo&#8220; title=&#8220;K\u00f6mmerling PremiDoor 88 Standard Mittelpartie Wei\u00df&#8220; hover_enabled=&#8220;0&#8243; sticky_enabled=&#8220;0&#8243;][\/ba_image_carousel_child][ba_image_carousel_child photo=&#8220;https:\/\/mixtrade.ba\/wp-content\/uploads\/2024\/02\/Kommerling-PremiDoor-88-Standard-Zlatni-hrast.jpg&#8220; _builder_version=&#8220;4.24.0&#8243; _module_preset=&#8220;default&#8220; title_text=&#8220;K\u00f6mmerling PremiDoor 88 Standard Zlatni hrast&#8220; hover_enabled=&#8220;0&#8243; sticky_enabled=&#8220;0&#8243; title=&#8220;K\u00f6mmerling PremiDoor 88 Standard Eiche Golden&#8220;][\/ba_image_carousel_child][\/ba_image_carousel][\/et_pb_column][et_pb_column type=&#8220;3_5&#8243; _builder_version=&#8220;4.24.0&#8243; _module_preset=&#8220;default&#8220; global_colors_info=&#8220;{}&#8220;][et_pb_text _builder_version=&#8220;4.24.0&#8243; _module_preset=&#8220;default&#8220; hover_enabled=&#8220;0&#8243; global_colors_info=&#8220;{}&#8220; sticky_enabled=&#8220;0&#8243;]<\/p>\n<p>Mit PremiDoor 88 erhalten Sie komplett neu gestaltete Hebe-Schiebet\u00fcren. Mit gr\u00f6\u00dftem Komfort f\u00fcr das \u00d6ffnen und Schlie\u00dfen, mit ausgezeichneten Isolationswerten und mit einer architektonisch eleganten \u00c4sthetik. Schutz vor Regen, Wind und Schalld\u00e4mmung &#8211; auch hier beeindruckt PremiDoor 88 mit seinen herausragenden Eigenschaften. Das PremiDoor 88 System verf\u00fcgt \u00fcber eine neue Dichtungstechnologie, bei der drei Ebenen perfekt zusammenarbeiten.<\/p>\n<p>Der Trend in der Architektur setzt sich fort: Der Wunsch nach immer gr\u00f6\u00dferen, durchgehenden Glasfl\u00e4chen und mehr Offenheit. Gleichzeitig ist es wichtig, strenge Anforderungen an die Energieeinsparung zu erf\u00fcllen. Um beide Anforderungen zu erf\u00fcllen, wurde das PremiDoor 88 Lux entwickelt. Es basiert auf einem innovativen Profil von 88 mm Tiefe. Dieses Profilsystem zeichnet sich durch seine gro\u00dfe Tiefe aus, die eine hohe Stabilit\u00e4t und ausgezeichnete Isolationswerte erm\u00f6glicht, sowie einen gro\u00dfen Spielraum f\u00fcr Verglasungen von bis zu 56 mm f\u00fcr die Verwendung spezieller Einscheibensicherheitsgl\u00e4ser. <\/p>\n<p>Neben Form und Gr\u00f6\u00dfe spielen vor allem die Farbe und das Aussehen des Materials eine grundlegende Rolle. PremiDoor 88 bietet Ihnen alle Designm\u00f6glichkeiten, um Ihre architektonischen Ideen bestm\u00f6glich umzusetzen. Das Spektrum reicht von klassischem Wei\u00df \u00fcber Holzdekorfurniere, Standardfarben und Metallic-Farben bis hin zur proCoverTec-Technologie f\u00fcr die Beschichtung. Entdecken Sie die Flexibilit\u00e4t Ihrer Kombinationsm\u00f6glichkeiten und finden Sie die passende Farbkombination f\u00fcr Ihr Zuhause.<\/p>\n<p>Das System gilt auch als \u00f6kologisches Vorbild: Weltweit ist die Marke K\u00f6mmerling der erste bedeutende Profilhersteller, der neben recyceltem Material ausschlie\u00dflich bleifreies PVC mit &#8222;gr\u00fcnen&#8220; Stabilisatoren auf Calcium- und Zinkbasis f\u00fcr Kunststofffenster verwendet. Das gibt den Benutzern von K\u00f6mmerling-Produkten die Sicherheit, dass sie umweltbewusst handeln.<\/p>\n<p>[\/et_pb_text][\/et_pb_column][\/et_pb_row][\/et_pb_section]<\/p>\n","protected":false},"excerpt":{"rendered":"<p>K\u00f6mmerling PremiDoor 88 Schiebe-Hebesysteme <div class=\"et_pb_module ba_image_carousel ba_image_carousel_0\">\n\t\t\t\t\n\t\t\t\t\n\t\t\t\t\n\t\t\t\t\n\t\t\t\t\n\t\t\t\t\n\t\t\t\t<div class=\"et_pb_module_inner\">\n\t\t\t\t\t<div class=\"dtq-carousel dtq-image-carousel dtq-carousel-frontend dtq-lightbox-off\" data-settings=\"{&quot;responsive&quot;:[{&quot;breakpoint&quot;:980},{&quot;breakpoint&quot;:767}],&quot;cssEase&quot;:&quot;ease-in&quot;,&quot;swipe&quot;:true,&quot;variableWidth&quot;:false,&quot;dots&quot;:false,&quot;arrows&quot;:true,&quot;infinite&quot;:true,&quot;autoplay&quot;:true,&quot;autoplaySpeed&quot;:2000,&quot;speed&quot;:700,&quot;slidesToShow&quot;:1,&quot;slidesToScroll&quot;:1,&quot;centerPadding&quot;:&quot;70px&quot;,&quot;centerMode&quot;:false,&quot;vertical&quot;:false,&quot;prevArrow&quot;:&quot;&lt;button type=\\&quot;button\\&quot; data-icon=\\&quot;&amp;#x34;\\&quot; class=\\&quot;slick-arrow slick-prev\\&quot;&gt;Prev&lt;\\\/button&gt;&quot;,&quot;nextArrow&quot;:&quot;&lt;button type=\\&quot;button\\&quot; data-icon=\\&quot;&amp;#x35;\\&quot; class=\\&quot;slick-arrow slick-next\\&quot;&gt;Prev&lt;\\\/button&gt;&quot;}\" >\n                    \n                <\/div>\n\t\t\t\t<\/div>\n\t\t\t<\/div><div class=\"ba_image_carousel_child ba_image_carousel_child_0 ba_et_pb_module\">\n\t\t\t\t\n\t\t\t\t\n\t\t\t\t\n\t\t\t\t\n\t\t\t\t\n\t\t\t\t\n\t\t\t\t<div class=\"et_pb_module_inner\">\n\t\t\t\t\t<div class=\"dtq-carousel-item dtq-image-carousel-item dtq-swapped-img-selector dtq-hover--none\">\n                 <figure class=\"dtq-figure\">\n                    \n                    <img decoding=\"async\" class=\"dtq-swapped-img \" data-mfp-src=\"https:\/\/mixtrade.ba\/wp-content\/uploads\/2024\/02\/Kommerling-PremiDoor-88-Standard-Vanjsko-ostakljenje-Bijelo.jpg\" src=\"https:\/\/mixtrade.ba\/wp-content\/uploads\/2024\/02\/Kommerling-PremiDoor-88-Standard-Vanjsko-ostakljenje-Bijelo.jpg\"  alt=\"\"\/>\n                <\/figure> <div class=\"content content--left content--normal\"><div class=\"content-inner\"> <h3 class=\"dtq-image-title\">K\u00f6mmerling PremiDoor 88 Standard Au\u00dfenverglasung - Wei\u00df<\/h3>  <\/div><\/div>\n\t\t\t<\/div>\n\t\t\t\t<\/div>\n\t\t\t<\/div><div class=\"ba_image_carousel_child ba_image_carousel_child_1 ba_et_pb_module\">\n\t\t\t\t\n\t\t\t\t\n\t\t\t\t\n\t\t\t\t\n\t\t\t\t\n\t\t\t\t\n\t\t\t\t<div class=\"et_pb_module_inner\">\n\t\t\t\t\t<div class=\"dtq-carousel-item dtq-image-carousel-item dtq-swapped-img-selector dtq-hover--none\">\n                 <figure class=\"dtq-figure\">\n                    \n                    <img decoding=\"async\" class=\"dtq-swapped-img \" data-mfp-src=\"https:\/\/mixtrade.ba\/wp-content\/uploads\/2024\/02\/Kommerling-PremiDoor-88-Standard-Mittelpartie-bijelo.jpg\" src=\"https:\/\/mixtrade.ba\/wp-content\/uploads\/2024\/02\/Kommerling-PremiDoor-88-Standard-Mittelpartie-bijelo.jpg\"  alt=\"\"\/>\n                <\/figure> <div class=\"content content--left content--normal\"><div class=\"content-inner\"> <h3 class=\"dtq-image-title\">K\u00f6mmerling PremiDoor 88 Standard Mittelpartie Wei\u00df<\/h3>  <\/div><\/div>\n\t\t\t<\/div>\n\t\t\t\t<\/div>\n\t\t\t<\/div><div class=\"ba_image_carousel_child ba_image_carousel_child_2 ba_et_pb_module\">\n\t\t\t\t\n\t\t\t\t\n\t\t\t\t\n\t\t\t\t\n\t\t\t\t\n\t\t\t\t\n\t\t\t\t<div class=\"et_pb_module_inner\">\n\t\t\t\t\t<div class=\"dtq-carousel-item dtq-image-carousel-item dtq-swapped-img-selector dtq-hover--none\">\n                 <figure class=\"dtq-figure\">\n                    \n                    <img decoding=\"async\" class=\"dtq-swapped-img \" data-mfp-src=\"\" src=\"\"  alt=\"\"\/>\n                <\/figure> \n\t\t\t<\/div>\n\t\t\t\t<\/div>\n\t\t\t<\/div><\/p>\n","protected":false},"author":6,"featured_media":0,"parent":0,"menu_order":0,"comment_status":"closed","ping_status":"closed","template":"","meta":{"_et_pb_use_builder":"on","_et_pb_old_content":"","_et_gb_content_width":"","footnotes":""},"class_list":["post-36049","page","type-page","status-publish","hentry"],"_links":{"self":[{"href":"https:\/\/mixtrade.ba\/de\/wp-json\/wp\/v2\/pages\/36049","targetHints":{"allow":["GET"]}}],"collection":[{"href":"https:\/\/mixtrade.ba\/de\/wp-json\/wp\/v2\/pages"}],"about":[{"href":"https:\/\/mixtrade.ba\/de\/wp-json\/wp\/v2\/types\/page"}],"author":[{"embeddable":true,"href":"https:\/\/mixtrade.ba\/de\/wp-json\/wp\/v2\/users\/6"}],"replies":[{"embeddable":true,"href":"https:\/\/mixtrade.ba\/de\/wp-json\/wp\/v2\/comments?post=36049"}],"version-history":[{"count":2,"href":"https:\/\/mixtrade.ba\/de\/wp-json\/wp\/v2\/pages\/36049\/revisions"}],"predecessor-version":[{"id":36054,"href":"https:\/\/mixtrade.ba\/de\/wp-json\/wp\/v2\/pages\/36049\/revisions\/36054"}],"wp:attachment":[{"href":"https:\/\/mixtrade.ba\/de\/wp-json\/wp\/v2\/media?parent=36049"}],"curies":[{"name":"wp","href":"https:\/\/api.w.org\/{rel}","templated":true}]}}