{"id":36037,"date":"2024-02-11T20:46:58","date_gmt":"2024-02-11T18:46:58","guid":{"rendered":"https:\/\/projekat-mix-trade.dugl.ba\/koemmerling-premidoor-88-lux-aluclip-hebeschiebetueren\/"},"modified":"2024-02-13T09:58:05","modified_gmt":"2024-02-13T07:58:05","slug":"koemmerling-premidoor-88-lux-aluclip-hebeschiebetueren","status":"publish","type":"page","link":"https:\/\/mixtrade.ba\/de\/koemmerling-premidoor-88-lux-aluclip-hebeschiebetueren\/","title":{"rendered":"K\u00f6mmerling PremiDoor 88 lux AluClip Hebeschiebet\u00fcren"},"content":{"rendered":"<p>[et_pb_section fb_built=&#8220;1&#8243; admin_label=&#8220;Feature&#8220; _builder_version=&#8220;4.24.0&#8243; background_enable_image=&#8220;off&#8220; global_colors_info=&#8220;{}&#8220;][et_pb_row _builder_version=&#8220;4.24.0&#8243; background_color=&#8220;#FFFFFF&#8220; background_size=&#8220;initial&#8220; background_position=&#8220;bottom_right&#8220; max_width=&#8220;1440px&#8220; custom_padding=&#8220;0px|0px|0|0px|false|false&#8220; border_radii=&#8220;on|7px|7px|7px|7px&#8220; locked=&#8220;off&#8220; global_colors_info=&#8220;{}&#8220;][et_pb_column type=&#8220;4_4&#8243; _builder_version=&#8220;4.24.0&#8243; background_enable_image=&#8220;off&#8220; global_colors_info=&#8220;{}&#8220; custom_padding__hover=&#8220;|||&#8220;][et_pb_text _builder_version=&#8220;4.24.0&#8243; text_font=&#8220;||||||||&#8220; text_line_height=&#8220;2em&#8220; header_text_align=&#8220;center&#8220; header_text_color=&#8220;#000000&#8243; header_2_font=&#8220;Cormorant Garamond|700|||||||&#8220; header_2_font_size=&#8220;52px&#8220; header_2_line_height=&#8220;1.2em&#8220; background_layout=&#8220;dark&#8220; max_width=&#8220;100%&#8220; custom_margin=&#8220;|||&#8220; custom_padding=&#8220;15px||||false|&#8220; header_2_font_size_tablet=&#8220;42px&#8220; header_2_font_size_phone=&#8220;32px&#8220; header_2_font_size_last_edited=&#8220;on|desktop&#8220; locked=&#8220;off&#8220; global_colors_info=&#8220;{}&#8220;]<\/p>\n<h1>K\u00f6mmerling PremiDoor 88 lux AluClip Hebeschiebet\u00fcren<\/h1>\n<h2><\/h2>\n<p>[\/et_pb_text][\/et_pb_column][\/et_pb_row][et_pb_row column_structure=&#8220;2_5,3_5&#8243; _builder_version=&#8220;4.24.0&#8243; _module_preset=&#8220;default&#8220; max_width=&#8220;1440px&#8220; border_radii=&#8220;on|6px|6px|6px|6px&#8220; global_colors_info=&#8220;{}&#8220;][et_pb_column type=&#8220;2_5&#8243; _builder_version=&#8220;4.24.0&#8243; _module_preset=&#8220;default&#8220; border_radii=&#8220;on|7px|7px|7px|7px&#8220; global_colors_info=&#8220;{}&#8220;][ba_image_carousel slide_count=&#8220;1&#8243; css_transition=&#8220;ease-in&#8220; _builder_version=&#8220;4.24.0&#8243; _module_preset=&#8220;default&#8220; global_colors_info=&#8220;{}&#8220;][ba_image_carousel_child photo=&#8220;https:\/\/mixtrade.ba\/wp-content\/uploads\/2024\/02\/Kommerling-PremiDoor-88-Lux-AluClip-antracit.jpg&#8220; title=&#8220;K\u00f6mmerling PremiDoor 88 Lux AluClip antracit&#8220; _builder_version=&#8220;4.24.0&#8243; _module_preset=&#8220;default&#8220; global_colors_info=&#8220;{}&#8220;][\/ba_image_carousel_child][\/ba_image_carousel][\/et_pb_column][et_pb_column type=&#8220;3_5&#8243; _builder_version=&#8220;4.24.0&#8243; _module_preset=&#8220;default&#8220; global_colors_info=&#8220;{}&#8220;][et_pb_text _builder_version=&#8220;4.24.0&#8243; _module_preset=&#8220;default&#8220; global_colors_info=&#8220;{}&#8220;]<\/p>\n<p>PVC Hebeschiebet\u00fcren mit Aluminiumverkleidung bieten die Vorteile beider Materialien in einem Element. Auf der Au\u00dfenseite bietet Ihnen die Aluminiumverkleidung nahezu unbegrenzte Farbkombinationen, w\u00e4hrend auf der Innenseite das PVC minimale Wartungskosten, Formstabilit\u00e4t und funktionale Sicherheit gew\u00e4hrleistet.<\/p>\n<p>Mit dem PremiDoor 88 Lux AluClip hat das K\u00f6mmerling-System es geschafft, eine der wichtigsten Anforderungen von Architekten umzusetzen: noch gr\u00f6\u00dfere verglaste Fl\u00e4chen. Im Bereich der feststehenden Verglasung k\u00f6nnen die Fl\u00fcgel vollst\u00e4ndig ausgelassen werden. Die \u00e4u\u00dfere Verglasung erfolgt \u00fcber eine filigrane Aluminiumleiste. Das Ergebnis ist \u00fcberzeugend, sowohl \u00e4sthetisch als auch energetisch betrachtet. Durch die gr\u00f6\u00dfere Glasfl\u00e4che wird ein h\u00f6herer Gewinn an Sonnenenergie erzielt. Mehr Licht, mehr W\u00e4rme und besseres Design \u2013 dadurch entsteht ein h\u00f6heres Ma\u00df an Wohlbefinden und Nat\u00fcrlichkeit in Ihrer Wohnumgebung.<\/p>\n<p>PremiDoor 88 Lux AluClip sind vollst\u00e4ndig neu gestaltete Schiebet\u00fcren. Mit h\u00f6chstem Komfort beim \u00d6ffnen und Schlie\u00dfen, herausragenden Isolationswerten und einer architektonisch eleganten \u00c4sthetik. Schutz vor Regen, Windfestigkeit und Schalld\u00e4mmung &#8211; hier beeindruckt der PremiDoor 88 Lux AluClip mit seinen herausragenden Eigenschaften. <\/p>\n<p>Der Trend in der Architektur setzt sich fort: Der Wunsch nach immer gr\u00f6\u00dferen, durchgehenden Glasfl\u00e4chen und mehr Offenheit. Gleichzeitig ist es wichtig, strenge Anforderungen an die Energieeinsparung zu beachten. Um beide Anforderungen zu erf\u00fcllen, wurde der PremiDoor 88 Lux AluClip aus einem innovativen 88-mm-Profil gefertigt. Dieses Profilsystem zeichnet sich durch seine gro\u00dfe Profiltiefe aus, die eine hohe Stabilit\u00e4t und hervorragende Isolationswerte erm\u00f6glicht, sowie durch eine breite Palette von Glasoptionen bis zu 54 mm f\u00fcr den Einsatz spezieller Gl\u00e4ser. <\/p>\n<p>Das System gilt auch als \u00f6kologisches Vorbild: Weltweit ist die Marke K\u00f6mmerling der erste bedeutende Profilhersteller, der neben recyceltem Material ausschlie\u00dflich bleifreies PVC mit &#8222;gr\u00fcnen&#8220; Stabilisatoren auf Calcium- und Zinkbasis f\u00fcr Kunststofffenster verwendet. Das gibt den Benutzern von K\u00f6mmerling-Produkten die Sicherheit, dass sie umweltbewusst handeln.<\/p>\n<p>[\/et_pb_text][\/et_pb_column][\/et_pb_row][\/et_pb_section]<\/p>\n","protected":false},"excerpt":{"rendered":"<p>K\u00f6mmerling PremiDoor 88 lux AluClip Hebeschiebet\u00fcren <div class=\"et_pb_module ba_image_carousel ba_image_carousel_0\">\n\t\t\t\t\n\t\t\t\t\n\t\t\t\t\n\t\t\t\t\n\t\t\t\t\n\t\t\t\t\n\t\t\t\t<div class=\"et_pb_module_inner\">\n\t\t\t\t\t<div class=\"dtq-carousel dtq-image-carousel dtq-carousel-frontend dtq-lightbox-off\" data-settings=\"{&quot;responsive&quot;:[{&quot;breakpoint&quot;:980},{&quot;breakpoint&quot;:767}],&quot;cssEase&quot;:&quot;ease-in&quot;,&quot;swipe&quot;:true,&quot;variableWidth&quot;:false,&quot;dots&quot;:false,&quot;arrows&quot;:true,&quot;infinite&quot;:true,&quot;autoplay&quot;:true,&quot;autoplaySpeed&quot;:2000,&quot;speed&quot;:700,&quot;slidesToShow&quot;:1,&quot;slidesToScroll&quot;:1,&quot;centerPadding&quot;:&quot;70px&quot;,&quot;centerMode&quot;:false,&quot;vertical&quot;:false,&quot;prevArrow&quot;:&quot;&lt;button type=\\&quot;button\\&quot; data-icon=\\&quot;&amp;#x34;\\&quot; class=\\&quot;slick-arrow slick-prev\\&quot;&gt;Prev&lt;\\\/button&gt;&quot;,&quot;nextArrow&quot;:&quot;&lt;button type=\\&quot;button\\&quot; data-icon=\\&quot;&amp;#x35;\\&quot; class=\\&quot;slick-arrow slick-next\\&quot;&gt;Prev&lt;\\\/button&gt;&quot;}\" >\n                    <div class=\"ba_image_carousel_child ba_image_carousel_child_0 ba_et_pb_module\">\n\t\t\t\t\n\t\t\t\t\n\t\t\t\t\n\t\t\t\t\n\t\t\t\t\n\t\t\t\t\n\t\t\t\t<div class=\"et_pb_module_inner\">\n\t\t\t\t\t<div class=\"dtq-carousel-item dtq-image-carousel-item dtq-swapped-img-selector dtq-hover--none\">\n                 <figure class=\"dtq-figure\">\n                    \n                    <img decoding=\"async\" class=\"dtq-swapped-img \" data-mfp-src=\"https:\/\/mixtrade.ba\/wp-content\/uploads\/2024\/02\/Kommerling-PremiDoor-88-Lux-AluClip-antracit.jpg\" src=\"https:\/\/mixtrade.ba\/wp-content\/uploads\/2024\/02\/Kommerling-PremiDoor-88-Lux-AluClip-antracit.jpg\"  alt=\"\"\/>\n                <\/figure> <div class=\"content content--left content--normal\"><div class=\"content-inner\"> <h3 class=\"dtq-image-title\">K\u00f6mmerling PremiDoor 88 Lux AluClip antracit<\/h3>  <\/div><\/div>\n\t\t\t<\/div>\n\t\t\t\t<\/div>\n\t\t\t<\/div>\n                <\/div>\n\t\t\t\t<\/div>\n\t\t\t<\/div>PVC Hebeschiebet\u00fcren mit Aluminiumverkleidung bieten die Vorteile beider Materialien in einem Element. Auf der Au\u00dfenseite bietet Ihnen die Aluminiumverkleidung nahezu unbegrenzte Farbkombinationen, w\u00e4hrend auf der Innenseite das PVC minimale Wartungskosten, Formstabilit\u00e4t und funktionale Sicherheit [&hellip;]<\/p>\n","protected":false},"author":6,"featured_media":0,"parent":0,"menu_order":0,"comment_status":"closed","ping_status":"closed","template":"","meta":{"_et_pb_use_builder":"on","_et_pb_old_content":"","_et_gb_content_width":"","footnotes":""},"class_list":["post-36037","page","type-page","status-publish","hentry"],"_links":{"self":[{"href":"https:\/\/mixtrade.ba\/de\/wp-json\/wp\/v2\/pages\/36037","targetHints":{"allow":["GET"]}}],"collection":[{"href":"https:\/\/mixtrade.ba\/de\/wp-json\/wp\/v2\/pages"}],"about":[{"href":"https:\/\/mixtrade.ba\/de\/wp-json\/wp\/v2\/types\/page"}],"author":[{"embeddable":true,"href":"https:\/\/mixtrade.ba\/de\/wp-json\/wp\/v2\/users\/6"}],"replies":[{"embeddable":true,"href":"https:\/\/mixtrade.ba\/de\/wp-json\/wp\/v2\/comments?post=36037"}],"version-history":[{"count":2,"href":"https:\/\/mixtrade.ba\/de\/wp-json\/wp\/v2\/pages\/36037\/revisions"}],"predecessor-version":[{"id":36042,"href":"https:\/\/mixtrade.ba\/de\/wp-json\/wp\/v2\/pages\/36037\/revisions\/36042"}],"wp:attachment":[{"href":"https:\/\/mixtrade.ba\/de\/wp-json\/wp\/v2\/media?parent=36037"}],"curies":[{"name":"wp","href":"https:\/\/api.w.org\/{rel}","templated":true}]}}