{"id":36031,"date":"2023-05-14T22:01:56","date_gmt":"2023-05-14T20:01:56","guid":{"rendered":"https:\/\/projekat-mix-trade.dugl.ba\/aufzugschiebesysteme\/"},"modified":"2024-02-15T10:38:48","modified_gmt":"2024-02-15T08:38:48","slug":"aufzugschiebesysteme","status":"publish","type":"page","link":"https:\/\/mixtrade.ba\/de\/aufzugschiebesysteme\/","title":{"rendered":"Hebeschiebet\u00fcren-Systeme"},"content":{"rendered":"<p>[et_pb_section fb_built=&#8220;1&#8243; admin_label=&#8220;Feature&#8220; _builder_version=&#8220;4.24.0&#8243; background_enable_image=&#8220;off&#8220; global_colors_info=&#8220;{}&#8220;][et_pb_row _builder_version=&#8220;4.24.0&#8243; background_color=&#8220;#FFFFFF&#8220; background_size=&#8220;initial&#8220; background_position=&#8220;bottom_right&#8220; max_width=&#8220;1440px&#8220; custom_padding=&#8220;0px|0px|0|0px|false|false&#8220; border_radii=&#8220;on|7px|7px|7px|7px&#8220; locked=&#8220;off&#8220; global_colors_info=&#8220;{}&#8220;][et_pb_column type=&#8220;4_4&#8243; _builder_version=&#8220;4.24.0&#8243; background_enable_image=&#8220;off&#8220; global_colors_info=&#8220;{}&#8220; custom_padding__hover=&#8220;|||&#8220;][et_pb_text _builder_version=&#8220;4.24.0&#8243; text_font=&#8220;||||||||&#8220; text_line_height=&#8220;2em&#8220; header_text_align=&#8220;center&#8220; header_text_color=&#8220;#000000&#8243; header_2_font=&#8220;Cormorant Garamond|700|||||||&#8220; header_2_font_size=&#8220;52px&#8220; header_2_line_height=&#8220;1.2em&#8220; background_layout=&#8220;dark&#8220; max_width=&#8220;100%&#8220; custom_margin=&#8220;|||&#8220; custom_padding=&#8220;15px||||false|&#8220; header_2_font_size_tablet=&#8220;42px&#8220; header_2_font_size_phone=&#8220;32px&#8220; header_2_font_size_last_edited=&#8220;on|desktop&#8220; locked=&#8220;off&#8220; global_colors_info=&#8220;{}&#8220;]<\/p>\n<h1 style=\"text-align: center;\">Hebeschiebet\u00fcren-Systeme<\/h1>\n<h2><\/h2>\n<p>[\/et_pb_text][\/et_pb_column][\/et_pb_row][et_pb_row column_structure=&#8220;1_2,1_2&#8243; _builder_version=&#8220;4.24.0&#8243; _module_preset=&#8220;default&#8220; max_width=&#8220;1440px&#8220; border_radii=&#8220;on|6px|6px|6px|6px&#8220; global_colors_info=&#8220;{}&#8220;][et_pb_column type=&#8220;1_2&#8243; _builder_version=&#8220;4.24.0&#8243; _module_preset=&#8220;default&#8220; border_radii=&#8220;on|7px|7px|7px|7px&#8220; global_colors_info=&#8220;{}&#8220;][et_pb_blurb title=&#8220;PremiDoor 88&#8243; image=&#8220;https:\/\/mixtrade.ba\/wp-content\/uploads\/2024\/02\/PremiDoor-88.jpg&#8220; _builder_version=&#8220;4.24.0&#8243; _module_preset=&#8220;default&#8220; hover_enabled=&#8220;0&#8243; global_colors_info=&#8220;{}&#8220; sticky_enabled=&#8220;0&#8243;]<\/p>\n<p><span>Hebeschiebet\u00fcren-Systeme f\u00fcr maximale \u00d6ffnungen und maximalen Lichteinfall. Dieses System ist in vier Varianten mit ausgezeichneten Abmessungen und hervorragenden W\u00e4rmed\u00e4mmeigenschaften erh\u00e4ltlich.<\/span><\/p>\n<p><a href=\"https:\/\/mixtrade.ba\/de\/koemmerling-premidoor-88-schiebe-hebesysteme\/\"><span> \u27a1 Standard<\/span><\/a><\/p>\n<p><a href=\"https:\/\/mixtrade.ba\/de\/koemmerling-premidoor-88-aluclip-schiebe-kipp-tueren\/\"><span> \u27a1 AluClip<\/span><\/a><\/p>\n<p><a href=\"https:\/\/mixtrade.ba\/de\/koemmerling-premidoor-88-lux-hebeschiebetuer\/\"><span> \u27a1 Lux<\/span><\/a><span><\/span><\/p>\n<p><a href=\"https:\/\/mixtrade.ba\/de\/koemmerling-premidoor-88-lux-aluclip-hebeschiebetueren\/\"><span> \u27a1 Lux AluClip<\/span><\/a><\/p>\n<p>[\/et_pb_blurb][\/et_pb_column][et_pb_column type=&#8220;1_2&#8243; _builder_version=&#8220;4.24.0&#8243; _module_preset=&#8220;default&#8220; global_colors_info=&#8220;{}&#8220;][et_pb_blurb title=&#8220;PremiDoor 76&#8243; image=&#8220;https:\/\/mixtrade.ba\/wp-content\/uploads\/2024\/02\/PremiDoor-76.jpg&#8220; _builder_version=&#8220;4.24.0&#8243; _module_preset=&#8220;default&#8220; locked=&#8220;off&#8220; global_colors_info=&#8220;{}&#8220;]<\/p>\n<p><span>Ihr Traum von einem hellen Wohnraum, durchflutet von Licht, kann Realit\u00e4t werden: Mit dem innovativen System der Schiebe-Hebet\u00fcren PremiDoor 76.<\/span><\/p>\n<p><a href=\"https:\/\/mixtrade.ba\/de\/koemmerling-premidoor-76\/\"><span>\u27a1 Standard<\/span><\/a><\/p>\n<p><a href=\"https:\/\/mixtrade.ba\/de\/koemmerling-premidoor-76-aluclip\/\"><span> \u27a1 AluClip<\/span><\/a><\/p>\n<p><a href=\"https:\/\/mixtrade.ba\/de\/koemmerling-premidoor-76-lux\/\"><span> \u27a1 Lux<\/span><\/a><span><\/span><\/p>\n<p><a href=\"https:\/\/mixtrade.ba\/de\/koemmerling-premidoor-76-lux-aluclip\/\"><span> \u27a1 Lux AluClip<\/span><\/a><\/p>\n<p>[\/et_pb_blurb][\/et_pb_column][\/et_pb_row][\/et_pb_section]<\/p>\n","protected":false},"excerpt":{"rendered":"<p>Hebeschiebet\u00fcren-Systeme Hebeschiebet\u00fcren-Systeme f\u00fcr maximale \u00d6ffnungen und maximalen Lichteinfall. Dieses System ist in vier Varianten mit ausgezeichneten Abmessungen und hervorragenden W\u00e4rmed\u00e4mmeigenschaften erh\u00e4ltlich. \u27a1 Standard \u27a1 AluClip \u27a1 Lux \u27a1 Lux AluClipIhr Traum von einem hellen Wohnraum, durchflutet von Licht, kann Realit\u00e4t werden: Mit dem innovativen System der Schiebe-Hebet\u00fcren PremiDoor 76. \u27a1 Standard \u27a1 AluClip \u27a1 Lux [&hellip;]<\/p>\n","protected":false},"author":6,"featured_media":0,"parent":0,"menu_order":0,"comment_status":"closed","ping_status":"closed","template":"","meta":{"_et_pb_use_builder":"on","_et_pb_old_content":"","_et_gb_content_width":"","footnotes":""},"class_list":["post-36031","page","type-page","status-publish","hentry"],"_links":{"self":[{"href":"https:\/\/mixtrade.ba\/de\/wp-json\/wp\/v2\/pages\/36031","targetHints":{"allow":["GET"]}}],"collection":[{"href":"https:\/\/mixtrade.ba\/de\/wp-json\/wp\/v2\/pages"}],"about":[{"href":"https:\/\/mixtrade.ba\/de\/wp-json\/wp\/v2\/types\/page"}],"author":[{"embeddable":true,"href":"https:\/\/mixtrade.ba\/de\/wp-json\/wp\/v2\/users\/6"}],"replies":[{"embeddable":true,"href":"https:\/\/mixtrade.ba\/de\/wp-json\/wp\/v2\/comments?post=36031"}],"version-history":[{"count":5,"href":"https:\/\/mixtrade.ba\/de\/wp-json\/wp\/v2\/pages\/36031\/revisions"}],"predecessor-version":[{"id":36321,"href":"https:\/\/mixtrade.ba\/de\/wp-json\/wp\/v2\/pages\/36031\/revisions\/36321"}],"wp:attachment":[{"href":"https:\/\/mixtrade.ba\/de\/wp-json\/wp\/v2\/media?parent=36031"}],"curies":[{"name":"wp","href":"https:\/\/api.w.org\/{rel}","templated":true}]}}