{"id":36019,"date":"2024-02-11T23:38:20","date_gmt":"2024-02-11T21:38:20","guid":{"rendered":"https:\/\/projekat-mix-trade.dugl.ba\/koemmerling-premidoor-76-lux-aluclip\/"},"modified":"2024-02-13T07:28:50","modified_gmt":"2024-02-13T05:28:50","slug":"koemmerling-premidoor-76-lux-aluclip","status":"publish","type":"page","link":"https:\/\/mixtrade.ba\/de\/koemmerling-premidoor-76-lux-aluclip\/","title":{"rendered":"K\u00f6mmerling PremiDoor 76 lux AluClip"},"content":{"rendered":"<p>[et_pb_section fb_built=&#8220;1&#8243; admin_label=&#8220;Feature&#8220; _builder_version=&#8220;4.24.0&#8243; background_enable_image=&#8220;off&#8220; global_colors_info=&#8220;{}&#8220;][et_pb_row _builder_version=&#8220;4.24.0&#8243; background_color=&#8220;#FFFFFF&#8220; background_size=&#8220;initial&#8220; background_position=&#8220;bottom_right&#8220; max_width=&#8220;1440px&#8220; custom_padding=&#8220;0px|0px|0|0px|false|false&#8220; border_radii=&#8220;on|7px|7px|7px|7px&#8220; locked=&#8220;off&#8220; global_colors_info=&#8220;{}&#8220;][et_pb_column type=&#8220;4_4&#8243; _builder_version=&#8220;4.24.0&#8243; background_enable_image=&#8220;off&#8220; global_colors_info=&#8220;{}&#8220; custom_padding__hover=&#8220;|||&#8220;][et_pb_text _builder_version=&#8220;4.24.0&#8243; text_font=&#8220;||||||||&#8220; text_line_height=&#8220;2em&#8220; header_text_align=&#8220;center&#8220; header_text_color=&#8220;#000000&#8243; header_2_font=&#8220;Cormorant Garamond|700|||||||&#8220; header_2_font_size=&#8220;52px&#8220; header_2_line_height=&#8220;1.2em&#8220; background_layout=&#8220;dark&#8220; max_width=&#8220;100%&#8220; custom_margin=&#8220;|||&#8220; custom_padding=&#8220;15px||||false|&#8220; hover_enabled=&#8220;0&#8243; header_2_font_size_tablet=&#8220;42px&#8220; header_2_font_size_phone=&#8220;32px&#8220; header_2_font_size_last_edited=&#8220;on|desktop&#8220; locked=&#8220;off&#8220; global_colors_info=&#8220;{}&#8220; sticky_enabled=&#8220;0&#8243;]<\/p>\n<h1>K\u00f6mmerling PremiDoor 76 Lux AluClip &#8211; Mehr Licht, mehr Aussehen und nahezu unbegrenzte M\u00f6glichkeiten beim Design von Farben<\/h1>\n<h2><\/h2>\n<p>[\/et_pb_text][\/et_pb_column][\/et_pb_row][et_pb_row column_structure=&#8220;2_5,3_5&#8243; _builder_version=&#8220;4.24.0&#8243; _module_preset=&#8220;default&#8220; max_width=&#8220;1440px&#8220; border_radii=&#8220;on|6px|6px|6px|6px&#8220; global_colors_info=&#8220;{}&#8220;][et_pb_column type=&#8220;2_5&#8243; _builder_version=&#8220;4.24.0&#8243; _module_preset=&#8220;default&#8220; border_radii=&#8220;on|7px|7px|7px|7px&#8220; global_colors_info=&#8220;{}&#8220;][ba_image_carousel slide_count=&#8220;1&#8243; css_transition=&#8220;ease-in&#8220; _builder_version=&#8220;4.24.0&#8243; _module_preset=&#8220;default&#8220; hover_enabled=&#8220;0&#8243; global_colors_info=&#8220;{}&#8220; sticky_enabled=&#8220;0&#8243;][ba_image_carousel_child photo=&#8220;https:\/\/mixtrade.ba\/wp-content\/uploads\/2024\/02\/Kommerling-PremiDoor-76-Lux-AluClip-nocno-plava.jpg&#8220; _builder_version=&#8220;4.24.0&#8243; _module_preset=&#8220;default&#8220; title_text=&#8220;K\u00f6mmerling PremiDoor 76 Lux AluClip no\u0107no plava&#8220; title=&#8220;K\u00f6mmerling PremiDoor 76 Lux AluClip &#8211; Nachtblau&#8220; hover_enabled=&#8220;0&#8243; sticky_enabled=&#8220;0&#8243;][\/ba_image_carousel_child][\/ba_image_carousel][\/et_pb_column][et_pb_column type=&#8220;3_5&#8243; _builder_version=&#8220;4.24.0&#8243; _module_preset=&#8220;default&#8220; global_colors_info=&#8220;{}&#8220;][et_pb_text _builder_version=&#8220;4.24.0&#8243; _module_preset=&#8220;default&#8220; hover_enabled=&#8220;0&#8243; global_colors_info=&#8220;{}&#8220; sticky_enabled=&#8220;0&#8243;]<\/p>\n<p>U der Ausf\u00fchrung des PremiDoor 76 Lux mit AluClip wird die intelligente Fl\u00fcgelkonstruktion reduziert, was extrem schlanke Profilfl\u00e4chen erm\u00f6glicht und somit gr\u00f6\u00dfere Glasfl\u00e4chen erm\u00f6glicht, was zu einer h\u00f6heren solaren W\u00e4rmeausbeute f\u00fchrt. Zus\u00e4tzlich kombiniert die angeklipste Aluminiumverkleidung am Profil die Vorteile beider Materialien in einer Konstruktion. Von au\u00dfen bietet die Aluminiumverkleidung nahezu unbegrenzte Farbm\u00f6glichkeiten, w\u00e4hrend die Kunststoffprofile auf der Innenseite minimale Wartungsanforderungen, Formstabilit\u00e4t und hohe funktionale Zuverl\u00e4ssigkeit gew\u00e4hrleisten.<\/p>\n<p>Erf\u00fcllen Sie sich Ihren Traum von einem lichtdurchfluteten Zuhause mit dem innovativen Schiebet\u00fcrsystem PremiDoor 76 Lux AluClip. Schiebet\u00fcren k\u00f6nnen bis zu einer Breite von 6,00 Metern und einer H\u00f6he von 2,40 Metern gefertigt werden. Ganz gleich, ob es sich um einen gr\u00fcnen Garten oder einen urbanen Horizont handelt &#8211; mit dem PremiDoor 76 Lux AluClip k\u00f6nnen Sie die Au\u00dfenwelt dank gro\u00dfz\u00fcgiger Glasfl\u00e4chen in Ihre Wohnumgebung holen. Das moderne barrierefreie System \u00fcberzeugt mit maximaler Benutzerfreundlichkeit und hoher W\u00e4rmed\u00e4mmung. Es spielt keine Rolle, ob es sich um einen Neubau oder eine Altbausanierung handelt: Das Klappsystem PremiDoor 76 AluClip bietet Ihnen die ideale L\u00f6sung. Sichern Sie sich neue Freiheit f\u00fcr Ihr Zuhause.<\/p>\n<p>Mit seiner durchgehenden F\u00fcnfkammerkonstruktion und seiner kompakten Tiefe von 189,5 mm ist das PremiDoor 76 Lux AluClip ideal f\u00fcr Renovierungen geeignet. Sie k\u00f6nnen f\u00fcr Glasst\u00e4rken von bis zu 50 mm verwendet werden. Die schmalen Sichtfl\u00e4chen des Rahmens, des Fl\u00fcgels und des Mittelverschlusses erm\u00f6glichen einen gro\u00dfen Lichteinfall. Mit einem Uf-Durchschnittswert von 1,3 W\/(m\u00b2K) weist diese Neuheit bereits in der Standardausf\u00fchrung der Schiebet\u00fcren eine herausragende W\u00e4rmed\u00e4mmung auf. Das schwellenlose System geh\u00f6rt ebenfalls zur Standardausf\u00fchrung. Das System ist so konzipiert, dass es leicht und wirtschaftlich an Ihre individuellen Sicherheitsbed\u00fcrfnisse angepasst werden kann &#8211; bis zum Widerstandsniveau RC 2.<\/p>\n<p>Das System gilt auch als \u00f6kologisches Vorbild: Weltweit ist die Marke K\u00f6mmerling der erste bedeutende Profilhersteller, der neben recyceltem Material ausschlie\u00dflich bleifreies PVC mit &#8222;gr\u00fcnen&#8220; Stabilisatoren auf Calcium- und Zinkbasis f\u00fcr Kunststofffenster verwendet. Das gibt den Benutzern von K\u00f6mmerling-Produkten die Sicherheit, dass sie umweltbewusst handeln.<\/p>\n<p>[\/et_pb_text][\/et_pb_column][\/et_pb_row][\/et_pb_section]<\/p>\n","protected":false},"excerpt":{"rendered":"<p>K\u00f6mmerling PremiDoor 76 Lux AluClip &#8211; Mehr Licht, mehr Aussehen und nahezu unbegrenzte M\u00f6glichkeiten beim Design von Farben <div class=\"et_pb_module ba_image_carousel ba_image_carousel_0\">\n\t\t\t\t\n\t\t\t\t\n\t\t\t\t\n\t\t\t\t\n\t\t\t\t\n\t\t\t\t\n\t\t\t\t<div class=\"et_pb_module_inner\">\n\t\t\t\t\t<div class=\"dtq-carousel dtq-image-carousel dtq-carousel-frontend dtq-lightbox-off\" data-settings=\"{&quot;responsive&quot;:[{&quot;breakpoint&quot;:980},{&quot;breakpoint&quot;:767}],&quot;cssEase&quot;:&quot;ease-in&quot;,&quot;swipe&quot;:true,&quot;variableWidth&quot;:false,&quot;dots&quot;:false,&quot;arrows&quot;:true,&quot;infinite&quot;:true,&quot;autoplay&quot;:true,&quot;autoplaySpeed&quot;:2000,&quot;speed&quot;:700,&quot;slidesToShow&quot;:1,&quot;slidesToScroll&quot;:1,&quot;centerPadding&quot;:&quot;70px&quot;,&quot;centerMode&quot;:false,&quot;vertical&quot;:false,&quot;prevArrow&quot;:&quot;&lt;button type=\\&quot;button\\&quot; data-icon=\\&quot;&amp;#x34;\\&quot; class=\\&quot;slick-arrow slick-prev\\&quot;&gt;Prev&lt;\\\/button&gt;&quot;,&quot;nextArrow&quot;:&quot;&lt;button type=\\&quot;button\\&quot; data-icon=\\&quot;&amp;#x35;\\&quot; class=\\&quot;slick-arrow slick-next\\&quot;&gt;Prev&lt;\\\/button&gt;&quot;}\" >\n                    <div class=\"ba_image_carousel_child ba_image_carousel_child_0 ba_et_pb_module\">\n\t\t\t\t\n\t\t\t\t\n\t\t\t\t\n\t\t\t\t\n\t\t\t\t\n\t\t\t\t\n\t\t\t\t<div class=\"et_pb_module_inner\">\n\t\t\t\t\t<div class=\"dtq-carousel-item dtq-image-carousel-item dtq-swapped-img-selector dtq-hover--none\">\n                 <figure class=\"dtq-figure\">\n                    \n                    <img decoding=\"async\" class=\"dtq-swapped-img \" data-mfp-src=\"https:\/\/mixtrade.ba\/wp-content\/uploads\/2024\/02\/Kommerling-PremiDoor-76-Lux-AluClip-nocno-plava.jpg\" src=\"https:\/\/mixtrade.ba\/wp-content\/uploads\/2024\/02\/Kommerling-PremiDoor-76-Lux-AluClip-nocno-plava.jpg\"  alt=\"\"\/>\n                <\/figure> <div class=\"content content--left content--normal\"><div class=\"content-inner\"> <h3 class=\"dtq-image-title\">K\u00f6mmerling PremiDoor 76 Lux AluClip - Nachtblau<\/h3>  <\/div><\/div>\n\t\t\t<\/div>\n\t\t\t\t<\/div>\n\t\t\t<\/div>\n                <\/div>\n\t\t\t\t<\/div>\n\t\t\t<\/div>U der Ausf\u00fchrung des PremiDoor 76 Lux mit AluClip wird die [&hellip;]<\/p>\n","protected":false},"author":6,"featured_media":0,"parent":0,"menu_order":0,"comment_status":"closed","ping_status":"closed","template":"","meta":{"_et_pb_use_builder":"on","_et_pb_old_content":"","_et_gb_content_width":"","footnotes":""},"class_list":["post-36019","page","type-page","status-publish","hentry"],"_links":{"self":[{"href":"https:\/\/mixtrade.ba\/de\/wp-json\/wp\/v2\/pages\/36019","targetHints":{"allow":["GET"]}}],"collection":[{"href":"https:\/\/mixtrade.ba\/de\/wp-json\/wp\/v2\/pages"}],"about":[{"href":"https:\/\/mixtrade.ba\/de\/wp-json\/wp\/v2\/types\/page"}],"author":[{"embeddable":true,"href":"https:\/\/mixtrade.ba\/de\/wp-json\/wp\/v2\/users\/6"}],"replies":[{"embeddable":true,"href":"https:\/\/mixtrade.ba\/de\/wp-json\/wp\/v2\/comments?post=36019"}],"version-history":[{"count":2,"href":"https:\/\/mixtrade.ba\/de\/wp-json\/wp\/v2\/pages\/36019\/revisions"}],"predecessor-version":[{"id":36024,"href":"https:\/\/mixtrade.ba\/de\/wp-json\/wp\/v2\/pages\/36019\/revisions\/36024"}],"wp:attachment":[{"href":"https:\/\/mixtrade.ba\/de\/wp-json\/wp\/v2\/media?parent=36019"}],"curies":[{"name":"wp","href":"https:\/\/api.w.org\/{rel}","templated":true}]}}