{"id":36007,"date":"2020-10-12T11:32:12","date_gmt":"2020-10-12T09:32:12","guid":{"rendered":"https:\/\/projekat-mix-trade.dugl.ba\/ueber-uns\/"},"modified":"2024-02-18T01:10:42","modified_gmt":"2024-02-17T23:10:42","slug":"ueber-uns","status":"publish","type":"page","link":"https:\/\/mixtrade.ba\/de\/ueber-uns\/","title":{"rendered":"\u00dcber uns"},"content":{"rendered":"<p>[et_pb_section fb_built=&#8220;1&#8243; disabled_on=&#8220;off|off|off&#8220; _builder_version=&#8220;4.24.0&#8243; _module_preset=&#8220;default&#8220; background_color=&#8220;rgba(19,32,51,0.25)&#8220; background_image=&#8220;https:\/\/mixtrade.ba\/wp-content\/uploads\/2024\/02\/Mix-Trade-Prnjavor-BiH-1.jpg&#8220; background_blend=&#8220;multiply&#8220; custom_padding=&#8220;||0px|||&#8220; global_colors_info=&#8220;{}&#8220;][et_pb_row _builder_version=&#8220;4.23.1&#8243; _module_preset=&#8220;default&#8220; module_alignment=&#8220;center&#8220; global_colors_info=&#8220;{}&#8220;][et_pb_column type=&#8220;4_4&#8243; _builder_version=&#8220;4.21.0&#8243; _module_preset=&#8220;default&#8220; global_colors_info=&#8220;{}&#8220;][et_pb_slider _builder_version=&#8220;4.24.0&#8243; _module_preset=&#8220;default&#8220; header_level=&#8220;h1&#8243; header_font=&#8220;|700|||||||&#8220; header_text_align=&#8220;left&#8220; header_font_size=&#8220;33px&#8220; body_font_size=&#8220;15px&#8220; background_color=&#8220;RGBA(255,255,255,0)&#8220; button_alignment=&#8220;left&#8220; custom_padding=&#8220;||||false|false&#8220; hover_enabled=&#8220;0&#8243; global_colors_info=&#8220;{}&#8220; sticky_enabled=&#8220;0&#8243;][et_pb_slide heading=&#8220;Mix Trade Prnjavor&#8220; button_link=&#8220;@ET-DC@eyJkeW5hbWljIjp0cnVlLCJjb250ZW50IjoicG9zdF9saW5rX3VybF9wYWdlIiwic2V0dGluZ3MiOnsicG9zdF9pZCI6IjM1MDAzIiwiZW5hYmxlX2h0bWwiOiJvZmYifX0=@&#8220; _builder_version=&#8220;4.24.0&#8243; _dynamic_attributes=&#8220;button_link&#8220; _module_preset=&#8220;default&#8220; header_level=&#8220;h1&#8243; header_font=&#8220;||||||||&#8220; header_text_align=&#8220;left&#8220; header_font_size=&#8220;27px&#8220; body_text_align=&#8220;left&#8220; custom_button=&#8220;on&#8220; button_text_color=&#8220;#FFFFFF&#8220; button_bg_color=&#8220;#0C71C3&#8243; hover_enabled=&#8220;0&#8243; global_colors_info=&#8220;{}&#8220; button_bg_color__hover_enabled=&#8220;on|hover&#8220; button_bg_color__hover=&#8220;#8300E9&#8243; button_bg_enable_color__hover=&#8220;on&#8220; sticky_transition=&#8220;on&#8220; sticky_enabled=&#8220;0&#8243;]<\/p>\n<h3><span>\u00d6ffnen Sie die T\u00fcr zu neuem Komfort: Herstellung hochwertiger PVC- und Aluminiumprodukte f\u00fcr Ihr Zuhause.<\/span><\/h3>\n<p>[\/et_pb_slide][\/et_pb_slider][\/et_pb_column][\/et_pb_row][\/et_pb_section][et_pb_section fb_built=&#8220;1&#8243; admin_label=&#8220;About Us&#8220; _builder_version=&#8220;4.24.0&#8243; custom_padding=&#8220;15px|0px|0|0px|false|false&#8220; global_colors_info=&#8220;{}&#8220;][et_pb_row _builder_version=&#8220;4.23.1&#8243; max_width=&#8220;1230px&#8220; global_colors_info=&#8220;{}&#8220;][et_pb_column type=&#8220;4_4&#8243; _builder_version=&#8220;4.23.1&#8243; custom_padding=&#8220;|||&#8220; global_colors_info=&#8220;{}&#8220; custom_padding__hover=&#8220;|||&#8220;][et_pb_text _builder_version=&#8220;4.24.0&#8243; text_font=&#8220;||||||||&#8220; text_font_size=&#8220;15px&#8220; text_line_height=&#8220;2em&#8220; ul_font=&#8220;|700|||||||&#8220; ul_line_height=&#8220;2em&#8220; ol_font=&#8220;||||||||&#8220; header_font=&#8220;||||||||&#8220; header_2_font=&#8220;|700|||||||&#8220; header_2_font_size=&#8220;24px&#8220; header_2_line_height=&#8220;1.4em&#8220; header_3_font=&#8220;||||||||&#8220; header_4_font=&#8220;||||||||&#8220; header_5_font=&#8220;|600|||||||&#8220; header_5_font_size=&#8220;23px&#8220; header_6_font=&#8220;||||||||&#8220; header_2_font_size_tablet=&#8220;&#8220; header_2_font_size_phone=&#8220;24px&#8220; header_2_font_size_last_edited=&#8220;on|phone&#8220; global_colors_info=&#8220;{}&#8220;]<\/p>\n<p>Das Unternehmen wurde 2016 gegr\u00fcndet, und die erste T\u00e4tigkeit war die Herstellung von fertigen Holzprodukten wie Massivholzm\u00f6beln. Nachdem im vergangenen Jahr reichlich Erfahrungen gesammelt wurden, hat sich das Unternehmen sowohl auf dem heimischen als auch auf dem ausl\u00e4ndischen Markt in der Herstellung von Massiv- und Plattenm\u00f6beln f\u00fcr H\u00e4user, insbesondere Zimmert\u00fcren, positioniert.<\/p>\n<p>Mit der Zeit stieg die Nachfrage unserer Kunden nach Angeboten f\u00fcr PVC- und Aluminiumfenster und -t\u00fcren immer mehr an.<\/p>\n<p>Wir haben uns f\u00fcr diesen Schritt entschieden und verf\u00fcgen nun \u00fcber eine respektable Produktionsst\u00e4tte, in der wir Kommering-Profilfenster, Balkont\u00fcren, Eingangst\u00fcren, Hebe-Schiebe-Systeme, Aluminiumrolll\u00e4den, Fliegengitter und Fensterb\u00e4nke herstellen!<\/p>\n<p>Das Unternehmen betreibt auf 700 m\u00b2 Produktionsfl\u00e4che und besch\u00e4ftigt 9 erfahrene Mitarbeiter in Vollzeit!<\/p>\n<p>Wir haben viele zufriedene Kunden in Bosnien und Herzegowina, Kroatien, \u00d6sterreich und Deutschland!<\/p>\n<p>Das Ziel ist immer ein zufriedener und respektierter Kunde an erster Stelle, und die Mission ist es, stets ein kompaktes, qualitativ hochwertiges, modernes, zuverl\u00e4ssiges und erkennbares Produkt zu schaffen, das von echten Kunden erkannt wird.<\/p>\n<p>[\/et_pb_text][\/et_pb_column][\/et_pb_row][\/et_pb_section]<\/p>\n","protected":false},"excerpt":{"rendered":"<p>\u00d6ffnen Sie die T\u00fcr zu neuem Komfort: Herstellung hochwertiger PVC- und Aluminiumprodukte f\u00fcr Ihr Zuhause.Das Unternehmen wurde 2016 gegr\u00fcndet, und die erste T\u00e4tigkeit war die Herstellung von fertigen Holzprodukten wie Massivholzm\u00f6beln. Nachdem im vergangenen Jahr reichlich Erfahrungen gesammelt wurden, hat sich das Unternehmen sowohl auf dem heimischen als auch auf dem ausl\u00e4ndischen Markt in der [&hellip;]<\/p>\n","protected":false},"author":6,"featured_media":0,"parent":0,"menu_order":0,"comment_status":"closed","ping_status":"closed","template":"","meta":{"_et_pb_use_builder":"on","_et_pb_old_content":"","_et_gb_content_width":"","footnotes":""},"class_list":["post-36007","page","type-page","status-publish","hentry"],"_links":{"self":[{"href":"https:\/\/mixtrade.ba\/de\/wp-json\/wp\/v2\/pages\/36007","targetHints":{"allow":["GET"]}}],"collection":[{"href":"https:\/\/mixtrade.ba\/de\/wp-json\/wp\/v2\/pages"}],"about":[{"href":"https:\/\/mixtrade.ba\/de\/wp-json\/wp\/v2\/types\/page"}],"author":[{"embeddable":true,"href":"https:\/\/mixtrade.ba\/de\/wp-json\/wp\/v2\/users\/6"}],"replies":[{"embeddable":true,"href":"https:\/\/mixtrade.ba\/de\/wp-json\/wp\/v2\/comments?post=36007"}],"version-history":[{"count":16,"href":"https:\/\/mixtrade.ba\/de\/wp-json\/wp\/v2\/pages\/36007\/revisions"}],"predecessor-version":[{"id":36513,"href":"https:\/\/mixtrade.ba\/de\/wp-json\/wp\/v2\/pages\/36007\/revisions\/36513"}],"wp:attachment":[{"href":"https:\/\/mixtrade.ba\/de\/wp-json\/wp\/v2\/media?parent=36007"}],"curies":[{"name":"wp","href":"https:\/\/api.w.org\/{rel}","templated":true}]}}