{"id":35995,"date":"2024-02-11T22:30:29","date_gmt":"2024-02-11T20:30:29","guid":{"rendered":"https:\/\/projekat-mix-trade.dugl.ba\/koemmerling-premidoor-76\/"},"modified":"2024-02-14T00:07:30","modified_gmt":"2024-02-13T22:07:30","slug":"koemmerling-premidoor-76","status":"publish","type":"page","link":"https:\/\/mixtrade.ba\/de\/koemmerling-premidoor-76\/","title":{"rendered":"K\u00f6mmerling PremiDoor 76"},"content":{"rendered":"<p>[et_pb_section fb_built=&#8220;1&#8243; admin_label=&#8220;Feature&#8220; _builder_version=&#8220;4.24.0&#8243; background_enable_image=&#8220;off&#8220; global_colors_info=&#8220;{}&#8220;][et_pb_row _builder_version=&#8220;4.24.0&#8243; background_color=&#8220;#FFFFFF&#8220; background_size=&#8220;initial&#8220; background_position=&#8220;bottom_right&#8220; max_width=&#8220;1440px&#8220; custom_padding=&#8220;0px|0px|0|0px|false|false&#8220; border_radii=&#8220;on|7px|7px|7px|7px&#8220; locked=&#8220;off&#8220; global_colors_info=&#8220;{}&#8220;][et_pb_column type=&#8220;4_4&#8243; _builder_version=&#8220;4.24.0&#8243; background_enable_image=&#8220;off&#8220; global_colors_info=&#8220;{}&#8220; custom_padding__hover=&#8220;|||&#8220;][et_pb_text _builder_version=&#8220;4.24.0&#8243; text_font=&#8220;||||||||&#8220; text_line_height=&#8220;2em&#8220; header_text_align=&#8220;center&#8220; header_text_color=&#8220;#000000&#8243; header_2_font=&#8220;Cormorant Garamond|700|||||||&#8220; header_2_font_size=&#8220;52px&#8220; header_2_line_height=&#8220;1.2em&#8220; background_layout=&#8220;dark&#8220; max_width=&#8220;100%&#8220; custom_margin=&#8220;|||&#8220; custom_padding=&#8220;15px||||false|&#8220; hover_enabled=&#8220;0&#8243; header_2_font_size_tablet=&#8220;42px&#8220; header_2_font_size_phone=&#8220;32px&#8220; header_2_font_size_last_edited=&#8220;on|desktop&#8220; locked=&#8220;off&#8220; global_colors_info=&#8220;{}&#8220; sticky_enabled=&#8220;0&#8243;]<\/p>\n<h1>K\u00f6mmerling PremiDoor 76 &#8211; Freuen Sie sich auf ein neues, luxuri\u00f6ses Leben und Lebensstil.<\/h1>\n<h2><\/h2>\n<p>[\/et_pb_text][\/et_pb_column][\/et_pb_row][et_pb_row column_structure=&#8220;2_5,3_5&#8243; _builder_version=&#8220;4.24.0&#8243; _module_preset=&#8220;default&#8220; max_width=&#8220;1440px&#8220; border_radii=&#8220;on|6px|6px|6px|6px&#8220; global_colors_info=&#8220;{}&#8220;][et_pb_column type=&#8220;2_5&#8243; _builder_version=&#8220;4.24.0&#8243; _module_preset=&#8220;default&#8220; border_radii=&#8220;on|7px|7px|7px|7px&#8220; global_colors_info=&#8220;{}&#8220;][ba_image_carousel slide_count=&#8220;1&#8243; css_transition=&#8220;ease-in&#8220; _builder_version=&#8220;4.24.0&#8243; _module_preset=&#8220;default&#8220; hover_enabled=&#8220;0&#8243; global_colors_info=&#8220;{}&#8220; sticky_enabled=&#8220;0&#8243;][ba_image_carousel_child photo=&#8220;https:\/\/mixtrade.ba\/wp-content\/uploads\/2024\/02\/Kommerling-PremiDoor-76-Standard-bijela.jpg&#8220; _builder_version=&#8220;4.24.0&#8243; _module_preset=&#8220;default&#8220; title_text=&#8220;K\u00f6mmerling PremiDoor 76 Standard bijela&#8220; title=&#8220;K\u00f6mmerling PremiDoor 76 Standard Wei\u00df&#8220; hover_enabled=&#8220;0&#8243; sticky_enabled=&#8220;0&#8243;][\/ba_image_carousel_child][ba_image_carousel_child photo=&#8220;https:\/\/mixtrade.ba\/wp-content\/uploads\/2024\/02\/Kommerling-PremiDoor-76-Standard-pokrvivac-od-celika.jpg&#8220; _builder_version=&#8220;4.24.0&#8243; _module_preset=&#8220;default&#8220; title_text=&#8220;K\u00f6mmerling PremiDoor 76 Standard pokrvivac od \u010delika&#8220; title=&#8220;K\u00f6mmerling PremiDoor 76 Standard Stahlverkleidung&#8220; hover_enabled=&#8220;0&#8243; sticky_enabled=&#8220;0&#8243;][\/ba_image_carousel_child][ba_image_carousel_child photo=&#8220;https:\/\/mixtrade.ba\/wp-content\/uploads\/2024\/02\/Kommerling-PremiDoor-76-Standard-signalno-siva.jpg&#8220; _builder_version=&#8220;4.24.0&#8243; _module_preset=&#8220;default&#8220; title_text=&#8220;K\u00f6mmerling PremiDoor 76 Standard signalno siva&#8220; title=&#8220;K\u00f6mmerling PremiDoor 76 Standard Signalfarbe Grau&#8220; hover_enabled=&#8220;0&#8243; sticky_enabled=&#8220;0&#8243;][\/ba_image_carousel_child][ba_image_carousel_child photo=&#8220;https:\/\/mixtrade.ba\/wp-content\/uploads\/2024\/02\/Kommerling-PremiDoor-76-Standard-tamnocrvena.jpg&#8220; _builder_version=&#8220;4.24.0&#8243; _module_preset=&#8220;default&#8220; title_text=&#8220;K\u00f6mmerling PremiDoor 76 Standard tamnocrvena&#8220; title=&#8220;K\u00f6mmerling PremiDoor 76 Standard Dunkelrot&#8220; hover_enabled=&#8220;0&#8243; sticky_enabled=&#8220;0&#8243;][\/ba_image_carousel_child][ba_image_carousel_child photo=&#8220;https:\/\/mixtrade.ba\/wp-content\/uploads\/2024\/02\/Kommerling-PremiDoor-76-Standard-zlatni-hrast.jpg&#8220; _builder_version=&#8220;4.24.0&#8243; _module_preset=&#8220;default&#8220; title_text=&#8220;K\u00f6mmerling PremiDoor 76 Standard zlatni hrast&#8220; title=&#8220;K\u00f6mmerling PremiDoor 76 Standard Goldeneiche&#8220; hover_enabled=&#8220;0&#8243; sticky_enabled=&#8220;0&#8243;][\/ba_image_carousel_child][ba_image_carousel_child photo=&#8220;https:\/\/mixtrade.ba\/wp-content\/uploads\/2024\/02\/Kommerling-PremiDoor-76-Standard-srednji-dio-bijeli.jpg&#8220; _builder_version=&#8220;4.24.0&#8243; _module_preset=&#8220;default&#8220; alt=&#8220;K\u00f6mmerling PremiDoor 76 Standard srednji dio bijeli&#8220; title_text=&#8220;K\u00f6mmerling PremiDoor 76 Standard srednji dio bijeli&#8220; title=&#8220;K\u00f6mmerling PremiDoor 76 Standard Mittelteil Wei\u00df&#8220; hover_enabled=&#8220;0&#8243; sticky_enabled=&#8220;0&#8243;][\/ba_image_carousel_child][\/ba_image_carousel][\/et_pb_column][et_pb_column type=&#8220;3_5&#8243; _builder_version=&#8220;4.24.0&#8243; _module_preset=&#8220;default&#8220; global_colors_info=&#8220;{}&#8220;][et_pb_text _builder_version=&#8220;4.24.0&#8243; _module_preset=&#8220;default&#8220; hover_enabled=&#8220;0&#8243; global_colors_info=&#8220;{}&#8220; sticky_enabled=&#8220;0&#8243;]<\/p>\n<p>Erf\u00fcllen Sie Ihren Traum von hellen R\u00e4umen in Ihrem Zuhause: Mit dem innovativen Schiebesystem PremiDoor 76. Die Schiebet\u00fcren k\u00f6nnen bis zu 6,50 m Breite und 2,60 m H\u00f6he hergestellt werden. Egal ob gr\u00fcner Garten oder st\u00e4dtischer Horizont &#8211; PremiDoor 76 erm\u00f6glicht Ihnen die Integration der Au\u00dfenwelt in Ihre Lebensumgebung durch gro\u00dfe Glasfl\u00e4chen. Das moderne barrierefreie System \u00fcberzeugt mit maximalem Bedienkomfort und hoher W\u00e4rmed\u00e4mmung. Ob es sich um einen Neubau oder die Renovierung eines bestehenden Geb\u00e4udes handelt: Das Schiebesystem PremiDoor 76 bietet Ihnen die ideale L\u00f6sung. Bringen Sie eine neue Freiheit in Ihr Zuhause.<\/p>\n<p>Durch die durchg\u00e4ngige F\u00fcnfkammerkonstruktion und dank seiner kompakten Bautiefe von 179 mm ist PremiDoor 76 Lux ideal f\u00fcr Renovierungsprojekte. Die Verglasung kann bis zu 50 mm Dicke eingebaut werden. Das schlanke Profildesign &#8211; mit einer Rahmentiefe von 65 mm, einer Fl\u00fcgeltiefe von 100 mm und einer Mitteldichtungstiefe von 103 mm &#8211; gew\u00e4hrleistet eine hohe Lichtdurchl\u00e4ssigkeit. Mit einem durchschnittlichen Uf-Wert von 1,4 W\/(m\u00b2K) bietet dieses neue Produkt bereits in der Standardausf\u00fchrung eine hervorragende W\u00e4rmed\u00e4mmung f\u00fcr Schiebet\u00fcren. Das barrierefreie Schwelle-System geh\u00f6rt ebenfalls zum Standarddesign. Das System ist so konzipiert, dass es leicht und wirtschaftlich an Ihre individuellen Sicherheitsanforderungen angepasst werden kann &#8211; bis zum Widerstandsniveau RC 2.<\/p>\n<p>PremiDoor 76 kann in Wei\u00df, foliert in Holzdekoren, Standardfarben und Metallic-Farben geliefert werden &#8211; nach Ihren W\u00fcnschen einseitig mit Au\u00dfenfolie und innen wei\u00df oder beidseitig foliert.<\/p>\n<p>Das System gilt auch als \u00f6kologisches Vorbild: Weltweit ist die Marke K\u00f6mmerling der erste bedeutende Profilhersteller, der neben recyceltem Material ausschlie\u00dflich bleifreies PVC mit &#8222;gr\u00fcnen&#8220; Stabilisatoren auf Calcium- und Zinkbasis f\u00fcr Kunststofffenster verwendet. Das gibt den Benutzern von K\u00f6mmerling-Produkten die Sicherheit, dass sie umweltbewusst handeln.<\/p>\n<p>[\/et_pb_text][\/et_pb_column][\/et_pb_row][\/et_pb_section]<\/p>\n","protected":false},"excerpt":{"rendered":"<p>K\u00f6mmerling PremiDoor 76 &#8211; Freuen Sie sich auf ein neues, luxuri\u00f6ses Leben und Lebensstil. <div class=\"et_pb_module ba_image_carousel ba_image_carousel_0\">\n\t\t\t\t\n\t\t\t\t\n\t\t\t\t\n\t\t\t\t\n\t\t\t\t\n\t\t\t\t\n\t\t\t\t<div class=\"et_pb_module_inner\">\n\t\t\t\t\t<div class=\"dtq-carousel dtq-image-carousel dtq-carousel-frontend dtq-lightbox-off\" data-settings=\"{&quot;responsive&quot;:[{&quot;breakpoint&quot;:980},{&quot;breakpoint&quot;:767}],&quot;cssEase&quot;:&quot;ease-in&quot;,&quot;swipe&quot;:true,&quot;variableWidth&quot;:false,&quot;dots&quot;:false,&quot;arrows&quot;:true,&quot;infinite&quot;:true,&quot;autoplay&quot;:true,&quot;autoplaySpeed&quot;:2000,&quot;speed&quot;:700,&quot;slidesToShow&quot;:1,&quot;slidesToScroll&quot;:1,&quot;centerPadding&quot;:&quot;70px&quot;,&quot;centerMode&quot;:false,&quot;vertical&quot;:false,&quot;prevArrow&quot;:&quot;&lt;button type=\\&quot;button\\&quot; data-icon=\\&quot;&amp;#x34;\\&quot; class=\\&quot;slick-arrow slick-prev\\&quot;&gt;Prev&lt;\\\/button&gt;&quot;,&quot;nextArrow&quot;:&quot;&lt;button type=\\&quot;button\\&quot; data-icon=\\&quot;&amp;#x35;\\&quot; class=\\&quot;slick-arrow slick-next\\&quot;&gt;Prev&lt;\\\/button&gt;&quot;}\" >\n                    \n                <\/div>\n\t\t\t\t<\/div>\n\t\t\t<\/div><div class=\"ba_image_carousel_child ba_image_carousel_child_0 ba_et_pb_module\">\n\t\t\t\t\n\t\t\t\t\n\t\t\t\t\n\t\t\t\t\n\t\t\t\t\n\t\t\t\t\n\t\t\t\t<div class=\"et_pb_module_inner\">\n\t\t\t\t\t<div class=\"dtq-carousel-item dtq-image-carousel-item dtq-swapped-img-selector dtq-hover--none\">\n                 <figure class=\"dtq-figure\">\n                    \n                    <img decoding=\"async\" class=\"dtq-swapped-img \" data-mfp-src=\"https:\/\/mixtrade.ba\/wp-content\/uploads\/2024\/02\/Kommerling-PremiDoor-76-Standard-bijela.jpg\" src=\"https:\/\/mixtrade.ba\/wp-content\/uploads\/2024\/02\/Kommerling-PremiDoor-76-Standard-bijela.jpg\"  alt=\"\"\/>\n                <\/figure> <div class=\"content content--left content--normal\"><div class=\"content-inner\"> <h3 class=\"dtq-image-title\">K\u00f6mmerling PremiDoor 76 Standard Wei\u00df<\/h3>  <\/div><\/div>\n\t\t\t<\/div>\n\t\t\t\t<\/div>\n\t\t\t<\/div><div class=\"ba_image_carousel_child ba_image_carousel_child_1 ba_et_pb_module\">\n\t\t\t\t\n\t\t\t\t\n\t\t\t\t\n\t\t\t\t\n\t\t\t\t\n\t\t\t\t\n\t\t\t\t<div class=\"et_pb_module_inner\">\n\t\t\t\t\t<div class=\"dtq-carousel-item dtq-image-carousel-item dtq-swapped-img-selector dtq-hover--none\">\n                 <figure class=\"dtq-figure\">\n                    \n                    <img decoding=\"async\" class=\"dtq-swapped-img \" data-mfp-src=\"https:\/\/mixtrade.ba\/wp-content\/uploads\/2024\/02\/Kommerling-PremiDoor-76-Standard-pokrvivac-od-celika.jpg\" src=\"https:\/\/mixtrade.ba\/wp-content\/uploads\/2024\/02\/Kommerling-PremiDoor-76-Standard-pokrvivac-od-celika.jpg\"  alt=\"\"\/>\n                <\/figure> <div class=\"content content--left content--normal\"><div class=\"content-inner\"> <h3 class=\"dtq-image-title\">K\u00f6mmerling PremiDoor 76 Standard Stahlverkleidung<\/h3>  <\/div><\/div>\n\t\t\t<\/div>\n\t\t\t\t<\/div>\n\t\t\t<\/div><div class=\"ba_image_carousel_child ba_image_carousel_child_2 ba_et_pb_module\">\n\t\t\t\t\n\t\t\t\t\n\t\t\t\t\n\t\t\t\t\n\t\t\t\t\n\t\t\t\t\n\t\t\t\t<div class=\"et_pb_module_inner\">\n\t\t\t\t\t<div class=\"dtq-carousel-item dtq-image-carousel-item dtq-swapped-img-selector dtq-hover--none\">\n                 <figure class=\"dtq-figure\">\n                    \n                    <img decoding=\"async\" class=\"dtq-swapped-img \" data-mfp-src=\"\" src=\"\"  alt=\"\"\/>\n                <\/figure> \n\t\t\t<\/div>\n\t\t\t\t<\/div>\n\t\t\t<\/div><\/p>\n","protected":false},"author":6,"featured_media":0,"parent":0,"menu_order":0,"comment_status":"closed","ping_status":"closed","template":"","meta":{"_et_pb_use_builder":"on","_et_pb_old_content":"","_et_gb_content_width":"","footnotes":""},"class_list":["post-35995","page","type-page","status-publish","hentry"],"_links":{"self":[{"href":"https:\/\/mixtrade.ba\/de\/wp-json\/wp\/v2\/pages\/35995","targetHints":{"allow":["GET"]}}],"collection":[{"href":"https:\/\/mixtrade.ba\/de\/wp-json\/wp\/v2\/pages"}],"about":[{"href":"https:\/\/mixtrade.ba\/de\/wp-json\/wp\/v2\/types\/page"}],"author":[{"embeddable":true,"href":"https:\/\/mixtrade.ba\/de\/wp-json\/wp\/v2\/users\/6"}],"replies":[{"embeddable":true,"href":"https:\/\/mixtrade.ba\/de\/wp-json\/wp\/v2\/comments?post=35995"}],"version-history":[{"count":7,"href":"https:\/\/mixtrade.ba\/de\/wp-json\/wp\/v2\/pages\/35995\/revisions"}],"predecessor-version":[{"id":36138,"href":"https:\/\/mixtrade.ba\/de\/wp-json\/wp\/v2\/pages\/35995\/revisions\/36138"}],"wp:attachment":[{"href":"https:\/\/mixtrade.ba\/de\/wp-json\/wp\/v2\/media?parent=35995"}],"curies":[{"name":"wp","href":"https:\/\/api.w.org\/{rel}","templated":true}]}}