{"id":35962,"date":"2024-02-11T12:33:27","date_gmt":"2024-02-11T10:33:27","guid":{"rendered":"https:\/\/projekat-mix-trade.dugl.ba\/koemmerling-76-doppeldichtung-regel-air-76\/"},"modified":"2024-02-12T22:09:40","modified_gmt":"2024-02-12T20:09:40","slug":"koemmerling-76-doppeldichtung-regel-air-76","status":"publish","type":"page","link":"https:\/\/mixtrade.ba\/de\/koemmerling-76-doppeldichtung-regel-air-76\/","title":{"rendered":"K\u00f6mmerling 76 Doppeldichtung REGEL-air 76"},"content":{"rendered":"<p>[et_pb_section fb_built=&#8220;1&#8243; admin_label=&#8220;Feature&#8220; _builder_version=&#8220;4.24.0&#8243; background_enable_image=&#8220;off&#8220; global_colors_info=&#8220;{}&#8220;][et_pb_row _builder_version=&#8220;4.24.0&#8243; background_color=&#8220;#FFFFFF&#8220; background_size=&#8220;initial&#8220; background_position=&#8220;bottom_right&#8220; max_width=&#8220;1440px&#8220; custom_padding=&#8220;0px|0px|0|0px|false|false&#8220; border_radii=&#8220;on|7px|7px|7px|7px&#8220; locked=&#8220;off&#8220; global_colors_info=&#8220;{}&#8220;][et_pb_column type=&#8220;4_4&#8243; _builder_version=&#8220;4.24.0&#8243; background_enable_image=&#8220;off&#8220; global_colors_info=&#8220;{}&#8220; custom_padding__hover=&#8220;|||&#8220;][et_pb_text _builder_version=&#8220;4.24.0&#8243; text_font=&#8220;||||||||&#8220; text_line_height=&#8220;2em&#8220; header_text_align=&#8220;center&#8220; header_text_color=&#8220;#000000&#8243; header_2_font=&#8220;Cormorant Garamond|700|||||||&#8220; header_2_font_size=&#8220;52px&#8220; header_2_line_height=&#8220;1.2em&#8220; background_layout=&#8220;dark&#8220; max_width=&#8220;100%&#8220; custom_margin=&#8220;|||&#8220; custom_padding=&#8220;15px||||false|&#8220; hover_enabled=&#8220;0&#8243; header_2_font_size_tablet=&#8220;42px&#8220; header_2_font_size_phone=&#8220;32px&#8220; header_2_font_size_last_edited=&#8220;on|desktop&#8220; locked=&#8220;off&#8220; global_colors_info=&#8220;{}&#8220; sticky_enabled=&#8220;0&#8243;]<\/p>\n<h1>K\u00f6mmerling 76 Doppeldichtung REGEL-air 76<\/h1>\n<h2><\/h2>\n<p>[\/et_pb_text][\/et_pb_column][\/et_pb_row][et_pb_row column_structure=&#8220;2_5,3_5&#8243; _builder_version=&#8220;4.24.0&#8243; _module_preset=&#8220;default&#8220; max_width=&#8220;1440px&#8220; border_radii=&#8220;on|6px|6px|6px|6px&#8220; global_colors_info=&#8220;{}&#8220;][et_pb_column type=&#8220;2_5&#8243; _builder_version=&#8220;4.24.0&#8243; _module_preset=&#8220;default&#8220; border_radii=&#8220;on|7px|7px|7px|7px&#8220; global_colors_info=&#8220;{}&#8220;][ba_image_carousel slide_count=&#8220;1&#8243; css_transition=&#8220;ease-in&#8220; _builder_version=&#8220;4.24.0&#8243; _module_preset=&#8220;default&#8220; global_colors_info=&#8220;{}&#8220;][ba_image_carousel_child photo=&#8220;https:\/\/mixtrade.ba\/wp-content\/uploads\/2024\/02\/Kommerling-76-double-seal-REGEL-air-76.jpg&#8220; title=&#8220;K\u00f6mmerling 76 Doppeldichtung REGEL-air 76&#8243; _builder_version=&#8220;4.24.0&#8243; _module_preset=&#8220;default&#8220; global_colors_info=&#8220;{}&#8220;][\/ba_image_carousel_child][\/ba_image_carousel][\/et_pb_column][et_pb_column type=&#8220;3_5&#8243; _builder_version=&#8220;4.24.0&#8243; _module_preset=&#8220;default&#8220; global_colors_info=&#8220;{}&#8220;][et_pb_text _builder_version=&#8220;4.24.0&#8243; _module_preset=&#8220;default&#8220; hover_enabled=&#8220;0&#8243; global_colors_info=&#8220;{}&#8220; sticky_enabled=&#8220;0&#8243;]<\/p>\n<p>Es gibt viele F\u00e4lle, in denen Standardmethoden zur Bestrahlung von R\u00e4umen nicht ausreichen, beispielsweise wenn Sie zu Hause sind. Dies gilt auch f\u00fcr Ferienh\u00e4user und Wohnungen. In diesen F\u00e4llen kann mit Hilfe des K\u00f6mmerling REGEL-air 76 L\u00fcftungssystems f\u00fcr Frischluft gesorgt werden. Die Spiegelung des K\u00f6mmerling L\u00fcftungssystems ist die ideale L\u00f6sung, um auch bei geschlossenen Fenstern ein gesundes Raumklima zu haben.<\/p>\n<p>Es muss ein gesundes Gleichgewicht zwischen angemessener Rauml\u00fcftung und minimalem W\u00e4rmeverlust erreicht werden. Dadurch wird einerseits der Ausgleich der Energieverluste sichergestellt, andererseits wird die Fassade nicht besch\u00e4digt, was zum Schutz des Geb\u00e4udes geh\u00f6rt. Mit REGEL-air 76 bietet Ihnen das K\u00f6mmerling-System eine L\u00f6sung zur Bel\u00fcftung, die f\u00fcr einen regulierten Luftaustausch sorgt \u2013 und zwar automatisch, auch wenn keine aktive Bel\u00fcftung erfolgt.<\/p>\n<p>REGEL-air 76 basiert auf einer zweistufigen Luftdruckregulierung f\u00fcr ein gesundes Raumklima und l\u00e4sst sich einfach abschalten. Der neue REGEL-air 76-Beam verf\u00fcgt \u00fcber eine innovative R\u00fcckholfeder und funktioniert ohne Strom. Es kann sowohl horizontal als auch vertikal am Fenster angebracht werden. Dadurch wird einerseits f\u00fcr einen ausgeglichenen Energieverbrauch gesorgt, andererseits wird die Fassade nicht besch\u00e4digt, was zum Schutz des Geb\u00e4udes geh\u00f6rt. Mit REGEL-air 76 bietet Ihnen das K\u00f6mmerling-System eine L\u00f6sung zur Bel\u00fcftung, die f\u00fcr einen regulierten Luftaustausch sorgt \u2013 und zwar automatisch, auch wenn keine aktive Bel\u00fcftung erfolgt.<\/p>\n<p>[\/et_pb_text][\/et_pb_column][\/et_pb_row][\/et_pb_section]<\/p>\n","protected":false},"excerpt":{"rendered":"<p>K\u00f6mmerling 76 Doppeldichtung REGEL-air 76 <div class=\"et_pb_module ba_image_carousel ba_image_carousel_0\">\n\t\t\t\t\n\t\t\t\t\n\t\t\t\t\n\t\t\t\t\n\t\t\t\t\n\t\t\t\t\n\t\t\t\t<div class=\"et_pb_module_inner\">\n\t\t\t\t\t<div class=\"dtq-carousel dtq-image-carousel dtq-carousel-frontend dtq-lightbox-off\" data-settings=\"{&quot;responsive&quot;:[{&quot;breakpoint&quot;:980},{&quot;breakpoint&quot;:767}],&quot;cssEase&quot;:&quot;ease-in&quot;,&quot;swipe&quot;:true,&quot;variableWidth&quot;:false,&quot;dots&quot;:false,&quot;arrows&quot;:true,&quot;infinite&quot;:true,&quot;autoplay&quot;:true,&quot;autoplaySpeed&quot;:2000,&quot;speed&quot;:700,&quot;slidesToShow&quot;:1,&quot;slidesToScroll&quot;:1,&quot;centerPadding&quot;:&quot;70px&quot;,&quot;centerMode&quot;:false,&quot;vertical&quot;:false,&quot;prevArrow&quot;:&quot;&lt;button type=\\&quot;button\\&quot; data-icon=\\&quot;&amp;#x34;\\&quot; class=\\&quot;slick-arrow slick-prev\\&quot;&gt;Prev&lt;\\\/button&gt;&quot;,&quot;nextArrow&quot;:&quot;&lt;button type=\\&quot;button\\&quot; data-icon=\\&quot;&amp;#x35;\\&quot; class=\\&quot;slick-arrow slick-next\\&quot;&gt;Prev&lt;\\\/button&gt;&quot;}\" >\n                    <div class=\"ba_image_carousel_child ba_image_carousel_child_0 ba_et_pb_module\">\n\t\t\t\t\n\t\t\t\t\n\t\t\t\t\n\t\t\t\t\n\t\t\t\t\n\t\t\t\t\n\t\t\t\t<div class=\"et_pb_module_inner\">\n\t\t\t\t\t<div class=\"dtq-carousel-item dtq-image-carousel-item dtq-swapped-img-selector dtq-hover--none\">\n                 <figure class=\"dtq-figure\">\n                    \n                    <img decoding=\"async\" class=\"dtq-swapped-img \" data-mfp-src=\"https:\/\/mixtrade.ba\/wp-content\/uploads\/2024\/02\/Kommerling-76-double-seal-REGEL-air-76.jpg\" src=\"https:\/\/mixtrade.ba\/wp-content\/uploads\/2024\/02\/Kommerling-76-double-seal-REGEL-air-76.jpg\"  alt=\"\"\/>\n                <\/figure> <div class=\"content content--left content--normal\"><div class=\"content-inner\"> <h3 class=\"dtq-image-title\">K\u00f6mmerling 76 Doppeldichtung REGEL-air 76<\/h3>  <\/div><\/div>\n\t\t\t<\/div>\n\t\t\t\t<\/div>\n\t\t\t<\/div>\n                <\/div>\n\t\t\t\t<\/div>\n\t\t\t<\/div>Es gibt viele F\u00e4lle, in denen Standardmethoden zur Bestrahlung von R\u00e4umen nicht ausreichen, beispielsweise wenn Sie zu Hause sind. Dies gilt auch f\u00fcr Ferienh\u00e4user und Wohnungen. In diesen F\u00e4llen kann mit Hilfe des K\u00f6mmerling REGEL-air 76 [&hellip;]<\/p>\n","protected":false},"author":6,"featured_media":0,"parent":0,"menu_order":0,"comment_status":"closed","ping_status":"closed","template":"","meta":{"_et_pb_use_builder":"on","_et_pb_old_content":"","_et_gb_content_width":"","footnotes":""},"class_list":["post-35962","page","type-page","status-publish","hentry"],"_links":{"self":[{"href":"https:\/\/mixtrade.ba\/de\/wp-json\/wp\/v2\/pages\/35962","targetHints":{"allow":["GET"]}}],"collection":[{"href":"https:\/\/mixtrade.ba\/de\/wp-json\/wp\/v2\/pages"}],"about":[{"href":"https:\/\/mixtrade.ba\/de\/wp-json\/wp\/v2\/types\/page"}],"author":[{"embeddable":true,"href":"https:\/\/mixtrade.ba\/de\/wp-json\/wp\/v2\/users\/6"}],"replies":[{"embeddable":true,"href":"https:\/\/mixtrade.ba\/de\/wp-json\/wp\/v2\/comments?post=35962"}],"version-history":[{"count":2,"href":"https:\/\/mixtrade.ba\/de\/wp-json\/wp\/v2\/pages\/35962\/revisions"}],"predecessor-version":[{"id":35964,"href":"https:\/\/mixtrade.ba\/de\/wp-json\/wp\/v2\/pages\/35962\/revisions\/35964"}],"wp:attachment":[{"href":"https:\/\/mixtrade.ba\/de\/wp-json\/wp\/v2\/media?parent=35962"}],"curies":[{"name":"wp","href":"https:\/\/api.w.org\/{rel}","templated":true}]}}