{"id":35950,"date":"2024-02-11T12:27:22","date_gmt":"2024-02-11T10:27:22","guid":{"rendered":"https:\/\/projekat-mix-trade.dugl.ba\/koemmerling-76-doppeldichtung-addon\/"},"modified":"2024-02-12T22:08:03","modified_gmt":"2024-02-12T20:08:03","slug":"koemmerling-76-doppeldichtung-addon","status":"publish","type":"page","link":"https:\/\/mixtrade.ba\/de\/koemmerling-76-doppeldichtung-addon\/","title":{"rendered":"K\u00f6mmerling 76 Doppeldichtung AddOn"},"content":{"rendered":"<p>[et_pb_section fb_built=&#8220;1&#8243; admin_label=&#8220;Feature&#8220; _builder_version=&#8220;4.24.0&#8243; background_enable_image=&#8220;off&#8220; global_colors_info=&#8220;{}&#8220;][et_pb_row _builder_version=&#8220;4.24.0&#8243; background_color=&#8220;#FFFFFF&#8220; background_size=&#8220;initial&#8220; background_position=&#8220;bottom_right&#8220; max_width=&#8220;1440px&#8220; custom_padding=&#8220;0px|0px|0|0px|false|false&#8220; border_radii=&#8220;on|7px|7px|7px|7px&#8220; locked=&#8220;off&#8220; global_colors_info=&#8220;{}&#8220;][et_pb_column type=&#8220;4_4&#8243; _builder_version=&#8220;4.24.0&#8243; background_enable_image=&#8220;off&#8220; global_colors_info=&#8220;{}&#8220; custom_padding__hover=&#8220;|||&#8220;][et_pb_text _builder_version=&#8220;4.24.0&#8243; text_font=&#8220;||||||||&#8220; text_line_height=&#8220;2em&#8220; header_text_align=&#8220;center&#8220; header_text_color=&#8220;#000000&#8243; header_2_font=&#8220;Cormorant Garamond|700|||||||&#8220; header_2_font_size=&#8220;52px&#8220; header_2_line_height=&#8220;1.2em&#8220; background_layout=&#8220;dark&#8220; max_width=&#8220;100%&#8220; custom_margin=&#8220;|||&#8220; custom_padding=&#8220;15px||||false|&#8220; hover_enabled=&#8220;0&#8243; header_2_font_size_tablet=&#8220;42px&#8220; header_2_font_size_phone=&#8220;32px&#8220; header_2_font_size_last_edited=&#8220;on|desktop&#8220; locked=&#8220;off&#8220; global_colors_info=&#8220;{}&#8220; sticky_enabled=&#8220;0&#8243;]<\/p>\n<h1>K\u00f6mmerling 76 Doppeldichtung AddOn<\/h1>\n<h2><\/h2>\n<p>[\/et_pb_text][\/et_pb_column][\/et_pb_row][et_pb_row column_structure=&#8220;2_5,3_5&#8243; _builder_version=&#8220;4.24.0&#8243; _module_preset=&#8220;default&#8220; max_width=&#8220;1440px&#8220; border_radii=&#8220;on|6px|6px|6px|6px&#8220; global_colors_info=&#8220;{}&#8220;][et_pb_column type=&#8220;2_5&#8243; _builder_version=&#8220;4.24.0&#8243; _module_preset=&#8220;default&#8220; border_radii=&#8220;on|7px|7px|7px|7px&#8220; global_colors_info=&#8220;{}&#8220;][ba_image_carousel slide_count=&#8220;1&#8243; css_transition=&#8220;ease-in&#8220; _builder_version=&#8220;4.24.0&#8243; _module_preset=&#8220;default&#8220; global_colors_info=&#8220;{}&#8220;][ba_image_carousel_child photo=&#8220;https:\/\/mixtrade.ba\/wp-content\/uploads\/2024\/02\/Kommerling-76-double-seal-AddOn.jpg&#8220; title=&#8220;K\u00f6mmerling 76 Doppeldichtung AddOn&#8220; _builder_version=&#8220;4.24.0&#8243; _module_preset=&#8220;default&#8220; global_colors_info=&#8220;{}&#8220;][\/ba_image_carousel_child][\/ba_image_carousel][\/et_pb_column][et_pb_column type=&#8220;3_5&#8243; _builder_version=&#8220;4.24.0&#8243; _module_preset=&#8220;default&#8220; global_colors_info=&#8220;{}&#8220;][et_pb_text _builder_version=&#8220;4.24.0&#8243; _module_preset=&#8220;default&#8220; hover_enabled=&#8220;0&#8243; global_colors_info=&#8220;{}&#8220; sticky_enabled=&#8220;0&#8243;]<\/p>\n<p>Das PVC-Fenstersystem mit dem innovativen Doppelfl\u00fcgelsystem \u2013 K\u00f6mmerling 76 AddOn \u00fcberzeugt nicht nur durch sein modernes Design, sondern auch durch einen optimal integrierten Sicht- und Sonnenschutz. Zus\u00e4tzliches Glas sorgt f\u00fcr verbesserte W\u00e4rme- und Schalld\u00e4mmwerte. Das AddOn kann auf das Fenstersystem Kommerling 76 AD mit Alu-Verkleidung \u201eAluClip\u201c angewendet werden. <\/p>\n<p>Sonnen- und Sichtschutz sorgen f\u00fcr ein angenehmes Raumgef\u00fchl \u2013 und zwei Glasebenen bieten zus\u00e4tzlichen Schutz vor allen m\u00f6glichen Witterungseinfl\u00fcssen. Sie k\u00f6nnen es manuell oder elektrisch einschalten. Der Alu-AddOn-Fl\u00fcgel ist einzeln mit dem Fenster oder separat zum Nachr\u00fcsten erh\u00e4ltlich. <\/p>\n<p>Und so erh\u00f6ht dieses System Ihre Lebensqualit\u00e4t, spart Energiekosten und reduziert kontinuierlich den CO <sub>2<\/sub> -Aussto\u00df.<\/p>\n<p>Auch in \u00f6kologischer Hinsicht ist dieses System vorbildlich: Weltweit ist die Marke Kommerling der erste bedeutende Profilproduzent, der neben Recyclingmaterial ausschlie\u00dflich bleifreies PVC mit \u201egr\u00fcnen\u201c Stabilisatoren auf Basis von Kalzium und Zink im Fensterkunststoff verwendet . Dies gibt dem Anwender von Kommerling-Produkten die Sicherheit, umweltvertr\u00e4glich zu handeln.<\/p>\n<p>[\/et_pb_text][\/et_pb_column][\/et_pb_row][\/et_pb_section]<\/p>\n","protected":false},"excerpt":{"rendered":"<p>K\u00f6mmerling 76 Doppeldichtung AddOn <div class=\"et_pb_module ba_image_carousel ba_image_carousel_0\">\n\t\t\t\t\n\t\t\t\t\n\t\t\t\t\n\t\t\t\t\n\t\t\t\t\n\t\t\t\t\n\t\t\t\t<div class=\"et_pb_module_inner\">\n\t\t\t\t\t<div class=\"dtq-carousel dtq-image-carousel dtq-carousel-frontend dtq-lightbox-off\" data-settings=\"{&quot;responsive&quot;:[{&quot;breakpoint&quot;:980},{&quot;breakpoint&quot;:767}],&quot;cssEase&quot;:&quot;ease-in&quot;,&quot;swipe&quot;:true,&quot;variableWidth&quot;:false,&quot;dots&quot;:false,&quot;arrows&quot;:true,&quot;infinite&quot;:true,&quot;autoplay&quot;:true,&quot;autoplaySpeed&quot;:2000,&quot;speed&quot;:700,&quot;slidesToShow&quot;:1,&quot;slidesToScroll&quot;:1,&quot;centerPadding&quot;:&quot;70px&quot;,&quot;centerMode&quot;:false,&quot;vertical&quot;:false,&quot;prevArrow&quot;:&quot;&lt;button type=\\&quot;button\\&quot; data-icon=\\&quot;&amp;#x34;\\&quot; class=\\&quot;slick-arrow slick-prev\\&quot;&gt;Prev&lt;\\\/button&gt;&quot;,&quot;nextArrow&quot;:&quot;&lt;button type=\\&quot;button\\&quot; data-icon=\\&quot;&amp;#x35;\\&quot; class=\\&quot;slick-arrow slick-next\\&quot;&gt;Prev&lt;\\\/button&gt;&quot;}\" >\n                    <div class=\"ba_image_carousel_child ba_image_carousel_child_0 ba_et_pb_module\">\n\t\t\t\t\n\t\t\t\t\n\t\t\t\t\n\t\t\t\t\n\t\t\t\t\n\t\t\t\t\n\t\t\t\t<div class=\"et_pb_module_inner\">\n\t\t\t\t\t<div class=\"dtq-carousel-item dtq-image-carousel-item dtq-swapped-img-selector dtq-hover--none\">\n                 <figure class=\"dtq-figure\">\n                    \n                    <img decoding=\"async\" class=\"dtq-swapped-img \" data-mfp-src=\"https:\/\/mixtrade.ba\/wp-content\/uploads\/2024\/02\/Kommerling-76-double-seal-AddOn.jpg\" src=\"https:\/\/mixtrade.ba\/wp-content\/uploads\/2024\/02\/Kommerling-76-double-seal-AddOn.jpg\"  alt=\"\"\/>\n                <\/figure> <div class=\"content content--left content--normal\"><div class=\"content-inner\"> <h3 class=\"dtq-image-title\">K\u00f6mmerling 76 Doppeldichtung AddOn<\/h3>  <\/div><\/div>\n\t\t\t<\/div>\n\t\t\t\t<\/div>\n\t\t\t<\/div>\n                <\/div>\n\t\t\t\t<\/div>\n\t\t\t<\/div>Das PVC-Fenstersystem mit dem innovativen Doppelfl\u00fcgelsystem \u2013 K\u00f6mmerling 76 AddOn \u00fcberzeugt nicht nur durch sein modernes Design, sondern auch durch einen optimal integrierten Sicht- und Sonnenschutz. Zus\u00e4tzliches Glas sorgt f\u00fcr verbesserte W\u00e4rme- und Schalld\u00e4mmwerte. Das AddOn kann auf [&hellip;]<\/p>\n","protected":false},"author":6,"featured_media":0,"parent":0,"menu_order":0,"comment_status":"closed","ping_status":"closed","template":"","meta":{"_et_pb_use_builder":"on","_et_pb_old_content":"","_et_gb_content_width":"","footnotes":""},"class_list":["post-35950","page","type-page","status-publish","hentry"],"_links":{"self":[{"href":"https:\/\/mixtrade.ba\/de\/wp-json\/wp\/v2\/pages\/35950","targetHints":{"allow":["GET"]}}],"collection":[{"href":"https:\/\/mixtrade.ba\/de\/wp-json\/wp\/v2\/pages"}],"about":[{"href":"https:\/\/mixtrade.ba\/de\/wp-json\/wp\/v2\/types\/page"}],"author":[{"embeddable":true,"href":"https:\/\/mixtrade.ba\/de\/wp-json\/wp\/v2\/users\/6"}],"replies":[{"embeddable":true,"href":"https:\/\/mixtrade.ba\/de\/wp-json\/wp\/v2\/comments?post=35950"}],"version-history":[{"count":2,"href":"https:\/\/mixtrade.ba\/de\/wp-json\/wp\/v2\/pages\/35950\/revisions"}],"predecessor-version":[{"id":35952,"href":"https:\/\/mixtrade.ba\/de\/wp-json\/wp\/v2\/pages\/35950\/revisions\/35952"}],"wp:attachment":[{"href":"https:\/\/mixtrade.ba\/de\/wp-json\/wp\/v2\/media?parent=35950"}],"curies":[{"name":"wp","href":"https:\/\/api.w.org\/{rel}","templated":true}]}}