{"id":35938,"date":"2024-02-08T12:50:33","date_gmt":"2024-02-08T10:50:33","guid":{"rendered":"https:\/\/projekat-mix-trade.dugl.ba\/schiebesysteme\/"},"modified":"2024-02-12T22:06:31","modified_gmt":"2024-02-12T20:06:31","slug":"schiebesysteme","status":"publish","type":"page","link":"https:\/\/mixtrade.ba\/de\/schiebesysteme\/","title":{"rendered":"Schiebesysteme"},"content":{"rendered":"<p>[et_pb_section fb_built=&#8220;1&#8243; admin_label=&#8220;Feature&#8220; _builder_version=&#8220;4.24.0&#8243; background_enable_image=&#8220;off&#8220; global_colors_info=&#8220;{}&#8220;][et_pb_row _builder_version=&#8220;4.24.0&#8243; background_color=&#8220;#FFFFFF&#8220; background_size=&#8220;initial&#8220; background_position=&#8220;bottom_right&#8220; max_width=&#8220;1440px&#8220; custom_padding=&#8220;0px|0px|0|0px|false|false&#8220; border_radii=&#8220;on|7px|7px|7px|7px&#8220; locked=&#8220;off&#8220; global_colors_info=&#8220;{}&#8220;][et_pb_column type=&#8220;4_4&#8243; _builder_version=&#8220;4.24.0&#8243; background_enable_image=&#8220;off&#8220; global_colors_info=&#8220;{}&#8220; custom_padding__hover=&#8220;|||&#8220;][et_pb_text _builder_version=&#8220;4.24.0&#8243; text_font=&#8220;||||||||&#8220; text_line_height=&#8220;2em&#8220; header_text_align=&#8220;center&#8220; header_text_color=&#8220;#000000&#8243; header_2_font=&#8220;Cormorant Garamond|700|||||||&#8220; header_2_font_size=&#8220;52px&#8220; header_2_line_height=&#8220;1.2em&#8220; background_layout=&#8220;dark&#8220; max_width=&#8220;100%&#8220; custom_margin=&#8220;|||&#8220; custom_padding=&#8220;15px||||false|&#8220; header_2_font_size_tablet=&#8220;42px&#8220; header_2_font_size_phone=&#8220;32px&#8220; header_2_font_size_last_edited=&#8220;on|desktop&#8220; locked=&#8220;off&#8220; global_colors_info=&#8220;{}&#8220;]<\/p>\n<h1 style=\"text-align: center;\">Schiebesysteme<\/h1>\n<h2><\/h2>\n<p>[\/et_pb_text][\/et_pb_column][\/et_pb_row][et_pb_row column_structure=&#8220;1_2,1_2&#8243; _builder_version=&#8220;4.24.0&#8243; _module_preset=&#8220;default&#8220; max_width=&#8220;1440px&#8220; border_radii=&#8220;on|6px|6px|6px|6px&#8220; global_colors_info=&#8220;{}&#8220;][et_pb_column type=&#8220;1_2&#8243; _builder_version=&#8220;4.24.0&#8243; _module_preset=&#8220;default&#8220; border_radii=&#8220;on|7px|7px|7px|7px&#8220; global_colors_info=&#8220;{}&#8220;][et_pb_blurb title=&#8220;PremiLine&#8220; image=&#8220;https:\/\/mixtrade.ba\/wp-content\/uploads\/2024\/02\/PremiLine.jpg&#8220; _builder_version=&#8220;4.24.0&#8243; _module_preset=&#8220;default&#8220; global_colors_info=&#8220;{}&#8220;]<\/p>\n<p><span>PremiLine Schiebefenster und Schiebet\u00fcren k\u00f6nnen in zweiteiliger, dreiteiliger oder vierteiliger Ausf\u00fchrung angeboten werden. Dar\u00fcber hinaus stehen Rahmenbefestigungen f\u00fcr verschiedene Einbaubedingungen zur Verf\u00fcgung.<\/span><\/p>\n<p><a href=\"https:\/\/mixtrade.ba\/de\/schiebesystem-premiline\/\"> <span>\u27a1<\/span> PremiLine-Schiebesystem<\/a><\/p>\n<p>[\/et_pb_blurb][\/et_pb_column][et_pb_column type=&#8220;1_2&#8243; _builder_version=&#8220;4.24.0&#8243; _module_preset=&#8220;default&#8220; global_colors_info=&#8220;{}&#8220;][et_pb_blurb title=&#8220;PremiSlide 76&#8243; image=&#8220;https:\/\/mixtrade.ba\/wp-content\/uploads\/2024\/02\/PremiSlide-76.jpg&#8220; _builder_version=&#8220;4.24.0&#8243; _module_preset=&#8220;default&#8220; hover_enabled=&#8220;0&#8243; locked=&#8220;off&#8220; global_colors_info=&#8220;{}&#8220; sticky_enabled=&#8220;0&#8243;]<\/p>\n<p><span>PremiSlide 76 bietet v\u00f6llig neue M\u00f6glichkeiten zur Integration von Schiebefenstern und -t\u00fcren in die Fassade mit hervorragenden technischen Eigenschaften.<\/span><\/p>\n<p><a href=\"https:\/\/mixtrade.ba\/de\/koemmerling-premislide-76\/\"><span> \u27a1 Standard<\/span><\/a><\/p>\n<p><a href=\"https:\/\/mixtrade.ba\/de\/koemmerling-premislide-76-aluclip\/\"><span> \u27a1 AluClip<\/span><\/a><\/p>\n<p>[\/et_pb_blurb][\/et_pb_column][\/et_pb_row][\/et_pb_section]<\/p>\n","protected":false},"excerpt":{"rendered":"<p>Schiebesysteme PremiLine Schiebefenster und Schiebet\u00fcren k\u00f6nnen in zweiteiliger, dreiteiliger oder vierteiliger Ausf\u00fchrung angeboten werden. Dar\u00fcber hinaus stehen Rahmenbefestigungen f\u00fcr verschiedene Einbaubedingungen zur Verf\u00fcgung. \u27a1 PremiLine-SchiebesystemPremiSlide 76 bietet v\u00f6llig neue M\u00f6glichkeiten zur Integration von Schiebefenstern und -t\u00fcren in die Fassade mit hervorragenden technischen Eigenschaften. \u27a1 Standard \u27a1 AluClip<\/p>\n","protected":false},"author":6,"featured_media":0,"parent":0,"menu_order":0,"comment_status":"closed","ping_status":"closed","template":"","meta":{"_et_pb_use_builder":"on","_et_pb_old_content":"","_et_gb_content_width":"","footnotes":""},"class_list":["post-35938","page","type-page","status-publish","hentry"],"_links":{"self":[{"href":"https:\/\/mixtrade.ba\/de\/wp-json\/wp\/v2\/pages\/35938","targetHints":{"allow":["GET"]}}],"collection":[{"href":"https:\/\/mixtrade.ba\/de\/wp-json\/wp\/v2\/pages"}],"about":[{"href":"https:\/\/mixtrade.ba\/de\/wp-json\/wp\/v2\/types\/page"}],"author":[{"embeddable":true,"href":"https:\/\/mixtrade.ba\/de\/wp-json\/wp\/v2\/users\/6"}],"replies":[{"embeddable":true,"href":"https:\/\/mixtrade.ba\/de\/wp-json\/wp\/v2\/comments?post=35938"}],"version-history":[{"count":5,"href":"https:\/\/mixtrade.ba\/de\/wp-json\/wp\/v2\/pages\/35938\/revisions"}],"predecessor-version":[{"id":35943,"href":"https:\/\/mixtrade.ba\/de\/wp-json\/wp\/v2\/pages\/35938\/revisions\/35943"}],"wp:attachment":[{"href":"https:\/\/mixtrade.ba\/de\/wp-json\/wp\/v2\/media?parent=35938"}],"curies":[{"name":"wp","href":"https:\/\/api.w.org\/{rel}","templated":true}]}}